{"id":113,"date":"2023-10-06T15:19:59","date_gmt":"2023-10-06T13:19:59","guid":{"rendered":"https:\/\/janhonig.com\/?page_id=113"},"modified":"2023-12-04T15:49:45","modified_gmt":"2023-12-04T14:49:45","slug":"o-mne","status":"publish","type":"page","link":"https:\/\/janhonig.com\/index.php\/o-mne\/","title":{"rendered":"O mn\u011b"},"content":{"rendered":"\t\t<div data-elementor-type=\"wp-page\" data-elementor-id=\"113\" class=\"elementor elementor-113\" data-elementor-post-type=\"page\">\n\t\t\t\t\t\t\t<div class=\"elementor-element elementor-element-0e851ff e-flex e-con-boxed e-con e-parent\" data-id=\"0e851ff\" data-element_type=\"container\" data-settings=\"{&quot;background_background&quot;:&quot;classic&quot;,&quot;container_type&quot;:&quot;flex&quot;,&quot;content_width&quot;:&quot;boxed&quot;}\" data-core-v316-plus=\"true\">\n\t\t\t\t\t<div class=\"e-con-inner\">\n\t\t\t\t<div class=\"elementor-element elementor-element-a4a8297 elementor-widget elementor-widget-heading\" data-id=\"a4a8297\" data-element_type=\"widget\" data-widget_type=\"heading.default\">\n\t\t\t\t<div class=\"elementor-widget-container\">\n\t\t\t<style>\/*! elementor - v3.16.0 - 20-09-2023 *\/\n.elementor-heading-title{padding:0;margin:0;line-height:1}.elementor-widget-heading .elementor-heading-title[class*=elementor-size-]>a{color:inherit;font-size:inherit;line-height:inherit}.elementor-widget-heading .elementor-heading-title.elementor-size-small{font-size:15px}.elementor-widget-heading .elementor-heading-title.elementor-size-medium{font-size:19px}.elementor-widget-heading .elementor-heading-title.elementor-size-large{font-size:29px}.elementor-widget-heading .elementor-heading-title.elementor-size-xl{font-size:39px}.elementor-widget-heading .elementor-heading-title.elementor-size-xxl{font-size:59px}<\/style><h1 class=\"elementor-heading-title elementor-size-default\">O Mn\u011b<\/h1>\t\t<\/div>\n\t\t\t\t<\/div>\n\t\t\t\t\t<\/div>\n\t\t\t\t<\/div>\n\t\t<div class=\"elementor-element elementor-element-53f5872 e-flex e-con-boxed e-con e-parent\" data-id=\"53f5872\" data-element_type=\"container\" data-settings=\"{&quot;background_background&quot;:&quot;classic&quot;,&quot;container_type&quot;:&quot;flex&quot;,&quot;content_width&quot;:&quot;boxed&quot;}\" data-core-v316-plus=\"true\">\n\t\t\t\t\t<div class=\"e-con-inner\">\n\t\t<div class=\"elementor-element elementor-element-c34dfac e-flex e-con-boxed e-con e-child\" data-id=\"c34dfac\" data-element_type=\"container\" data-settings=\"{&quot;container_type&quot;:&quot;flex&quot;,&quot;content_width&quot;:&quot;boxed&quot;}\">\n\t\t\t\t\t<div class=\"e-con-inner\">\n\t\t<div class=\"elementor-element elementor-element-4b6fdfb e-flex e-con-boxed e-con e-child\" data-id=\"4b6fdfb\" data-element_type=\"container\" data-settings=\"{&quot;container_type&quot;:&quot;flex&quot;,&quot;content_width&quot;:&quot;boxed&quot;}\">\n\t\t\t\t\t<div class=\"e-con-inner\">\n\t\t<div class=\"elementor-element elementor-element-24eef15 e-flex e-con-boxed e-con e-child\" data-id=\"24eef15\" data-element_type=\"container\" data-settings=\"{&quot;container_type&quot;:&quot;flex&quot;,&quot;content_width&quot;:&quot;boxed&quot;}\">\n\t\t\t\t\t<div class=\"e-con-inner\">\n\t\t\t\t<div class=\"elementor-element elementor-element-13e8b4f elementor-widget elementor-widget-heading\" data-id=\"13e8b4f\" data-element_type=\"widget\" data-widget_type=\"heading.default\">\n\t\t\t\t<div class=\"elementor-widget-container\">\n\t\t\t<h2 class=\"elementor-heading-title elementor-size-default\">KDO JSEM<\/h2>\t\t<\/div>\n\t\t\t\t<\/div>\n\t\t\t\t<div class=\"elementor-element elementor-element-445bfce elementor-widget elementor-widget-heading\" data-id=\"445bfce\" data-element_type=\"widget\" data-widget_type=\"heading.default\">\n\t\t\t\t<div class=\"elementor-widget-container\">\n\t\t\t<h2 class=\"elementor-heading-title elementor-size-default\">Zdrav\u00edm V\u00e1s, Jmenuji Se Jan Honig<\/h2>\t\t<\/div>\n\t\t\t\t<\/div>\n\t\t\t\t<div class=\"elementor-element elementor-element-24e566e elementor-widget elementor-widget-text-editor\" data-id=\"24e566e\" data-element_type=\"widget\" data-widget_type=\"text-editor.default\">\n\t\t\t\t<div class=\"elementor-widget-container\">\n\t\t\t<style>\/*! elementor - v3.16.0 - 20-09-2023 *\/\n.elementor-widget-text-editor.elementor-drop-cap-view-stacked .elementor-drop-cap{background-color:#69727d;color:#fff}.elementor-widget-text-editor.elementor-drop-cap-view-framed .elementor-drop-cap{color:#69727d;border:3px solid;background-color:transparent}.elementor-widget-text-editor:not(.elementor-drop-cap-view-default) .elementor-drop-cap{margin-top:8px}.elementor-widget-text-editor:not(.elementor-drop-cap-view-default) .elementor-drop-cap-letter{width:1em;height:1em}.elementor-widget-text-editor .elementor-drop-cap{float:left;text-align:center;line-height:1;font-size:50px}.elementor-widget-text-editor .elementor-drop-cap-letter{display:inline-block}<\/style>\t\t\t\t<p>Zdrav\u00edm ka\u017ed\u00e9ho z V\u00e1s, kter\u00fd se dostal a\u017e sem a projevil z\u00e1jem o m\u00e9 slu\u017eby, jmenuji se Jan Honig a pracuji pro V\u00e1s jako konzultant,<br \/>terapeut, duchovn\u00ed poradce, kart\u00e1\u0159, p\u0159\u00edrodn\u00ed a energetick\u00fd l\u00e9\u010ditel, m\u00e1g a kou\u010d seberozvoje.<\/p><p>Z minulosti m\u011b m\u016f\u017eete zn\u00e1t z pravideln\u00fdch interaktivn\u00edch<br \/>ezoterick\u00fdch relac\u00ed na\u00a0 EZO.TV \u2013 TV BARRANDOV, TV MARK\u00cdZA \u010di TV OSEM.<\/p><p>Sv\u016fj dosavadn\u00ed profesn\u00ed \u017eivot jsem zasv\u011btil pr\u00e1ci a pomoci<br \/>V\u00e1m v\u0161em, kte\u0159\u00ed hledaj\u00ed odpov\u011bdi na sv\u00e9 ot\u00e1zky, t\u00e1paj\u00ed na k\u0159i\u017eovatk\u00e1ch \u017eivota, tr\u00e1p\u00ed se, \u0159e\u0161\u00ed zdravotn\u00ed \u010di osobn\u00ed probl\u00e9my a nev\u00ed si rady.<\/p><p>V r\u00e1mci vzd\u011bl\u00e1n\u00ed na akademick\u00e9 \u00farovni jsem si jako<br \/>st\u0159edo\u0161kolsk\u00e9 vzd\u011bl\u00e1n\u00ed vybral obor ZDRAVOTNICK\u00c9<br \/>LYCEUM (komplexn\u00ed st\u0159edo\u0161kolsk\u00e9 vzd\u011bl\u00e1n\u00ed v oboru<br \/>zdravotnictv\u00ed), v r\u00e1mci vysoko\u0161kolsk\u00e9ho vzd\u011bl\u00e1n\u00ed pot\u00e9<br \/>vedly m\u00e9 kroky k oboru PR\u00c1VO se specializac\u00ed na<br \/>PODNIK\u00c1N\u00cd a PODNIKOV\u00dd MANAGEMENT.<\/p>\t\t\t\t\t\t<\/div>\n\t\t\t\t<\/div>\n\t\t\t\t<div class=\"elementor-element elementor-element-648c64a elementor-align-center elementor-widget elementor-widget-button\" data-id=\"648c64a\" data-element_type=\"widget\" data-widget_type=\"button.default\">\n\t\t\t\t<div class=\"elementor-widget-container\">\n\t\t\t\t\t<div class=\"elementor-button-wrapper\">\n\t\t\t<a class=\"elementor-button elementor-button-link elementor-size-sm\" href=\"https:\/\/janhonig.com\/index.php\/kontakt\/\">\n\t\t\t\t\t\t<span class=\"elementor-button-content-wrapper\">\n\t\t\t\t\t\t<span class=\"elementor-button-text\">Kontaktujte m\u011b<\/span>\n\t\t<\/span>\n\t\t\t\t\t<\/a>\n\t\t<\/div>\n\t\t\t\t<\/div>\n\t\t\t\t<\/div>\n\t\t\t\t<div class=\"elementor-element elementor-element-09b606f elementor-shape-rounded elementor-grid-0 e-grid-align-center elementor-widget elementor-widget-social-icons\" data-id=\"09b606f\" data-element_type=\"widget\" data-widget_type=\"social-icons.default\">\n\t\t\t\t<div class=\"elementor-widget-container\">\n\t\t\t<style>\/*! elementor - v3.16.0 - 20-09-2023 *\/\n.elementor-widget-social-icons.elementor-grid-0 .elementor-widget-container,.elementor-widget-social-icons.elementor-grid-mobile-0 .elementor-widget-container,.elementor-widget-social-icons.elementor-grid-tablet-0 .elementor-widget-container{line-height:1;font-size:0}.elementor-widget-social-icons:not(.elementor-grid-0):not(.elementor-grid-tablet-0):not(.elementor-grid-mobile-0) .elementor-grid{display:inline-grid}.elementor-widget-social-icons .elementor-grid{grid-column-gap:var(--grid-column-gap,5px);grid-row-gap:var(--grid-row-gap,5px);grid-template-columns:var(--grid-template-columns);justify-content:var(--justify-content,center);justify-items:var(--justify-content,center)}.elementor-icon.elementor-social-icon{font-size:var(--icon-size,25px);line-height:var(--icon-size,25px);width:calc(var(--icon-size, 25px) + (2 * var(--icon-padding, .5em)));height:calc(var(--icon-size, 25px) + (2 * var(--icon-padding, .5em)))}.elementor-social-icon{--e-social-icon-icon-color:#fff;display:inline-flex;background-color:#69727d;align-items:center;justify-content:center;text-align:center;cursor:pointer}.elementor-social-icon i{color:var(--e-social-icon-icon-color)}.elementor-social-icon svg{fill:var(--e-social-icon-icon-color)}.elementor-social-icon:last-child{margin:0}.elementor-social-icon:hover{opacity:.9;color:#fff}.elementor-social-icon-android{background-color:#a4c639}.elementor-social-icon-apple{background-color:#999}.elementor-social-icon-behance{background-color:#1769ff}.elementor-social-icon-bitbucket{background-color:#205081}.elementor-social-icon-codepen{background-color:#000}.elementor-social-icon-delicious{background-color:#39f}.elementor-social-icon-deviantart{background-color:#05cc47}.elementor-social-icon-digg{background-color:#005be2}.elementor-social-icon-dribbble{background-color:#ea4c89}.elementor-social-icon-elementor{background-color:#d30c5c}.elementor-social-icon-envelope{background-color:#ea4335}.elementor-social-icon-facebook,.elementor-social-icon-facebook-f{background-color:#3b5998}.elementor-social-icon-flickr{background-color:#0063dc}.elementor-social-icon-foursquare{background-color:#2d5be3}.elementor-social-icon-free-code-camp,.elementor-social-icon-freecodecamp{background-color:#006400}.elementor-social-icon-github{background-color:#333}.elementor-social-icon-gitlab{background-color:#e24329}.elementor-social-icon-globe{background-color:#69727d}.elementor-social-icon-google-plus,.elementor-social-icon-google-plus-g{background-color:#dd4b39}.elementor-social-icon-houzz{background-color:#7ac142}.elementor-social-icon-instagram{background-color:#262626}.elementor-social-icon-jsfiddle{background-color:#487aa2}.elementor-social-icon-link{background-color:#818a91}.elementor-social-icon-linkedin,.elementor-social-icon-linkedin-in{background-color:#0077b5}.elementor-social-icon-medium{background-color:#00ab6b}.elementor-social-icon-meetup{background-color:#ec1c40}.elementor-social-icon-mixcloud{background-color:#273a4b}.elementor-social-icon-odnoklassniki{background-color:#f4731c}.elementor-social-icon-pinterest{background-color:#bd081c}.elementor-social-icon-product-hunt{background-color:#da552f}.elementor-social-icon-reddit{background-color:#ff4500}.elementor-social-icon-rss{background-color:#f26522}.elementor-social-icon-shopping-cart{background-color:#4caf50}.elementor-social-icon-skype{background-color:#00aff0}.elementor-social-icon-slideshare{background-color:#0077b5}.elementor-social-icon-snapchat{background-color:#fffc00}.elementor-social-icon-soundcloud{background-color:#f80}.elementor-social-icon-spotify{background-color:#2ebd59}.elementor-social-icon-stack-overflow{background-color:#fe7a15}.elementor-social-icon-steam{background-color:#00adee}.elementor-social-icon-stumbleupon{background-color:#eb4924}.elementor-social-icon-telegram{background-color:#2ca5e0}.elementor-social-icon-thumb-tack{background-color:#1aa1d8}.elementor-social-icon-tripadvisor{background-color:#589442}.elementor-social-icon-tumblr{background-color:#35465c}.elementor-social-icon-twitch{background-color:#6441a5}.elementor-social-icon-twitter{background-color:#1da1f2}.elementor-social-icon-viber{background-color:#665cac}.elementor-social-icon-vimeo{background-color:#1ab7ea}.elementor-social-icon-vk{background-color:#45668e}.elementor-social-icon-weibo{background-color:#dd2430}.elementor-social-icon-weixin{background-color:#31a918}.elementor-social-icon-whatsapp{background-color:#25d366}.elementor-social-icon-wordpress{background-color:#21759b}.elementor-social-icon-xing{background-color:#026466}.elementor-social-icon-yelp{background-color:#af0606}.elementor-social-icon-youtube{background-color:#cd201f}.elementor-social-icon-500px{background-color:#0099e5}.elementor-shape-rounded .elementor-icon.elementor-social-icon{border-radius:10%}.elementor-shape-circle .elementor-icon.elementor-social-icon{border-radius:50%}<\/style>\t\t<div class=\"elementor-social-icons-wrapper elementor-grid\">\n\t\t\t\t\t\t\t<span class=\"elementor-grid-item\">\n\t\t\t\t\t<a class=\"elementor-icon elementor-social-icon elementor-social-icon-facebook-f elementor-repeater-item-bc9076b\" target=\"_blank\">\n\t\t\t\t\t\t<span class=\"elementor-screen-only\">Facebook-f<\/span>\n\t\t\t\t\t\t<i class=\"fab fa-facebook-f\"><\/i>\t\t\t\t\t<\/a>\n\t\t\t\t<\/span>\n\t\t\t\t\t\t\t<span class=\"elementor-grid-item\">\n\t\t\t\t\t<a class=\"elementor-icon elementor-social-icon elementor-social-icon-instagram elementor-repeater-item-0a50a4b\" target=\"_blank\">\n\t\t\t\t\t\t<span class=\"elementor-screen-only\">Instagram<\/span>\n\t\t\t\t\t\t<i class=\"fab fa-instagram\"><\/i>\t\t\t\t\t<\/a>\n\t\t\t\t<\/span>\n\t\t\t\t\t\t\t<span class=\"elementor-grid-item\">\n\t\t\t\t\t<a class=\"elementor-icon elementor-social-icon elementor-social-icon-whatsapp elementor-repeater-item-6fbb320\" target=\"_blank\">\n\t\t\t\t\t\t<span class=\"elementor-screen-only\">Whatsapp<\/span>\n\t\t\t\t\t\t<i class=\"fab fa-whatsapp\"><\/i>\t\t\t\t\t<\/a>\n\t\t\t\t<\/span>\n\t\t\t\t\t\t\t<span class=\"elementor-grid-item\">\n\t\t\t\t\t<a class=\"elementor-icon elementor-social-icon elementor-social-icon-youtube elementor-repeater-item-56b5484\" target=\"_blank\">\n\t\t\t\t\t\t<span class=\"elementor-screen-only\">Youtube<\/span>\n\t\t\t\t\t\t<i class=\"fab fa-youtube\"><\/i>\t\t\t\t\t<\/a>\n\t\t\t\t<\/span>\n\t\t\t\t\t<\/div>\n\t\t\t\t<\/div>\n\t\t\t\t<\/div>\n\t\t\t\t\t<\/div>\n\t\t\t\t<\/div>\n\t\t<div class=\"elementor-element elementor-element-c459655 e-flex e-con-boxed e-con e-child\" data-id=\"c459655\" data-element_type=\"container\" data-settings=\"{&quot;container_type&quot;:&quot;flex&quot;,&quot;content_width&quot;:&quot;boxed&quot;}\">\n\t\t\t\t\t<div class=\"e-con-inner\">\n\t\t\t\t<div class=\"elementor-element elementor-element-52efef3 elementor-widget elementor-widget-image\" data-id=\"52efef3\" data-element_type=\"widget\" data-widget_type=\"image.default\">\n\t\t\t\t<div class=\"elementor-widget-container\">\n\t\t\t<style>\/*! elementor - v3.16.0 - 20-09-2023 *\/\n.elementor-widget-image{text-align:center}.elementor-widget-image a{display:inline-block}.elementor-widget-image a img[src$=\".svg\"]{width:48px}.elementor-widget-image img{vertical-align:middle;display:inline-block}<\/style>\t\t\t\t\t\t\t\t\t\t\t\t<img decoding=\"async\" loading=\"lazy\" width=\"683\" height=\"1024\" src=\"https:\/\/janhonig.com\/wp-content\/uploads\/2023\/11\/kdo-jsem-1-683x1024.png\" class=\"attachment-large size-large wp-image-488\" alt=\"\" srcset=\"https:\/\/janhonig.com\/wp-content\/uploads\/2023\/11\/kdo-jsem-1-683x1024.png 683w, https:\/\/janhonig.com\/wp-content\/uploads\/2023\/11\/kdo-jsem-1-200x300.png 200w, https:\/\/janhonig.com\/wp-content\/uploads\/2023\/11\/kdo-jsem-1-768x1152.png 768w, https:\/\/janhonig.com\/wp-content\/uploads\/2023\/11\/kdo-jsem-1-1024x1536.png 1024w, https:\/\/janhonig.com\/wp-content\/uploads\/2023\/11\/kdo-jsem-1-1365x2048.png 1365w, https:\/\/janhonig.com\/wp-content\/uploads\/2023\/11\/kdo-jsem-1-600x900.png 600w\" sizes=\"(max-width: 683px) 100vw, 683px\" \/>\t\t\t\t\t\t\t\t\t\t\t\t\t\t\t<\/div>\n\t\t\t\t<\/div>\n\t\t\t\t\t<\/div>\n\t\t\t\t<\/div>\n\t\t\t\t\t<\/div>\n\t\t\t\t<\/div>\n\t\t\t\t\t<\/div>\n\t\t\t\t<\/div>\n\t\t<div class=\"elementor-element elementor-element-47f86d4 e-flex e-con-boxed e-con e-child\" data-id=\"47f86d4\" data-element_type=\"container\" data-settings=\"{&quot;container_type&quot;:&quot;flex&quot;,&quot;content_width&quot;:&quot;boxed&quot;}\">\n\t\t\t\t\t<div class=\"e-con-inner\">\n\t\t<div class=\"elementor-element elementor-element-a714a08 e-flex e-con-boxed e-con e-child\" data-id=\"a714a08\" data-element_type=\"container\" data-settings=\"{&quot;container_type&quot;:&quot;flex&quot;,&quot;content_width&quot;:&quot;boxed&quot;}\">\n\t\t\t\t\t<div class=\"e-con-inner\">\n\t\t<div class=\"elementor-element elementor-element-63d6cd0 e-flex e-con-boxed e-con e-child\" data-id=\"63d6cd0\" data-element_type=\"container\" data-settings=\"{&quot;container_type&quot;:&quot;flex&quot;,&quot;content_width&quot;:&quot;boxed&quot;}\">\n\t\t\t\t\t<div class=\"e-con-inner\">\n\t\t\t\t<div class=\"elementor-element elementor-element-48c3e88 elementor-widget elementor-widget-text-editor\" data-id=\"48c3e88\" data-element_type=\"widget\" data-widget_type=\"text-editor.default\">\n\t\t\t\t<div class=\"elementor-widget-container\">\n\t\t\t\t\t\t\t<p>V r\u00e1mci osobn\u00edho vzd\u011bl\u00e1n\u00ed na duchovn\u00ed \u00farovni jsem<br \/>b\u011bhem let pro\u0161el mnoh\u00fdmi tuzemsk\u00fdmi i zahrani\u010dn\u00edmi<br \/>certifikovan\u00fdmi kurzy v\u00a0oboru psychologie, energo-<br \/>psychologie, EFT, feng shui, magie, predikce budoucnosti,<br \/>l\u00e9\u010ditelstv\u00ed, energetick\u00e9ho p\u016fsoben\u00ed, terapi\u00ed, zasv\u011bcov\u00e1n\u00ed<br \/>do vysokovibra\u010dn\u00edch a multidimenzion\u00e1ln\u00edch syst\u00e9m\u016f<br \/>l\u00e9\u010den\u00ed, \u017eivotn\u00edho kou\u010dinku a mnoho z\u00a0dal\u0161\u00edch odv\u011btv\u00ed.<br \/>Dar nahl\u00ed\u017een\u00ed do osudu lid\u00ed, se v m\u00e9 rodin\u011b d\u011bdil skrze linii<br \/>\u017een, m\u00e1 babi\u010dka byla bylink\u00e1\u0159ka, m\u00e1 pra-pra-pra babi\u010dka<br \/>Aurelie \u00a0byla \u010darod\u011bjkou a \u017eila na \u00fazem\u00ed dne\u0161n\u00edho<br \/>Ma\u010farska a do \u201eu\u010den\u00ed\u201c m\u011b tak\u00e9 v \u00fatl\u00e9m v\u011bku vzala jedna<\/p><p>cik\u00e1nsk\u00e1 \u010darod\u011bjka a v\u011bdma. V r\u00e1mci m\u00e9 osobn\u00ed praxe a<br \/>roz\u0161i\u0159ov\u00e1n\u00ed sv\u00fdch dovednost\u00ed, znalost\u00ed a akreditac\u00ed jsem<br \/>pro\u0161el mnoh\u00fdmi certifikovan\u00fdmi kurzy, semin\u00e1\u0159i a<br \/>zasv\u011bcen\u00edmi po cel\u00e9m sv\u011bt\u011b a z\u00edskal tak mnoh\u00e9 v\u011bd\u011bn\u00ed od<br \/>nejzn\u00e1m\u011bj\u0161\u00edch a nej\u00fasp\u011b\u0161n\u011bj\u0161\u00edch l\u00e9\u010ditel\u016f terapeut\u016f, kart\u00e1\u0159ek, \u010darod\u011bjek a kou\u010d\u016f.\u00a0<\/p><p>Ji\u017e 8 let vedu a \u0159\u00edd\u00edm jednu z nejv\u011bt\u0161\u00edch tuzemsk\u00fdch<br \/>online v\u011b\u0161t\u00edren &#8211; V\u011b\u0161t\u00edrna Harmonie \u2013 www.vestirna-<br \/>harmonie.cz v r\u00e1mci kter\u00e9 m\u016fj t\u00fdm nejzku\u0161en\u011bj\u0161\u00edch<br \/>astrolog\u016f, numerolog\u016f, v\u011b\u0161tc\u016f a kart\u00e1\u0159ek denn\u011b rad\u00ed<br \/>stovk\u00e1m z V\u00e1s s probl\u00e9my, kter\u00e9 \u017eivot p\u0159in\u00e1\u0161\u00ed.<\/p><p>Pro zkvalitn\u011bn\u00ed a ucelen\u00e9 pojet\u00ed tohoto oboru tak\u00e9 \u0159\u00edd\u00edm<br \/>prodejnu + eshop s\u00a0mystick\u00fdm zbo\u017e\u00edm \u2013 Obchod<br \/>Harmonie \u2013 www.obchod-harmonie.cz jej\u00ed\u017e sou\u010d\u00e1st\u00ed je<br \/>tak\u00e9 estetick\u00e9 studio \u2013 Studio Harmony \u2013 www.studio-<br \/>harmony.eu nach\u00e1zej\u00edc\u00ed se na adrese 28.\u0159\u00edjna 93\/25 v<br \/>m\u00e9m rodn\u00e9m m\u011bst\u011b Opav\u011b, kde m\u011b m\u016f\u017eete nav\u0161t\u00edvit p\u0159i osobn\u00edch setk\u00e1n\u00edch a konzultac\u00edch.<\/p>\t\t\t\t\t\t<\/div>\n\t\t\t\t<\/div>\n\t\t\t\t\t<\/div>\n\t\t\t\t<\/div>\n\t\t<div class=\"elementor-element elementor-element-3833624 e-flex e-con-boxed e-con e-child\" data-id=\"3833624\" data-element_type=\"container\" data-settings=\"{&quot;container_type&quot;:&quot;flex&quot;,&quot;content_width&quot;:&quot;boxed&quot;}\">\n\t\t\t\t\t<div class=\"e-con-inner\">\n\t\t\t\t<div class=\"elementor-element elementor-element-e9a29fe elementor-widget elementor-widget-image\" data-id=\"e9a29fe\" data-element_type=\"widget\" data-widget_type=\"image.default\">\n\t\t\t\t<div class=\"elementor-widget-container\">\n\t\t\t\t\t\t\t\t\t\t\t\t\t\t\t<img decoding=\"async\" loading=\"lazy\" width=\"683\" height=\"1024\" src=\"https:\/\/janhonig.com\/wp-content\/uploads\/2023\/11\/o-mne-683x1024.png\" class=\"attachment-large size-large wp-image-493\" alt=\"\" srcset=\"https:\/\/janhonig.com\/wp-content\/uploads\/2023\/11\/o-mne-683x1024.png 683w, https:\/\/janhonig.com\/wp-content\/uploads\/2023\/11\/o-mne-200x300.png 200w, https:\/\/janhonig.com\/wp-content\/uploads\/2023\/11\/o-mne-768x1152.png 768w, https:\/\/janhonig.com\/wp-content\/uploads\/2023\/11\/o-mne-1024x1536.png 1024w, https:\/\/janhonig.com\/wp-content\/uploads\/2023\/11\/o-mne-1365x2048.png 1365w, https:\/\/janhonig.com\/wp-content\/uploads\/2023\/11\/o-mne-600x900.png 600w\" sizes=\"(max-width: 683px) 100vw, 683px\" \/>\t\t\t\t\t\t\t\t\t\t\t\t\t\t\t<\/div>\n\t\t\t\t<\/div>\n\t\t\t\t\t<\/div>\n\t\t\t\t<\/div>\n\t\t\t\t\t<\/div>\n\t\t\t\t<\/div>\n\t\t\t\t\t<\/div>\n\t\t\t\t<\/div>\n\t\t<div class=\"elementor-element elementor-element-b8bdc42 e-flex e-con-boxed e-con e-child\" data-id=\"b8bdc42\" data-element_type=\"container\" data-settings=\"{&quot;container_type&quot;:&quot;flex&quot;,&quot;content_width&quot;:&quot;boxed&quot;}\">\n\t\t\t\t\t<div class=\"e-con-inner\">\n\t\t\t\t<div class=\"elementor-element elementor-element-73f4de9 elementor-widget elementor-widget-text-editor\" data-id=\"73f4de9\" data-element_type=\"widget\" data-widget_type=\"text-editor.default\">\n\t\t\t\t<div class=\"elementor-widget-container\">\n\t\t\t\t\t\t\t<p>M\u00e1 spole\u010dnost tedy pat\u0159\u00ed k nejv\u011bt\u0161\u00edm tuzemsk\u00fdm poskytovatel\u016fm komplexn\u00edch ezoterick\u00fdch slu\u017eeb. prodejn\u011b a ESHOPU naleznete v\u00edce ne\u017e 4000 druh\u016f zbo\u017e\u00ed<br \/>\u2013 bylin, ko\u0159en\u00ed, \u010daj\u016f, olej\u016f, p\u0159\u00edrodn\u00ed kosmetiky, sv\u00ed\u010dek, vyku\u0159ovadel, ezoterick\u00e9 literatury, energetick\u00fdch \u0161perk\u016f, drah\u00fdch kamen\u016f a v\u00fdrobk\u016f z nich, magick\u00fdch p\u0159edm\u011bt\u016f, dekorac\u00ed a mnoho dal\u0161\u00edho. Mimo jin\u00e9, ale podnik\u00e1m tak\u00e9 v\u00a0gastronomii a realit\u00e1ch.<\/p><p>P\u0159i sv\u00e9 pr\u00e1ci s klienty v\u017edy db\u00e1m na vysok\u00fd standard poskytovan\u00fdch slu\u017eeb a hlavn\u011b diskr\u00e9tnost. Nab\u00edz\u00edm V\u00e1m tedy v r\u00e1mci konzultac\u00ed terapii energetick\u00e9 psychologie, EFT, v\u00fdklad karet, v\u011b\u0161tbu a predikci budoucnosti, energetick\u00e9 l\u00e9\u010den\u00ed a odblokov\u00e1n\u00ed, odstran\u011bn\u00ed negativn\u00edch energi\u00ed, kleteb, \u010dern\u00e9 magie a dal\u0161\u00edch magick\u00fdch \u00fakaz\u016f, v\u011b\u0161tbu z k\u0159i\u0161\u0165\u00e1lov\u00e9 koule, \u201emagii na zak\u00e1zku\u201c- komplexn\u00ed zpracov\u00e1n\u00ed, vyhotoven\u00ed a<br \/>poradenstv\u00ed v oblasti b\u00edl\u00e9 a \u010dern\u00e9 magie, milostn\u00e9 magie, ochrann\u00e9 magie, finan\u010dn\u00ed magie, speci\u00e1ln\u00ed magie (voodoo, santeria, cik\u00e1nsk\u00e9 smagie, Altajsk\u00e9 magie, pravoslavn\u00e9 magie aj.) d\u00e1le tak\u00e9 ritu\u00e1l\u016f a seanc\u00ed, Bachovu kv\u011btovou, v\u00fdrobu amulet\u016f a ochran\u00fdch \u0161kapul\u00ed\u0159\u016f, ajurv\u00e9dskou medic\u00ednu, gemoterapii, bylinnou poradnu, kou\u010dink a mentoring pro osobn\u00ed rozvoj a jin\u00e9 \u2026<\/p><p><br \/>V\u0161echny nab\u00edzen\u00e9 slu\u017eby prov\u00e1d\u00edm p\u0159i osobn\u00edch konzultac\u00edch v m\u00e9 diskr\u00e9tn\u00ed a priv\u00e1tn\u00ed kancel\u00e1\u0159i nebo v r\u00e1mci telefonick\u00fdch konzultac\u00ed, pop\u0159\u00edpad\u011b na vy\u017e\u00e1d\u00e1n\u00ed u klienta.<\/p><p>Ve\u0161ker\u00e9 nab\u00edzen\u00e9 slu\u017eby lze prov\u00e1d\u011bt tak\u00e9 telefonicky, p\u0159es SYKPE \u010di jin\u00e1 m\u00e9dia. P\u0159i objedn\u00e1n\u00ed pros\u00edm respektujte \u010dasovou vyt\u00ed\u017eenost a pevnou cenu za uveden\u00e9 slu\u017eby, jsem si pln\u011b v\u011bdom faktu, \u017ee m\u00e9 slu\u017eby mohou b\u00fdt cenov\u011b vy\u0161\u0161\u00ed ne\u017e u jin\u00fdch koleg\u016f, nehledejte pros\u00edm n\u00edzkou cenu a zam\u011b\u0159te se na kvalitu, jedn\u00e1 se o V\u00e1\u0161 \u017eivot \u2026<\/p><p>Nikdy V\u00e1m p\u0159esn\u011b nestanov\u00edm dobu m\u00e9ho p\u016fsoben\u00ed, v\u0161e je na domluv\u011b a odv\u00edj\u00ed se hlavn\u011b od stavu klienta a probl\u00e9m\u016f, kter\u00e9 \u0159e\u0161\u00ed. Pokud hled\u00e1te kvalitn\u00ed, funk\u010dn\u00ed, pravdiv\u00e9, diskr\u00e9tn\u00ed a v\u011bcn\u00e9 slu\u017eby bez zbyte\u010dn\u00fdch \u201eom\u00e1\u010dek\u201c , \u201emanipulac\u00ed\u201c a \u201e\u0159e\u010d\u00ed okolo\u201c nev\u00e1hejte vyu\u017e\u00edt m\u00fdch slu\u017eeb. Vy sami posoud\u00edte, jak\u00e9 m\u00e9 slu\u017eby jsou.<\/p><p>S \u00factou a pokorou otev\u0159u Va\u0161i knihu \u017eivota a pokus\u00edm se pomoci v probl\u00e9mech, kter\u00e9 V\u00e1s t\u00ed\u017e\u00ed. P\u0159eji V\u00e1m v\u0161em \u0161t\u011bst\u00ed, zdrav\u00fd \u00fasudek a energii na v\u0161e pot\u0159ebn\u00e9.<\/p><p>Budu se t\u011b\u0161it na p\u0159\u00edpadn\u00e9 osobn\u00ed \u010di telefonick\u00e9 \u201esetk\u00e1n\u00ed\u201c<\/p>\t\t\t\t\t\t<\/div>\n\t\t\t\t<\/div>\n\t\t\t\t\t<\/div>\n\t\t\t\t<\/div>\n\t\t\t\t\t<\/div>\n\t\t\t\t<\/div>\n\t\t\t\t\t\t\t<\/div>\n\t\t","protected":false},"excerpt":{"rendered":"<p>O Mn\u011b KDO JSEM Zdrav\u00edm V\u00e1s, Jmenuji Se Jan Honig Zdrav\u00edm ka\u017ed\u00e9ho z V\u00e1s, kter\u00fd se dostal a\u017e sem a projevil z\u00e1jem o m\u00e9 slu\u017eby, jmenuji se Jan Honig a pracuji pro V\u00e1s jako konzultant,terapeut, duchovn\u00ed poradce, kart\u00e1\u0159, p\u0159\u00edrodn\u00ed a energetick\u00fd l\u00e9\u010ditel, m\u00e1g a kou\u010d seberozvoje. Z minulosti m\u011b m\u016f\u017eete zn\u00e1t z pravideln\u00fdch interaktivn\u00edchezoterick\u00fdch relac\u00ed [&hellip;]<\/p>\n","protected":false},"author":1,"featured_media":0,"parent":0,"menu_order":0,"comment_status":"closed","ping_status":"closed","template":"","meta":{"footnotes":""},"aioseo_notices":[],"_links":{"self":[{"href":"https:\/\/janhonig.com\/index.php\/wp-json\/wp\/v2\/pages\/113"}],"collection":[{"href":"https:\/\/janhonig.com\/index.php\/wp-json\/wp\/v2\/pages"}],"about":[{"href":"https:\/\/janhonig.com\/index.php\/wp-json\/wp\/v2\/types\/page"}],"author":[{"embeddable":true,"href":"https:\/\/janhonig.com\/index.php\/wp-json\/wp\/v2\/users\/1"}],"replies":[{"embeddable":true,"href":"https:\/\/janhonig.com\/index.php\/wp-json\/wp\/v2\/comments?post=113"}],"version-history":[{"count":22,"href":"https:\/\/janhonig.com\/index.php\/wp-json\/wp\/v2\/pages\/113\/revisions"}],"predecessor-version":[{"id":739,"href":"https:\/\/janhonig.com\/index.php\/wp-json\/wp\/v2\/pages\/113\/revisions\/739"}],"wp:attachment":[{"href":"https:\/\/janhonig.com\/index.php\/wp-json\/wp\/v2\/media?parent=113"}],"curies":[{"name":"wp","href":"https:\/\/api.w.org\/{rel}","templated":true}]}}