{"id":117,"date":"2023-10-06T15:20:18","date_gmt":"2023-10-06T13:20:18","guid":{"rendered":"https:\/\/janhonig.com\/?page_id=117"},"modified":"2023-12-04T15:47:31","modified_gmt":"2023-12-04T14:47:31","slug":"cenik-sluzeb","status":"publish","type":"page","link":"https:\/\/janhonig.com\/index.php\/cenik-sluzeb\/","title":{"rendered":"Cen\u00edk Slu\u017eeb"},"content":{"rendered":"\t\t<div data-elementor-type=\"wp-page\" data-elementor-id=\"117\" class=\"elementor elementor-117\" data-elementor-post-type=\"page\">\n\t\t\t\t\t\t\t<div class=\"elementor-element elementor-element-90342d3 e-flex e-con-boxed e-con e-parent\" data-id=\"90342d3\" data-element_type=\"container\" data-settings=\"{&quot;background_background&quot;:&quot;classic&quot;,&quot;container_type&quot;:&quot;flex&quot;,&quot;content_width&quot;:&quot;boxed&quot;}\" data-core-v316-plus=\"true\">\n\t\t\t\t\t<div class=\"e-con-inner\">\n\t\t\t\t<div class=\"elementor-element elementor-element-a5a0f7b elementor-widget elementor-widget-heading\" data-id=\"a5a0f7b\" data-element_type=\"widget\" data-widget_type=\"heading.default\">\n\t\t\t\t<div class=\"elementor-widget-container\">\n\t\t\t<style>\/*! elementor - v3.16.0 - 20-09-2023 *\/\n.elementor-heading-title{padding:0;margin:0;line-height:1}.elementor-widget-heading .elementor-heading-title[class*=elementor-size-]>a{color:inherit;font-size:inherit;line-height:inherit}.elementor-widget-heading .elementor-heading-title.elementor-size-small{font-size:15px}.elementor-widget-heading .elementor-heading-title.elementor-size-medium{font-size:19px}.elementor-widget-heading .elementor-heading-title.elementor-size-large{font-size:29px}.elementor-widget-heading .elementor-heading-title.elementor-size-xl{font-size:39px}.elementor-widget-heading .elementor-heading-title.elementor-size-xxl{font-size:59px}<\/style><h1 class=\"elementor-heading-title elementor-size-default\">Cen\u00edk Slu\u017eeb<\/h1>\t\t<\/div>\n\t\t\t\t<\/div>\n\t\t\t\t\t<\/div>\n\t\t\t\t<\/div>\n\t\t<div class=\"elementor-element elementor-element-dbbaaf5 e-flex e-con-boxed e-con e-parent\" data-id=\"dbbaaf5\" data-element_type=\"container\" data-settings=\"{&quot;background_background&quot;:&quot;classic&quot;,&quot;container_type&quot;:&quot;flex&quot;,&quot;content_width&quot;:&quot;boxed&quot;}\" data-core-v316-plus=\"true\">\n\t\t\t\t\t<div class=\"e-con-inner\">\n\t\t\t\t<div class=\"elementor-element elementor-element-841ddfa elementor-widget elementor-widget-heading\" data-id=\"841ddfa\" data-element_type=\"widget\" data-widget_type=\"heading.default\">\n\t\t\t\t<div class=\"elementor-widget-container\">\n\t\t\t<h2 class=\"elementor-heading-title elementor-size-default\">V\u00fdklad karet<\/h2>\t\t<\/div>\n\t\t\t\t<\/div>\n\t\t\t\t<div class=\"elementor-element elementor-element-a337584 elementor-widget elementor-widget-price-list\" data-id=\"a337584\" data-element_type=\"widget\" data-widget_type=\"price-list.default\">\n\t\t\t\t<div class=\"elementor-widget-container\">\n\t\t\t<style>\/*! elementor-pro - v3.16.0 - 20-09-2023 *\/\n.elementor-widget-price-list .elementor-price-list{list-style:none;padding:0;margin:0}.elementor-widget-price-list .elementor-price-list li{margin:0}.elementor-price-list li:not(:last-child){margin-bottom:20px}.elementor-price-list .elementor-price-list-image{max-width:50%;flex-shrink:0;padding-right:25px}.elementor-price-list .elementor-price-list-image img{width:100%}.elementor-price-list .elementor-price-list-header,.elementor-price-list .elementor-price-list-item,.elementor-price-list .elementor-price-list-text{display:flex}.elementor-price-list .elementor-price-list-item{align-items:flex-start}.elementor-price-list .elementor-price-list-item .elementor-price-list-text{align-items:flex-start;flex-wrap:wrap;flex-grow:1}.elementor-price-list .elementor-price-list-item .elementor-price-list-header{align-items:center;flex-basis:100%;font-size:19px;font-weight:600;margin-bottom:10px;justify-content:space-between}.elementor-price-list .elementor-price-list-item .elementor-price-list-title{max-width:80%}.elementor-price-list .elementor-price-list-item .elementor-price-list-price{font-weight:600}.elementor-price-list .elementor-price-list-item p.elementor-price-list-description{flex-basis:100%;font-size:14px;margin:0}.elementor-price-list .elementor-price-list-item .elementor-price-list-separator{flex-grow:1;margin-left:10px;margin-right:10px;border-bottom-style:dotted;border-bottom-width:2px;height:0}.elementor-price-table{text-align:center}.elementor-price-table .elementor-price-table__header{background:var(--e-price-table-header-background-color,#555);padding:20px 0}.elementor-price-table .elementor-price-table__heading{margin:0;padding:0;line-height:1.2;font-size:24px;font-weight:600;color:#fff}.elementor-price-table .elementor-price-table__subheading{font-size:13px;font-weight:400;color:#fff}.elementor-price-table .elementor-price-table__original-price{margin-right:15px;text-decoration:line-through;font-size:.5em;line-height:1;font-weight:400;align-self:center}.elementor-price-table .elementor-price-table__original-price .elementor-price-table__currency{font-size:1em;margin:0}.elementor-price-table .elementor-price-table__price{display:flex;justify-content:center;align-items:center;flex-wrap:wrap;flex-direction:row;color:#555;font-weight:800;font-size:65px;padding:40px 0}.elementor-price-table .elementor-price-table__price .elementor-typo-excluded{line-height:normal;letter-spacing:normal;text-transform:none;font-weight:400;font-size:medium;font-style:normal}.elementor-price-table .elementor-price-table__after-price{display:flex;flex-wrap:wrap;text-align:start;align-self:stretch;align-items:flex-start;flex-direction:column}.elementor-price-table .elementor-price-table__integer-part{line-height:.8}.elementor-price-table .elementor-price-table__currency,.elementor-price-table .elementor-price-table__fractional-part{line-height:1;font-size:.3em}.elementor-price-table .elementor-price-table__currency{margin-right:3px}.elementor-price-table .elementor-price-table__period{width:100%;font-size:13px;font-weight:400}.elementor-price-table .elementor-price-table__features-list{list-style-type:none;margin:0;padding:0;line-height:1;color:var(--e-price-table-features-list-color)}.elementor-price-table .elementor-price-table__features-list li{font-size:14px;line-height:1;margin:0;padding:0}.elementor-price-table .elementor-price-table__features-list li .elementor-price-table__feature-inner{margin-left:15px;margin-right:15px}.elementor-price-table .elementor-price-table__features-list li:not(:first-child):before{content:\"\";display:block;border:0 solid hsla(0,0%,47.8%,.3);margin:10px 12.5%}.elementor-price-table .elementor-price-table__features-list i{margin-right:10px;font-size:1.3em}.elementor-price-table .elementor-price-table__features-list svg{margin-right:10px;fill:var(--e-price-table-features-list-color);height:1.3em;width:1.3em}.elementor-price-table .elementor-price-table__features-list svg~*{vertical-align:text-top}.elementor-price-table .elementor-price-table__footer{padding:30px 0}.elementor-price-table .elementor-price-table__additional_info{margin:0;font-size:13px;line-height:1.4}.elementor-price-table__ribbon{position:absolute;top:0;left:auto;right:0;transform:rotate(90deg);width:150px;overflow:hidden;height:150px}.elementor-price-table__ribbon-inner{text-align:center;left:0;width:200%;transform:translateY(-50%) translateX(-50%) translateX(35px) rotate(-45deg);margin-top:35px;font-size:13px;line-height:2;font-weight:800;text-transform:uppercase;background:#000}.elementor-price-table__ribbon.elementor-ribbon-left{transform:rotate(0);left:0;right:auto}.elementor-price-table__ribbon.elementor-ribbon-right{transform:rotate(90deg);left:auto;right:0}.elementor-widget-price-table .elementor-widget-container{overflow:hidden;background-color:#f9fafa}.e-con-inner>.elementor-widget-price-list,.e-con>.elementor-widget-price-list{width:var(--container-widget-width);--flex-grow:var(--container-widget-flex-grow)}<\/style>\n\t\t<ul class=\"elementor-price-list\">\n\n\t\t\t\t\t\t\t\t\t<li><a class=\"elementor-price-list-item\" href=\"#\">\t\t\t\t\n\t\t\t\t<div class=\"elementor-price-list-text\">\n\t\t\t\t\t\t\t\t\t<div class=\"elementor-price-list-header\">\n\t\t\t\t\t\t\t\t\t\t\t<span class=\"elementor-price-list-title\">\n\t\t\t\t\t\t\tV\u00fdklad karet - 30 minut\t\t\t\t\t\t<\/span>\n\t\t\t\t\t\t\t\t\t\t\t\t\t\t\t\t\t\t\t\t\t\t\t\t<span class=\"elementor-price-list-price\">700,- K\u010c<\/span>\n\t\t\t\t\t\t\t\t\t\t<\/div>\n\t\t\t\t\t\t\t\t\t\t\t\t<\/div>\n\t\t\t\t<\/a><\/li>\t\t\t\t\t\t\t\t\t\t\t\t<li><a class=\"elementor-price-list-item\" href=\"#\">\t\t\t\t\n\t\t\t\t<div class=\"elementor-price-list-text\">\n\t\t\t\t\t\t\t\t\t<div class=\"elementor-price-list-header\">\n\t\t\t\t\t\t\t\t\t\t\t<span class=\"elementor-price-list-title\">\n\t\t\t\t\t\t\tV\u00fdklad karet - 60 minut\t\t\t\t\t\t<\/span>\n\t\t\t\t\t\t\t\t\t\t\t\t\t\t\t\t\t\t\t\t\t\t\t\t<span class=\"elementor-price-list-price\">1 200,- K\u010c<\/span>\n\t\t\t\t\t\t\t\t\t\t<\/div>\n\t\t\t\t\t\t\t\t\t\t\t\t<\/div>\n\t\t\t\t<\/a><\/li>\t\t\t\t\t\t\t\t\t\t\t\t<li><a class=\"elementor-price-list-item\" href=\"#\">\t\t\t\t\n\t\t\t\t<div class=\"elementor-price-list-text\">\n\t\t\t\t\t\t\t\t\t<div class=\"elementor-price-list-header\">\n\t\t\t\t\t\t\t\t\t\t\t<span class=\"elementor-price-list-title\">\n\t\t\t\t\t\t\tV\u00fdklad karet - 90 minut\t\t\t\t\t\t<\/span>\n\t\t\t\t\t\t\t\t\t\t\t\t\t\t\t\t\t\t\t\t\t\t\t\t<span class=\"elementor-price-list-price\">1 800,- K\u010c<\/span>\n\t\t\t\t\t\t\t\t\t\t<\/div>\n\t\t\t\t\t\t\t\t\t\t\t\t<\/div>\n\t\t\t\t<\/a><\/li>\t\t\t\t\t\n\t\t<\/ul>\n\n\t\t\t\t<\/div>\n\t\t\t\t<\/div>\n\t\t\t\t<div class=\"elementor-element elementor-element-c2179a9 elementor-widget elementor-widget-heading\" data-id=\"c2179a9\" data-element_type=\"widget\" data-widget_type=\"heading.default\">\n\t\t\t\t<div class=\"elementor-widget-container\">\n\t\t\t<h2 class=\"elementor-heading-title elementor-size-default\">Komplexn\u00ed konzultace<\/h2>\t\t<\/div>\n\t\t\t\t<\/div>\n\t\t\t\t<div class=\"elementor-element elementor-element-6bcf7a4 elementor-widget elementor-widget-price-list\" data-id=\"6bcf7a4\" data-element_type=\"widget\" data-widget_type=\"price-list.default\">\n\t\t\t\t<div class=\"elementor-widget-container\">\n\t\t\t\n\t\t<ul class=\"elementor-price-list\">\n\n\t\t\t\t\t\t\t\t\t<li><a class=\"elementor-price-list-item\" href=\"#\">\t\t\t\t\n\t\t\t\t<div class=\"elementor-price-list-text\">\n\t\t\t\t\t\t\t\t\t<div class=\"elementor-price-list-header\">\n\t\t\t\t\t\t\t\t\t\t\t<span class=\"elementor-price-list-title\">\n\t\t\t\t\t\t\tKomplexn\u00ed konzultace - 60 minut\t\t\t\t\t\t<\/span>\n\t\t\t\t\t\t\t\t\t\t\t\t\t\t\t\t\t\t\t\t\t\t\t\t<span class=\"elementor-price-list-price\">2 000,- K\u010c<\/span>\n\t\t\t\t\t\t\t\t\t\t<\/div>\n\t\t\t\t\t\t\t\t\t\t\t\t<\/div>\n\t\t\t\t<\/a><\/li>\t\t\t\t\t\t\t\t\t\t\t\t<li><a class=\"elementor-price-list-item\" href=\"#\">\t\t\t\t\n\t\t\t\t<div class=\"elementor-price-list-text\">\n\t\t\t\t\t\t\t\t\t<div class=\"elementor-price-list-header\">\n\t\t\t\t\t\t\t\t\t\t\t<span class=\"elementor-price-list-title\">\n\t\t\t\t\t\t\tKomplexn\u00ed konzultace - 90 minut\t\t\t\t\t\t<\/span>\n\t\t\t\t\t\t\t\t\t\t\t\t\t\t\t\t\t\t\t\t\t\t\t\t<span class=\"elementor-price-list-price\">3 000,- K\u010c<\/span>\n\t\t\t\t\t\t\t\t\t\t<\/div>\n\t\t\t\t\t\t\t\t\t\t\t\t<\/div>\n\t\t\t\t<\/a><\/li>\t\t\t\t\t\n\t\t<\/ul>\n\n\t\t\t\t<\/div>\n\t\t\t\t<\/div>\n\t\t\t\t<div class=\"elementor-element elementor-element-a8d39de elementor-widget elementor-widget-heading\" data-id=\"a8d39de\" data-element_type=\"widget\" data-widget_type=\"heading.default\">\n\t\t\t\t<div class=\"elementor-widget-container\">\n\t\t\t<h2 class=\"elementor-heading-title elementor-size-default\">V\u011b\u0161tba z k\u0159i\u0161\u0165\u00e1lov\u00e9 koule<\/h2>\t\t<\/div>\n\t\t\t\t<\/div>\n\t\t\t\t<div class=\"elementor-element elementor-element-b153324 elementor-widget elementor-widget-price-list\" data-id=\"b153324\" data-element_type=\"widget\" data-widget_type=\"price-list.default\">\n\t\t\t\t<div class=\"elementor-widget-container\">\n\t\t\t\n\t\t<ul class=\"elementor-price-list\">\n\n\t\t\t\t\t\t\t\t\t<li><a class=\"elementor-price-list-item\" href=\"#\">\t\t\t\t\n\t\t\t\t<div class=\"elementor-price-list-text\">\n\t\t\t\t\t\t\t\t\t<div class=\"elementor-price-list-header\">\n\t\t\t\t\t\t\t\t\t\t\t<span class=\"elementor-price-list-title\">\n\t\t\t\t\t\t\tKomplexn\u00ed konzultace - 30 minut\t\t\t\t\t\t<\/span>\n\t\t\t\t\t\t\t\t\t\t\t\t\t\t\t\t\t\t\t\t\t\t\t\t<span class=\"elementor-price-list-price\">1 500,- K\u010c<\/span>\n\t\t\t\t\t\t\t\t\t\t<\/div>\n\t\t\t\t\t\t\t\t\t\t\t\t<\/div>\n\t\t\t\t<\/a><\/li>\t\t\t\t\t\n\t\t<\/ul>\n\n\t\t\t\t<\/div>\n\t\t\t\t<\/div>\n\t\t\t\t<div class=\"elementor-element elementor-element-db74ccd elementor-widget elementor-widget-heading\" data-id=\"db74ccd\" data-element_type=\"widget\" data-widget_type=\"heading.default\">\n\t\t\t\t<div class=\"elementor-widget-container\">\n\t\t\t<h2 class=\"elementor-heading-title elementor-size-default\">L\u00e9\u010den\u00ed s odblokov\u00e1n\u00edm<\/h2>\t\t<\/div>\n\t\t\t\t<\/div>\n\t\t\t\t<div class=\"elementor-element elementor-element-39a9af9 elementor-widget elementor-widget-price-list\" data-id=\"39a9af9\" data-element_type=\"widget\" data-widget_type=\"price-list.default\">\n\t\t\t\t<div class=\"elementor-widget-container\">\n\t\t\t\n\t\t<ul class=\"elementor-price-list\">\n\n\t\t\t\t\t\t\t\t\t<li><a class=\"elementor-price-list-item\" href=\"#\">\t\t\t\t\n\t\t\t\t<div class=\"elementor-price-list-text\">\n\t\t\t\t\t\t\t\t\t<div class=\"elementor-price-list-header\">\n\t\t\t\t\t\t\t\t\t\t\t<span class=\"elementor-price-list-title\">\n\t\t\t\t\t\t\tL\u00e9\u010den\u00ed s odblokov\u00e1n\u00edm\t\t\t\t\t\t<\/span>\n\t\t\t\t\t\t\t\t\t\t\t\t\t\t\t\t\t\t\t\t\t\t\t\t<span class=\"elementor-price-list-price\">2 000,- K\u010c<\/span>\n\t\t\t\t\t\t\t\t\t\t<\/div>\n\t\t\t\t\t\t\t\t\t\t\t\t<\/div>\n\t\t\t\t<\/a><\/li>\t\t\t\t\t\n\t\t<\/ul>\n\n\t\t\t\t<\/div>\n\t\t\t\t<\/div>\n\t\t\t\t<div class=\"elementor-element elementor-element-23500d6 elementor-widget elementor-widget-heading\" data-id=\"23500d6\" data-element_type=\"widget\" data-widget_type=\"heading.default\">\n\t\t\t\t<div class=\"elementor-widget-container\">\n\t\t\t<h2 class=\"elementor-heading-title elementor-size-default\">Bachova kv\u011btov\u00e1 terapie<\/h2>\t\t<\/div>\n\t\t\t\t<\/div>\n\t\t\t\t<div class=\"elementor-element elementor-element-bec5cc1 elementor-widget elementor-widget-price-list\" data-id=\"bec5cc1\" data-element_type=\"widget\" data-widget_type=\"price-list.default\">\n\t\t\t\t<div class=\"elementor-widget-container\">\n\t\t\t\n\t\t<ul class=\"elementor-price-list\">\n\n\t\t\t\t\t\t\t\t\t<li><a class=\"elementor-price-list-item\" href=\"#\">\t\t\t\t\n\t\t\t\t<div class=\"elementor-price-list-text\">\n\t\t\t\t\t\t\t\t\t<div class=\"elementor-price-list-header\">\n\t\t\t\t\t\t\t\t\t\t\t<span class=\"elementor-price-list-title\">\n\t\t\t\t\t\t\tBachova kv\u011btov\u00e1 terapie\t\t\t\t\t\t<\/span>\n\t\t\t\t\t\t\t\t\t\t\t\t\t\t\t\t\t\t\t\t\t\t\t\t<span class=\"elementor-price-list-price\">800,- K\u010c<\/span>\n\t\t\t\t\t\t\t\t\t\t<\/div>\n\t\t\t\t\t\t\t\t\t\t\t\t<\/div>\n\t\t\t\t<\/a><\/li>\t\t\t\t\t\n\t\t<\/ul>\n\n\t\t\t\t<\/div>\n\t\t\t\t<\/div>\n\t\t\t\t<div class=\"elementor-element elementor-element-8304c8b elementor-widget elementor-widget-heading\" data-id=\"8304c8b\" data-element_type=\"widget\" data-widget_type=\"heading.default\">\n\t\t\t\t<div class=\"elementor-widget-container\">\n\t\t\t<h2 class=\"elementor-heading-title elementor-size-default\">Osobn\u00ed amulet na zak\u00e1zku<\/h2>\t\t<\/div>\n\t\t\t\t<\/div>\n\t\t\t\t<div class=\"elementor-element elementor-element-e8e5d73 elementor-widget elementor-widget-price-list\" data-id=\"e8e5d73\" data-element_type=\"widget\" data-widget_type=\"price-list.default\">\n\t\t\t\t<div class=\"elementor-widget-container\">\n\t\t\t\n\t\t<ul class=\"elementor-price-list\">\n\n\t\t\t\t\t\t\t\t\t<li><a class=\"elementor-price-list-item\" href=\"#\">\t\t\t\t\n\t\t\t\t<div class=\"elementor-price-list-text\">\n\t\t\t\t\t\t\t\t\t<div class=\"elementor-price-list-header\">\n\t\t\t\t\t\t\t\t\t\t\t<span class=\"elementor-price-list-title\">\n\t\t\t\t\t\t\tOsobn\u00ed amulet na zak\u00e1zku\t\t\t\t\t\t<\/span>\n\t\t\t\t\t\t\t\t\t\t\t\t\t\t\t\t\t\t\t\t\t\t\t\t<span class=\"elementor-price-list-price\">2 000,- K\u010c<\/span>\n\t\t\t\t\t\t\t\t\t\t<\/div>\n\t\t\t\t\t\t\t\t\t\t\t\t<\/div>\n\t\t\t\t<\/a><\/li>\t\t\t\t\t\n\t\t<\/ul>\n\n\t\t\t\t<\/div>\n\t\t\t\t<\/div>\n\t\t\t\t<div class=\"elementor-element elementor-element-af6af98 elementor-widget elementor-widget-heading\" data-id=\"af6af98\" data-element_type=\"widget\" data-widget_type=\"heading.default\">\n\t\t\t\t<div class=\"elementor-widget-container\">\n\t\t\t<h2 class=\"elementor-heading-title elementor-size-default\">\u010ci\u0161t\u011bn\u00ed prostor\u016f<\/h2>\t\t<\/div>\n\t\t\t\t<\/div>\n\t\t\t\t<div class=\"elementor-element elementor-element-b130104 elementor-widget elementor-widget-price-list\" data-id=\"b130104\" data-element_type=\"widget\" data-widget_type=\"price-list.default\">\n\t\t\t\t<div class=\"elementor-widget-container\">\n\t\t\t\n\t\t<ul class=\"elementor-price-list\">\n\n\t\t\t\t\t\t\t\t\t<li><a class=\"elementor-price-list-item\" href=\"#\">\t\t\t\t\n\t\t\t\t<div class=\"elementor-price-list-text\">\n\t\t\t\t\t\t\t\t\t<div class=\"elementor-price-list-header\">\n\t\t\t\t\t\t\t\t\t\t\t<span class=\"elementor-price-list-title\">\n\t\t\t\t\t\t\t\u010ci\u0161t\u011bn\u00ed prostor\u016f\t\t\t\t\t\t<\/span>\n\t\t\t\t\t\t\t\t\t\t\t\t\t\t\t\t\t\t\t\t\t\t\t\t<span class=\"elementor-price-list-price\">2 000,- K\u010c<\/span>\n\t\t\t\t\t\t\t\t\t\t<\/div>\n\t\t\t\t\t\t\t\t\t\t\t\t<\/div>\n\t\t\t\t<\/a><\/li>\t\t\t\t\t\n\t\t<\/ul>\n\n\t\t\t\t<\/div>\n\t\t\t\t<\/div>\n\t\t\t\t<div class=\"elementor-element elementor-element-1eb3129 elementor-widget elementor-widget-heading\" data-id=\"1eb3129\" data-element_type=\"widget\" data-widget_type=\"heading.default\">\n\t\t\t\t<div class=\"elementor-widget-container\">\n\t\t\t<h2 class=\"elementor-heading-title elementor-size-default\">Terapie EFT a energo-psychologie<\/h2>\t\t<\/div>\n\t\t\t\t<\/div>\n\t\t\t\t<div class=\"elementor-element elementor-element-ed5292c elementor-widget elementor-widget-price-list\" data-id=\"ed5292c\" data-element_type=\"widget\" data-widget_type=\"price-list.default\">\n\t\t\t\t<div class=\"elementor-widget-container\">\n\t\t\t\n\t\t<ul class=\"elementor-price-list\">\n\n\t\t\t\t\t\t\t\t\t<li><a class=\"elementor-price-list-item\" href=\"#\">\t\t\t\t\n\t\t\t\t<div class=\"elementor-price-list-text\">\n\t\t\t\t\t\t\t\t\t<div class=\"elementor-price-list-header\">\n\t\t\t\t\t\t\t\t\t\t\t<span class=\"elementor-price-list-title\">\n\t\t\t\t\t\t\tTerapie EFT a energo-psychologie\t\t\t\t\t\t<\/span>\n\t\t\t\t\t\t\t\t\t\t\t\t\t\t\t\t\t\t\t\t\t\t\t\t<span class=\"elementor-price-list-price\">1 200,- K\u010c \/ hod.<\/span>\n\t\t\t\t\t\t\t\t\t\t<\/div>\n\t\t\t\t\t\t\t\t\t\t\t\t<\/div>\n\t\t\t\t<\/a><\/li>\t\t\t\t\t\n\t\t<\/ul>\n\n\t\t\t\t<\/div>\n\t\t\t\t<\/div>\n\t\t\t\t\t<\/div>\n\t\t\t\t<\/div>\n\t\t\t\t\t\t\t<\/div>\n\t\t","protected":false},"excerpt":{"rendered":"<p>Cen\u00edk Slu\u017eeb V\u00fdklad karet V\u00fdklad karet &#8211; 30 minut 700,- K\u010c V\u00fdklad karet &#8211; 60 minut 1 200,- K\u010c V\u00fdklad karet &#8211; 90 minut 1 800,- K\u010c Komplexn\u00ed konzultace Komplexn\u00ed konzultace &#8211; 60 minut 2 000,- K\u010c Komplexn\u00ed konzultace &#8211; 90 minut 3 000,- K\u010c V\u011b\u0161tba z k\u0159i\u0161\u0165\u00e1lov\u00e9 koule Komplexn\u00ed konzultace &#8211; 30 minut 1 [&hellip;]<\/p>\n","protected":false},"author":1,"featured_media":0,"parent":0,"menu_order":0,"comment_status":"closed","ping_status":"closed","template":"","meta":{"footnotes":""},"aioseo_notices":[],"_links":{"self":[{"href":"https:\/\/janhonig.com\/index.php\/wp-json\/wp\/v2\/pages\/117"}],"collection":[{"href":"https:\/\/janhonig.com\/index.php\/wp-json\/wp\/v2\/pages"}],"about":[{"href":"https:\/\/janhonig.com\/index.php\/wp-json\/wp\/v2\/types\/page"}],"author":[{"embeddable":true,"href":"https:\/\/janhonig.com\/index.php\/wp-json\/wp\/v2\/users\/1"}],"replies":[{"embeddable":true,"href":"https:\/\/janhonig.com\/index.php\/wp-json\/wp\/v2\/comments?post=117"}],"version-history":[{"count":19,"href":"https:\/\/janhonig.com\/index.php\/wp-json\/wp\/v2\/pages\/117\/revisions"}],"predecessor-version":[{"id":721,"href":"https:\/\/janhonig.com\/index.php\/wp-json\/wp\/v2\/pages\/117\/revisions\/721"}],"wp:attachment":[{"href":"https:\/\/janhonig.com\/index.php\/wp-json\/wp\/v2\/media?parent=117"}],"curies":[{"name":"wp","href":"https:\/\/api.w.org\/{rel}","templated":true}]}}