{"id":146,"date":"2023-10-09T11:56:14","date_gmt":"2023-10-09T09:56:14","guid":{"rendered":"https:\/\/janhonig.com\/?page_id=146"},"modified":"2023-12-05T15:42:28","modified_gmt":"2023-12-05T14:42:28","slug":"vyklad-karet","status":"publish","type":"page","link":"https:\/\/janhonig.com\/index.php\/vyklad-karet\/","title":{"rendered":"V\u00fdklad Karet"},"content":{"rendered":"\t\t<div data-elementor-type=\"wp-page\" data-elementor-id=\"146\" class=\"elementor elementor-146\" data-elementor-post-type=\"page\">\n\t\t\t\t\t\t\t<div class=\"elementor-element elementor-element-c1f3769 e-flex e-con-boxed e-con e-parent\" data-id=\"c1f3769\" data-element_type=\"container\" data-settings=\"{&quot;background_background&quot;:&quot;classic&quot;,&quot;container_type&quot;:&quot;flex&quot;,&quot;content_width&quot;:&quot;boxed&quot;}\" data-core-v316-plus=\"true\">\n\t\t\t\t\t<div class=\"e-con-inner\">\n\t\t\t\t<div class=\"elementor-element elementor-element-ced2406 elementor-widget elementor-widget-heading\" data-id=\"ced2406\" data-element_type=\"widget\" data-widget_type=\"heading.default\">\n\t\t\t\t<div class=\"elementor-widget-container\">\n\t\t\t<style>\/*! elementor - v3.16.0 - 20-09-2023 *\/\n.elementor-heading-title{padding:0;margin:0;line-height:1}.elementor-widget-heading .elementor-heading-title[class*=elementor-size-]>a{color:inherit;font-size:inherit;line-height:inherit}.elementor-widget-heading .elementor-heading-title.elementor-size-small{font-size:15px}.elementor-widget-heading .elementor-heading-title.elementor-size-medium{font-size:19px}.elementor-widget-heading .elementor-heading-title.elementor-size-large{font-size:29px}.elementor-widget-heading .elementor-heading-title.elementor-size-xl{font-size:39px}.elementor-widget-heading .elementor-heading-title.elementor-size-xxl{font-size:59px}<\/style><h1 class=\"elementor-heading-title elementor-size-default\">V\u00fdklad Karet<\/h1>\t\t<\/div>\n\t\t\t\t<\/div>\n\t\t\t\t<div class=\"elementor-element elementor-element-db1b4e2 elementor-widget elementor-widget-text-editor\" data-id=\"db1b4e2\" data-element_type=\"widget\" data-widget_type=\"text-editor.default\">\n\t\t\t\t<div class=\"elementor-widget-container\">\n\t\t\t<style>\/*! elementor - v3.16.0 - 20-09-2023 *\/\n.elementor-widget-text-editor.elementor-drop-cap-view-stacked .elementor-drop-cap{background-color:#69727d;color:#fff}.elementor-widget-text-editor.elementor-drop-cap-view-framed .elementor-drop-cap{color:#69727d;border:3px solid;background-color:transparent}.elementor-widget-text-editor:not(.elementor-drop-cap-view-default) .elementor-drop-cap{margin-top:8px}.elementor-widget-text-editor:not(.elementor-drop-cap-view-default) .elementor-drop-cap-letter{width:1em;height:1em}.elementor-widget-text-editor .elementor-drop-cap{float:left;text-align:center;line-height:1;font-size:50px}.elementor-widget-text-editor .elementor-drop-cap-letter{display:inline-block}<\/style>\t\t\t\t<p>P\u0159esta\u0148te jednou pro v\u017edy \u017e\u00edt v nejistot\u011b, obav\u00e1ch a stresu z toho co bude \u010di nebude!<\/p>\t\t\t\t\t\t<\/div>\n\t\t\t\t<\/div>\n\t\t\t\t\t<\/div>\n\t\t\t\t<\/div>\n\t\t<div class=\"elementor-element elementor-element-2a01042 e-flex e-con-boxed e-con e-parent\" data-id=\"2a01042\" data-element_type=\"container\" data-settings=\"{&quot;background_background&quot;:&quot;classic&quot;,&quot;container_type&quot;:&quot;flex&quot;,&quot;content_width&quot;:&quot;boxed&quot;}\" data-core-v316-plus=\"true\">\n\t\t\t\t\t<div class=\"e-con-inner\">\n\t\t<div class=\"elementor-element elementor-element-300d142 e-flex e-con-boxed e-con e-child\" data-id=\"300d142\" data-element_type=\"container\" data-settings=\"{&quot;container_type&quot;:&quot;flex&quot;,&quot;content_width&quot;:&quot;boxed&quot;}\">\n\t\t\t\t\t<div class=\"e-con-inner\">\n\t\t\t\t<div class=\"elementor-element elementor-element-b2dab16 elementor-hidden-mobile elementor-widget elementor-widget-image\" data-id=\"b2dab16\" data-element_type=\"widget\" data-widget_type=\"image.default\">\n\t\t\t\t<div class=\"elementor-widget-container\">\n\t\t\t<style>\/*! elementor - v3.16.0 - 20-09-2023 *\/\n.elementor-widget-image{text-align:center}.elementor-widget-image a{display:inline-block}.elementor-widget-image a img[src$=\".svg\"]{width:48px}.elementor-widget-image img{vertical-align:middle;display:inline-block}<\/style>\t\t\t\t\t\t\t\t\t\t\t\t<img decoding=\"async\" loading=\"lazy\" width=\"3456\" height=\"5184\" src=\"https:\/\/janhonig.com\/wp-content\/uploads\/2023\/12\/sluzby-karty-min.png\" class=\"attachment-full size-full wp-image-814\" alt=\"\" srcset=\"https:\/\/janhonig.com\/wp-content\/uploads\/2023\/12\/sluzby-karty-min.png 3456w, https:\/\/janhonig.com\/wp-content\/uploads\/2023\/12\/sluzby-karty-min-200x300.png 200w, https:\/\/janhonig.com\/wp-content\/uploads\/2023\/12\/sluzby-karty-min-683x1024.png 683w, https:\/\/janhonig.com\/wp-content\/uploads\/2023\/12\/sluzby-karty-min-768x1152.png 768w, https:\/\/janhonig.com\/wp-content\/uploads\/2023\/12\/sluzby-karty-min-1024x1536.png 1024w, https:\/\/janhonig.com\/wp-content\/uploads\/2023\/12\/sluzby-karty-min-1365x2048.png 1365w, https:\/\/janhonig.com\/wp-content\/uploads\/2023\/12\/sluzby-karty-min-600x900.png 600w\" sizes=\"(max-width: 3456px) 100vw, 3456px\" \/>\t\t\t\t\t\t\t\t\t\t\t\t\t\t\t<\/div>\n\t\t\t\t<\/div>\n\t\t\t\t\t<\/div>\n\t\t\t\t<\/div>\n\t\t<div class=\"elementor-element elementor-element-e48666b e-flex e-con-boxed e-con e-child\" data-id=\"e48666b\" data-element_type=\"container\" data-settings=\"{&quot;container_type&quot;:&quot;flex&quot;,&quot;content_width&quot;:&quot;boxed&quot;}\">\n\t\t\t\t\t<div class=\"e-con-inner\">\n\t\t\t\t<div class=\"elementor-element elementor-element-2c83d5d elementor-widget elementor-widget-heading\" data-id=\"2c83d5d\" data-element_type=\"widget\" data-widget_type=\"heading.default\">\n\t\t\t\t<div class=\"elementor-widget-container\">\n\t\t\t<h2 class=\"elementor-heading-title elementor-size-default\">P\u0159esta\u0148te jednou pro v\u017edy \u017e\u00edt v nejistot\u011b, obav\u00e1ch a stresu z toho co bude \u010di nebude!<\/h2>\t\t<\/div>\n\t\t\t\t<\/div>\n\t\t\t\t<div class=\"elementor-element elementor-element-382b678 elementor-widget elementor-widget-text-editor\" data-id=\"382b678\" data-element_type=\"widget\" data-widget_type=\"text-editor.default\">\n\t\t\t\t<div class=\"elementor-widget-container\">\n\t\t\t\t\t\t\t<p>Ka\u017ed\u00fd se v \u017eivot\u011b ocitne v situaci, se kterou si nev\u00ed rady, nebo se pot\u0159ebuje spr\u00e1vn\u011b rozhodnout a nen\u00ed si jist\u00fd jakou nejlep\u0161\u00ed cestu k dosa\u017een\u00ed sv\u00e9ho c\u00edle zvolit. M\u016f\u017eete se dostat do r\u016fzn\u00fdch probl\u00e9m\u016f s prac\u00ed, l\u00e1skou, pen\u011bzi, soudy a v\u0161\u00edm co n\u00e1m je osud schopn\u00fd v \u017eivot\u011b nachystat. Pokud hled\u00e1te odpov\u011bdi na sv\u00e9 ot\u00e1zky a chcete zn\u00e1t konkr\u00e9tn\u00ed, stru\u010dnou a v\u011bcnou odpov\u011b\u010f t\u00fdkaj\u00edc\u00ed se toho co V\u00e1s \u010dek\u00e1 a nemine, nev\u00e1hejte se na m\u011b obr\u00e1tit!<\/p><p><span class=\"wixui-rich-text__text\">Karty vykl\u00e1d\u00e1m mnoho let a ro\u010dn\u011b m\u00e9 slu\u017eby vyu\u017eije v\u00edce ne\u017e 1 000 spokojen\u00fdch klient\u016f.<\/span>\u00a0Neh\u00e1d\u00e1m, netrefuji se, sd\u011bluji V\u00e1m v\u017edy p\u0159esn\u011b a v\u011bcn\u011b to co m\u00e1te v\u011bd\u011bt a to co mi karty sd\u011bl\u00ed. Porad\u00edm V\u00e1m a najdu cestu \u0159e\u0161en\u00ed Va\u0161ich probl\u00e9m\u016f a \u017eivotn\u00edch strast\u00ed. V\u017edy se sna\u017e\u00edm nahl\u00ed\u017eet na v\u011bci z v\u00edce \u00fahl\u016f a naj\u00edt to nejlep\u0161\u00ed \u0159e\u0161en\u00ed. Skrze m\u00e9 energetick\u00e9 napojen\u00ed na Vy\u0161\u0161\u00ed s\u00edly a kombinaci n\u011bkolika v\u011b\u0161teck\u00fdch a predik\u010dn\u00edch technik ode m\u011b dostanete v\u017edy ucelen\u00fd pohled na v\u011bc a radu, kter\u00e1 je k nezaplacen\u00ed.<\/p>\t\t\t\t\t\t<\/div>\n\t\t\t\t<\/div>\n\t\t\t\t<div class=\"elementor-element elementor-element-9b25475 elementor-align-center elementor-widget elementor-widget-button\" data-id=\"9b25475\" data-element_type=\"widget\" data-widget_type=\"button.default\">\n\t\t\t\t<div class=\"elementor-widget-container\">\n\t\t\t\t\t<div class=\"elementor-button-wrapper\">\n\t\t\t<a class=\"elementor-button elementor-button-link elementor-size-sm\" href=\"https:\/\/janhonig.com\/index.php\/obchod\/\">\n\t\t\t\t\t\t<span class=\"elementor-button-content-wrapper\">\n\t\t\t\t\t\t<span class=\"elementor-button-text\">Objednat se na v\u00fdklad karet<\/span>\n\t\t<\/span>\n\t\t\t\t\t<\/a>\n\t\t<\/div>\n\t\t\t\t<\/div>\n\t\t\t\t<\/div>\n\t\t\t\t\t<\/div>\n\t\t\t\t<\/div>\n\t\t\t\t\t<\/div>\n\t\t\t\t<\/div>\n\t\t<div class=\"elementor-element elementor-element-27e2c78 e-flex e-con-boxed e-con e-parent\" data-id=\"27e2c78\" data-element_type=\"container\" data-settings=\"{&quot;background_background&quot;:&quot;classic&quot;,&quot;container_type&quot;:&quot;flex&quot;,&quot;content_width&quot;:&quot;boxed&quot;}\" data-core-v316-plus=\"true\">\n\t\t\t\t\t<div class=\"e-con-inner\">\n\t\t<div class=\"elementor-element elementor-element-cd83f47 e-flex e-con-boxed e-con e-child\" data-id=\"cd83f47\" data-element_type=\"container\" data-settings=\"{&quot;container_type&quot;:&quot;flex&quot;,&quot;content_width&quot;:&quot;boxed&quot;}\">\n\t\t\t\t\t<div class=\"e-con-inner\">\n\t\t\t\t<div class=\"elementor-element elementor-element-d576656 elementor-hidden-mobile elementor-widget elementor-widget-image\" data-id=\"d576656\" data-element_type=\"widget\" data-widget_type=\"image.default\">\n\t\t\t\t<div class=\"elementor-widget-container\">\n\t\t\t\t\t\t\t\t\t\t\t\t\t\t\t<img decoding=\"async\" loading=\"lazy\" width=\"3456\" height=\"5184\" src=\"https:\/\/janhonig.com\/wp-content\/uploads\/2023\/12\/sluzby-rad-vam-odpovim-min.png\" class=\"attachment-full size-full wp-image-815\" alt=\"\" srcset=\"https:\/\/janhonig.com\/wp-content\/uploads\/2023\/12\/sluzby-rad-vam-odpovim-min.png 3456w, https:\/\/janhonig.com\/wp-content\/uploads\/2023\/12\/sluzby-rad-vam-odpovim-min-200x300.png 200w, https:\/\/janhonig.com\/wp-content\/uploads\/2023\/12\/sluzby-rad-vam-odpovim-min-683x1024.png 683w, https:\/\/janhonig.com\/wp-content\/uploads\/2023\/12\/sluzby-rad-vam-odpovim-min-768x1152.png 768w, https:\/\/janhonig.com\/wp-content\/uploads\/2023\/12\/sluzby-rad-vam-odpovim-min-1024x1536.png 1024w, https:\/\/janhonig.com\/wp-content\/uploads\/2023\/12\/sluzby-rad-vam-odpovim-min-1365x2048.png 1365w, https:\/\/janhonig.com\/wp-content\/uploads\/2023\/12\/sluzby-rad-vam-odpovim-min-600x900.png 600w\" sizes=\"(max-width: 3456px) 100vw, 3456px\" \/>\t\t\t\t\t\t\t\t\t\t\t\t\t\t\t<\/div>\n\t\t\t\t<\/div>\n\t\t\t\t\t<\/div>\n\t\t\t\t<\/div>\n\t\t<div class=\"elementor-element elementor-element-401bae7 e-flex e-con-boxed e-con e-child\" data-id=\"401bae7\" data-element_type=\"container\" data-settings=\"{&quot;container_type&quot;:&quot;flex&quot;,&quot;content_width&quot;:&quot;boxed&quot;}\">\n\t\t\t\t\t<div class=\"e-con-inner\">\n\t\t\t\t<div class=\"elementor-element elementor-element-23be4d6 elementor-widget elementor-widget-heading\" data-id=\"23be4d6\" data-element_type=\"widget\" data-widget_type=\"heading.default\">\n\t\t\t\t<div class=\"elementor-widget-container\">\n\t\t\t<h2 class=\"elementor-heading-title elementor-size-default\">R\u00e1d V\u00e1m odpov\u00edm na v\u0161echny Va\u0161e ot\u00e1zky!<\/h2>\t\t<\/div>\n\t\t\t\t<\/div>\n\t\t\t\t<div class=\"elementor-element elementor-element-9c7bc3f elementor-widget elementor-widget-text-editor\" data-id=\"9c7bc3f\" data-element_type=\"widget\" data-widget_type=\"text-editor.default\">\n\t\t\t\t<div class=\"elementor-widget-container\">\n\t\t\t\t\t\t\t<p class=\"font_7 wixui-rich-text__text\"><span class=\"wixui-rich-text__text\">\u010d\u00edm p\u0159esn\u011bj\u0161\u00ed budou, t\u00edm p\u0159esn\u011bj\u0161\u00ed bude m\u00e1 odpov\u011b\u010f. Na\u010d\u00edt\u00e1m Va\u0161i minulost, sou\u010dasnost a budoucnost z Ak\u00e1\u0161i, d\u00edky tomu se v\u017edy dozv\u00edte p\u0159esn\u011b to, co se dozv\u011bd\u011bt chcete a m\u00e1te. M\u016fj v\u00fdklad je jedine\u010dn\u00fd a neopakovateln\u00fd, v\u00fdklady jsou v\u017edy p\u0159esn\u00e9, v\u011bcn\u00e9 a pravdiv\u00e9, nebo\u0165 nem\u00e1m r\u00e1d zbyte\u010dn\u00e9 \u0159e\u010di okolo. Cel\u00fd v\u00fdklad karet m\u016f\u017ee prob\u00edhat telefonicky \u010di osobn\u011b v m\u00e9 priv\u00e1tn\u00ed kamenn\u00e9 v\u011b\u0161t\u00edrn\u011b v Opav\u011b. \u200b\u200b\u200b\u200b\u200b\u200b\u200b\u200b\u200b\u200b\u200b\u200b\u200b<\/span><\/p><p class=\"font_7 wixui-rich-text__text\"><span class=\"wixui-rich-text__text\">Zvolenou d\u00e9lku v\u00fdkladu karet vlo\u017ete do ko\u0161\u00edku, zapla\u0165te skrze platebn\u00ed br\u00e1nu, v p\u0159\u00edpad\u011b \u017ee nechcete platit kartou m\u016f\u017eete \u010d\u00e1stku zaslat bankovn\u00edm p\u0159evodem na \u010d\u00edslo \u00fa\u010dtu 115-3890710277 \/ 0100. Do zpr\u00e1vy pro p\u0159\u00edjemce pros\u00edm uve\u010fte sv\u00e9 telefonn\u00ed \u010d\u00edslo. Po \u00fasp\u011b\u0161n\u011b prob\u011bhl\u00e9 platb\u011b m\u011b pros\u00edm kontaktujte na telefonn\u00edm \u010d\u00edsle +420 792 520 064 pro up\u0159esn\u011bn\u00ed term\u00ednu konzultace.<\/span><\/p>\t\t\t\t\t\t<\/div>\n\t\t\t\t<\/div>\n\t\t\t\t<div class=\"elementor-element elementor-element-259c613 elementor-align-center elementor-widget elementor-widget-button\" data-id=\"259c613\" data-element_type=\"widget\" data-widget_type=\"button.default\">\n\t\t\t\t<div class=\"elementor-widget-container\">\n\t\t\t\t\t<div class=\"elementor-button-wrapper\">\n\t\t\t<a class=\"elementor-button elementor-button-link elementor-size-sm\" href=\"https:\/\/janhonig.com\/index.php\/obchod\/\">\n\t\t\t\t\t\t<span class=\"elementor-button-content-wrapper\">\n\t\t\t\t\t\t<span class=\"elementor-button-text\">Objednat se na v\u00fdklad karet<\/span>\n\t\t<\/span>\n\t\t\t\t\t<\/a>\n\t\t<\/div>\n\t\t\t\t<\/div>\n\t\t\t\t<\/div>\n\t\t\t\t\t<\/div>\n\t\t\t\t<\/div>\n\t\t\t\t\t<\/div>\n\t\t\t\t<\/div>\n\t\t<div class=\"elementor-element elementor-element-cbdf646 elementor-hidden-desktop elementor-hidden-tablet elementor-hidden-mobile e-flex e-con-boxed e-con e-parent\" data-id=\"cbdf646\" data-element_type=\"container\" data-settings=\"{&quot;background_background&quot;:&quot;classic&quot;,&quot;container_type&quot;:&quot;flex&quot;,&quot;content_width&quot;:&quot;boxed&quot;}\" data-core-v316-plus=\"true\">\n\t\t\t\t\t<div class=\"e-con-inner\">\n\t\t<div class=\"elementor-element elementor-element-7c9f89c e-flex e-con-boxed e-con e-child\" data-id=\"7c9f89c\" data-element_type=\"container\" data-settings=\"{&quot;container_type&quot;:&quot;flex&quot;,&quot;content_width&quot;:&quot;boxed&quot;}\">\n\t\t\t\t\t<div class=\"e-con-inner\">\n\t\t\t\t<div class=\"elementor-element elementor-element-c3741fd elementor-widget elementor-widget-heading\" data-id=\"c3741fd\" data-element_type=\"widget\" data-widget_type=\"heading.default\">\n\t\t\t\t<div class=\"elementor-widget-container\">\n\t\t\t<h2 class=\"elementor-heading-title elementor-size-default\">Zaj\u00edm\u00e1 V\u00e1s jak v\u00fdklad prob\u00edh\u00e1, nebo jste na pochyb\u00e1ch, zda-li je pro v\u00e1s v\u00fdklad karet tou spr\u00e1vnou volbou? Nato\u010dil jsem pro v\u00e1s video, kde se dozv\u00edte v\u0161e pot\u0159ebn\u00e9!<\/h2>\t\t<\/div>\n\t\t\t\t<\/div>\n\t\t\t\t<div class=\"elementor-element elementor-element-5b63c26 elementor-widget elementor-widget-video\" data-id=\"5b63c26\" data-element_type=\"widget\" data-settings=\"{&quot;video_type&quot;:&quot;hosted&quot;,&quot;controls&quot;:&quot;yes&quot;}\" data-widget_type=\"video.default\">\n\t\t\t\t<div class=\"elementor-widget-container\">\n\t\t\t<style>\/*! elementor - v3.16.0 - 20-09-2023 *\/\n.elementor-widget-video .elementor-widget-container{overflow:hidden;transform:translateZ(0)}.elementor-widget-video .elementor-wrapper{aspect-ratio:var(--video-aspect-ratio)}.elementor-widget-video .elementor-wrapper iframe,.elementor-widget-video .elementor-wrapper video{height:100%;width:100%;display:flex;border:none;background-color:#000}@supports not (aspect-ratio:1\/1){.elementor-widget-video .elementor-wrapper{position:relative;overflow:hidden;height:0;padding-bottom:calc(100% \/ var(--video-aspect-ratio))}.elementor-widget-video .elementor-wrapper iframe,.elementor-widget-video .elementor-wrapper video{position:absolute;top:0;right:0;bottom:0;left:0}}.elementor-widget-video .elementor-open-inline .elementor-custom-embed-image-overlay{position:absolute;top:0;right:0;bottom:0;left:0;background-size:cover;background-position:50%}.elementor-widget-video .elementor-custom-embed-image-overlay{cursor:pointer;text-align:center}.elementor-widget-video .elementor-custom-embed-image-overlay:hover .elementor-custom-embed-play i{opacity:1}.elementor-widget-video .elementor-custom-embed-image-overlay img{display:block;width:100%;aspect-ratio:var(--video-aspect-ratio);-o-object-fit:cover;object-fit:cover;-o-object-position:center center;object-position:center center}@supports not (aspect-ratio:1\/1){.elementor-widget-video .elementor-custom-embed-image-overlay{position:relative;overflow:hidden;height:0;padding-bottom:calc(100% \/ var(--video-aspect-ratio))}.elementor-widget-video .elementor-custom-embed-image-overlay img{position:absolute;top:0;right:0;bottom:0;left:0}}.elementor-widget-video .e-hosted-video .elementor-video{-o-object-fit:cover;object-fit:cover}.e-con-inner>.elementor-widget-video,.e-con>.elementor-widget-video{width:var(--container-widget-width);--flex-grow:var(--container-widget-flex-grow)}<\/style>\t\t<div class=\"e-hosted-video elementor-wrapper elementor-open-inline\">\n\t\t\t\t\t<video class=\"elementor-video\" src=\"https:\/\/janhonig.com\/wp-content\/uploads\/2023\/10\/vyklad_karet-1.mp4\" controls=\"\" preload=\"metadata\" controlsList=\"nodownload\"><\/video>\n\t\t\t\t<\/div>\n\t\t\t\t<\/div>\n\t\t\t\t<\/div>\n\t\t\t\t\t<\/div>\n\t\t\t\t<\/div>\n\t\t\t\t\t<\/div>\n\t\t\t\t<\/div>\n\t\t\t\t\t\t\t<\/div>\n\t\t","protected":false},"excerpt":{"rendered":"<p>V\u00fdklad Karet P\u0159esta\u0148te jednou pro v\u017edy \u017e\u00edt v nejistot\u011b, obav\u00e1ch a stresu z toho co bude \u010di nebude! P\u0159esta\u0148te jednou pro v\u017edy \u017e\u00edt v nejistot\u011b, obav\u00e1ch a stresu z toho co bude \u010di nebude! Ka\u017ed\u00fd se v \u017eivot\u011b ocitne v situaci, se kterou si nev\u00ed rady, nebo se pot\u0159ebuje spr\u00e1vn\u011b rozhodnout a nen\u00ed si jist\u00fd [&hellip;]<\/p>\n","protected":false},"author":1,"featured_media":0,"parent":0,"menu_order":0,"comment_status":"closed","ping_status":"closed","template":"","meta":{"footnotes":""},"aioseo_notices":[],"_links":{"self":[{"href":"https:\/\/janhonig.com\/index.php\/wp-json\/wp\/v2\/pages\/146"}],"collection":[{"href":"https:\/\/janhonig.com\/index.php\/wp-json\/wp\/v2\/pages"}],"about":[{"href":"https:\/\/janhonig.com\/index.php\/wp-json\/wp\/v2\/types\/page"}],"author":[{"embeddable":true,"href":"https:\/\/janhonig.com\/index.php\/wp-json\/wp\/v2\/users\/1"}],"replies":[{"embeddable":true,"href":"https:\/\/janhonig.com\/index.php\/wp-json\/wp\/v2\/comments?post=146"}],"version-history":[{"count":49,"href":"https:\/\/janhonig.com\/index.php\/wp-json\/wp\/v2\/pages\/146\/revisions"}],"predecessor-version":[{"id":818,"href":"https:\/\/janhonig.com\/index.php\/wp-json\/wp\/v2\/pages\/146\/revisions\/818"}],"wp:attachment":[{"href":"https:\/\/janhonig.com\/index.php\/wp-json\/wp\/v2\/media?parent=146"}],"curies":[{"name":"wp","href":"https:\/\/api.w.org\/{rel}","templated":true}]}}