{"id":217,"date":"2023-10-09T15:37:44","date_gmt":"2023-10-09T13:37:44","guid":{"rendered":"https:\/\/janhonig.com\/?page_id=217"},"modified":"2023-12-05T15:36:42","modified_gmt":"2023-12-05T14:36:42","slug":"leceni-s-odblokovanim","status":"publish","type":"page","link":"https:\/\/janhonig.com\/index.php\/leceni-s-odblokovanim\/","title":{"rendered":"L\u00e9\u010den\u00ed S Odblokov\u00e1n\u00edm"},"content":{"rendered":"\t\t<div data-elementor-type=\"wp-page\" data-elementor-id=\"217\" class=\"elementor elementor-217\" data-elementor-post-type=\"page\">\n\t\t\t\t\t\t\t<div class=\"elementor-element elementor-element-583db94 e-flex e-con-boxed e-con e-parent\" data-id=\"583db94\" data-element_type=\"container\" data-settings=\"{&quot;background_background&quot;:&quot;classic&quot;,&quot;container_type&quot;:&quot;flex&quot;,&quot;content_width&quot;:&quot;boxed&quot;}\" data-core-v316-plus=\"true\">\n\t\t\t\t\t<div class=\"e-con-inner\">\n\t\t\t\t<div class=\"elementor-element elementor-element-e65c9c9 elementor-widget elementor-widget-heading\" data-id=\"e65c9c9\" data-element_type=\"widget\" data-widget_type=\"heading.default\">\n\t\t\t\t<div class=\"elementor-widget-container\">\n\t\t\t<style>\/*! elementor - v3.16.0 - 20-09-2023 *\/\n.elementor-heading-title{padding:0;margin:0;line-height:1}.elementor-widget-heading .elementor-heading-title[class*=elementor-size-]>a{color:inherit;font-size:inherit;line-height:inherit}.elementor-widget-heading .elementor-heading-title.elementor-size-small{font-size:15px}.elementor-widget-heading .elementor-heading-title.elementor-size-medium{font-size:19px}.elementor-widget-heading .elementor-heading-title.elementor-size-large{font-size:29px}.elementor-widget-heading .elementor-heading-title.elementor-size-xl{font-size:39px}.elementor-widget-heading .elementor-heading-title.elementor-size-xxl{font-size:59px}<\/style><h1 class=\"elementor-heading-title elementor-size-default\">L\u00e9\u010den\u00ed s odblokov\u00e1n\u00edm\n<\/h1>\t\t<\/div>\n\t\t\t\t<\/div>\n\t\t\t\t<div class=\"elementor-element elementor-element-53782fd elementor-widget elementor-widget-text-editor\" data-id=\"53782fd\" data-element_type=\"widget\" data-widget_type=\"text-editor.default\">\n\t\t\t\t<div class=\"elementor-widget-container\">\n\t\t\t<style>\/*! elementor - v3.16.0 - 20-09-2023 *\/\n.elementor-widget-text-editor.elementor-drop-cap-view-stacked .elementor-drop-cap{background-color:#69727d;color:#fff}.elementor-widget-text-editor.elementor-drop-cap-view-framed .elementor-drop-cap{color:#69727d;border:3px solid;background-color:transparent}.elementor-widget-text-editor:not(.elementor-drop-cap-view-default) .elementor-drop-cap{margin-top:8px}.elementor-widget-text-editor:not(.elementor-drop-cap-view-default) .elementor-drop-cap-letter{width:1em;height:1em}.elementor-widget-text-editor .elementor-drop-cap{float:left;text-align:center;line-height:1;font-size:50px}.elementor-widget-text-editor .elementor-drop-cap-letter{display:inline-block}<\/style>\t\t\t\t<p>Ka\u017ed\u00fd se n\u011bkdy ocitne ve stavu, ve kter\u00e9m mu nen\u00ed dob\u0159e na fyzick\u00e9 \u010di psychick\u00e9 rovin\u011b.<\/p>\t\t\t\t\t\t<\/div>\n\t\t\t\t<\/div>\n\t\t\t\t\t<\/div>\n\t\t\t\t<\/div>\n\t\t<div class=\"elementor-element elementor-element-e0b0a15 e-flex e-con-boxed e-con e-parent\" data-id=\"e0b0a15\" data-element_type=\"container\" data-settings=\"{&quot;background_background&quot;:&quot;classic&quot;,&quot;container_type&quot;:&quot;flex&quot;,&quot;content_width&quot;:&quot;boxed&quot;}\" data-core-v316-plus=\"true\">\n\t\t\t\t\t<div class=\"e-con-inner\">\n\t\t<div class=\"elementor-element elementor-element-8a4abec e-flex e-con-boxed e-con e-child\" data-id=\"8a4abec\" data-element_type=\"container\" data-settings=\"{&quot;container_type&quot;:&quot;flex&quot;,&quot;content_width&quot;:&quot;boxed&quot;}\">\n\t\t\t\t\t<div class=\"e-con-inner\">\n\t\t\t\t<div class=\"elementor-element elementor-element-c17f635 elementor-hidden-mobile elementor-widget elementor-widget-image\" data-id=\"c17f635\" data-element_type=\"widget\" data-widget_type=\"image.default\">\n\t\t\t\t<div class=\"elementor-widget-container\">\n\t\t\t<style>\/*! elementor - v3.16.0 - 20-09-2023 *\/\n.elementor-widget-image{text-align:center}.elementor-widget-image a{display:inline-block}.elementor-widget-image a img[src$=\".svg\"]{width:48px}.elementor-widget-image img{vertical-align:middle;display:inline-block}<\/style>\t\t\t\t\t\t\t\t\t\t\t\t<img decoding=\"async\" loading=\"lazy\" width=\"3456\" height=\"5184\" src=\"https:\/\/janhonig.com\/wp-content\/uploads\/2023\/12\/sluzby-leceni-dolu-min.png\" class=\"attachment-full size-full wp-image-800\" alt=\"\" srcset=\"https:\/\/janhonig.com\/wp-content\/uploads\/2023\/12\/sluzby-leceni-dolu-min.png 3456w, https:\/\/janhonig.com\/wp-content\/uploads\/2023\/12\/sluzby-leceni-dolu-min-200x300.png 200w, https:\/\/janhonig.com\/wp-content\/uploads\/2023\/12\/sluzby-leceni-dolu-min-683x1024.png 683w, https:\/\/janhonig.com\/wp-content\/uploads\/2023\/12\/sluzby-leceni-dolu-min-768x1152.png 768w, https:\/\/janhonig.com\/wp-content\/uploads\/2023\/12\/sluzby-leceni-dolu-min-1024x1536.png 1024w, https:\/\/janhonig.com\/wp-content\/uploads\/2023\/12\/sluzby-leceni-dolu-min-1365x2048.png 1365w, https:\/\/janhonig.com\/wp-content\/uploads\/2023\/12\/sluzby-leceni-dolu-min-600x900.png 600w\" sizes=\"(max-width: 3456px) 100vw, 3456px\" \/>\t\t\t\t\t\t\t\t\t\t\t\t\t\t\t<\/div>\n\t\t\t\t<\/div>\n\t\t\t\t\t<\/div>\n\t\t\t\t<\/div>\n\t\t<div class=\"elementor-element elementor-element-70eec87 e-flex e-con-boxed e-con e-child\" data-id=\"70eec87\" data-element_type=\"container\" data-settings=\"{&quot;container_type&quot;:&quot;flex&quot;,&quot;content_width&quot;:&quot;boxed&quot;}\">\n\t\t\t\t\t<div class=\"e-con-inner\">\n\t\t\t\t<div class=\"elementor-element elementor-element-a8712e3 elementor-widget elementor-widget-heading\" data-id=\"a8712e3\" data-element_type=\"widget\" data-widget_type=\"heading.default\">\n\t\t\t\t<div class=\"elementor-widget-container\">\n\t\t\t<h2 class=\"elementor-heading-title elementor-size-default\">Ka\u017ed\u00fd se n\u011bkdy ocitne ve stavu, ve kter\u00e9m mu nen\u00ed dob\u0159e na fyzick\u00e9 \u010di psychick\u00e9 rovin\u011b<\/h2>\t\t<\/div>\n\t\t\t\t<\/div>\n\t\t\t\t<div class=\"elementor-element elementor-element-df528a0 elementor-widget elementor-widget-text-editor\" data-id=\"df528a0\" data-element_type=\"widget\" data-widget_type=\"text-editor.default\">\n\t\t\t\t<div class=\"elementor-widget-container\">\n\t\t\t\t\t\t\t<p class=\"font_8 wixui-rich-text__text\"><span class=\"wixui-rich-text__text\">Nejsem l\u00e9ka\u0159 ani diagnostik, m\u00e9 slu\u017eby nikdy nenahrazuj\u00ed l\u00e9ka\u0159skou pomoc. V\u017edy ka\u017ed\u00e9mu klientovi d\u016frazn\u011b opakuji, \u017ee je t\u0159eba dodr\u017eovat l\u00e9ka\u0159sk\u00e1 doporu\u010den\u00ed a pomoc l\u00e9\u010ditele zahrnout k l\u00e9\u010db\u011b v r\u00e1mci celostn\u00edho pohledu. Nikdy V\u00e1s nenut\u00edm p\u0159estat u\u017e\u00edvat pr\u00e1\u0161ky, neposlouchat rady l\u00e9ka\u0159e a neslibuji z\u00e1zra\u010dn\u00e9 vyl\u00e9\u010den\u00ed. Zdrav\u00ed \u010dlov\u011bka je velmi slo\u017eit\u00fd mechanismus, kter\u00fd pot\u0159ebuje pro sv\u00e9 udr\u017een\u00ed v dobr\u00e9 kondici mnoho faktor\u016f.<\/span><\/p><p class=\"font_8 wixui-rich-text__text\"><span class=\"wixui-rich-text__text\"><span class=\"wixGuard wixui-rich-text__text\">\u200b<\/span><\/span><\/p><p class=\"font_8 wixui-rich-text__text\"><span class=\"wixui-rich-text__text\">Z ezoterick\u00e9ho pohledu na n\u00e1s \u010dasto p\u016fsob\u00ed stres, \u00fanava, \u0161patn\u00e1 \u017eivotospr\u00e1va a negativn\u00ed energie z okol\u00ed, kter\u00e9 mohou b\u00fdt do \u017eivota pos\u00edl\u00e1ny od lid\u00ed, kte\u0159\u00ed n\u00e1s nemaj\u00ed v l\u00e1sce. Nejsem sice ani diagnostik ani l\u00e9ka\u0159, ale mohu V\u00e1m pomoci na energetick\u00e9 \u00farovni. V r\u00e1mci duchovn\u00edho l\u00e9\u010den\u00ed pomoc\u00ed automatick\u00e9 kresby rozkresl\u00edm jednotliv\u00e1 energetick\u00e1 centra na t\u011ble, najdu bloky, p\u0159ek\u00e1\u017eky, negativn\u00ed energie, p\u0159ivt\u011blen\u00e9 du\u0161e, entity \u010di jin\u00e9 duchovn\u00ed parazity, kter\u00e9 Va\u0161e t\u011blo udr\u017euj\u00ed v n\u00edzk\u00fdch energetick\u00fdch a vibra\u010dn\u00edch rovin\u00e1ch a t\u00edm br\u00e1n\u00ed k \u00fasp\u011b\u0161n\u00e9mu vyl\u00e9\u010den\u00ed\u00a0 zdravotn\u00edch neduh.<\/span><\/p>\t\t\t\t\t\t<\/div>\n\t\t\t\t<\/div>\n\t\t\t\t<div class=\"elementor-element elementor-element-a62535a elementor-align-center elementor-widget elementor-widget-button\" data-id=\"a62535a\" data-element_type=\"widget\" data-widget_type=\"button.default\">\n\t\t\t\t<div class=\"elementor-widget-container\">\n\t\t\t\t\t<div class=\"elementor-button-wrapper\">\n\t\t\t<a class=\"elementor-button elementor-button-link elementor-size-sm\" href=\"https:\/\/janhonig.com\/index.php\/obchod\/\">\n\t\t\t\t\t\t<span class=\"elementor-button-content-wrapper\">\n\t\t\t\t\t\t<span class=\"elementor-button-text\">Objednat se na l\u00e9\u010den\u00ed s odblokov\u00e1n\u00edm<\/span>\n\t\t<\/span>\n\t\t\t\t\t<\/a>\n\t\t<\/div>\n\t\t\t\t<\/div>\n\t\t\t\t<\/div>\n\t\t\t\t\t<\/div>\n\t\t\t\t<\/div>\n\t\t\t\t\t<\/div>\n\t\t\t\t<\/div>\n\t\t<div class=\"elementor-element elementor-element-ae9c7f0 e-flex e-con-boxed e-con e-parent\" data-id=\"ae9c7f0\" data-element_type=\"container\" data-settings=\"{&quot;background_background&quot;:&quot;classic&quot;,&quot;container_type&quot;:&quot;flex&quot;,&quot;content_width&quot;:&quot;boxed&quot;}\" data-core-v316-plus=\"true\">\n\t\t\t\t\t<div class=\"e-con-inner\">\n\t\t<div class=\"elementor-element elementor-element-6ac71b6 e-flex e-con-boxed e-con e-child\" data-id=\"6ac71b6\" data-element_type=\"container\" data-settings=\"{&quot;container_type&quot;:&quot;flex&quot;,&quot;content_width&quot;:&quot;boxed&quot;}\">\n\t\t\t\t\t<div class=\"e-con-inner\">\n\t\t\t\t<div class=\"elementor-element elementor-element-861cf28 elementor-widget elementor-widget-image\" data-id=\"861cf28\" data-element_type=\"widget\" data-widget_type=\"image.default\">\n\t\t\t\t<div class=\"elementor-widget-container\">\n\t\t\t\t\t\t\t\t\t\t\t\t\t\t\t<img decoding=\"async\" loading=\"lazy\" width=\"3456\" height=\"5184\" src=\"https:\/\/janhonig.com\/wp-content\/uploads\/2023\/12\/sluzby-cisteni-nahoru-min-1.png\" class=\"attachment-full size-full wp-image-805\" alt=\"\" srcset=\"https:\/\/janhonig.com\/wp-content\/uploads\/2023\/12\/sluzby-cisteni-nahoru-min-1.png 3456w, https:\/\/janhonig.com\/wp-content\/uploads\/2023\/12\/sluzby-cisteni-nahoru-min-1-200x300.png 200w, https:\/\/janhonig.com\/wp-content\/uploads\/2023\/12\/sluzby-cisteni-nahoru-min-1-683x1024.png 683w, https:\/\/janhonig.com\/wp-content\/uploads\/2023\/12\/sluzby-cisteni-nahoru-min-1-768x1152.png 768w, https:\/\/janhonig.com\/wp-content\/uploads\/2023\/12\/sluzby-cisteni-nahoru-min-1-1024x1536.png 1024w, https:\/\/janhonig.com\/wp-content\/uploads\/2023\/12\/sluzby-cisteni-nahoru-min-1-1365x2048.png 1365w, https:\/\/janhonig.com\/wp-content\/uploads\/2023\/12\/sluzby-cisteni-nahoru-min-1-600x900.png 600w\" sizes=\"(max-width: 3456px) 100vw, 3456px\" \/>\t\t\t\t\t\t\t\t\t\t\t\t\t\t\t<\/div>\n\t\t\t\t<\/div>\n\t\t\t\t\t<\/div>\n\t\t\t\t<\/div>\n\t\t<div class=\"elementor-element elementor-element-e584bc1 e-flex e-con-boxed e-con e-child\" data-id=\"e584bc1\" data-element_type=\"container\" data-settings=\"{&quot;container_type&quot;:&quot;flex&quot;,&quot;content_width&quot;:&quot;boxed&quot;}\">\n\t\t\t\t\t<div class=\"e-con-inner\">\n\t\t\t\t<div class=\"elementor-element elementor-element-caa6675 elementor-widget elementor-widget-heading\" data-id=\"caa6675\" data-element_type=\"widget\" data-widget_type=\"heading.default\">\n\t\t\t\t<div class=\"elementor-widget-container\">\n\t\t\t<h2 class=\"elementor-heading-title elementor-size-default\">N\u00e1sledn\u011b nastav\u00edm na vy\u0161\u0161\u00ed vibrace a vy\u010dist\u00edm na energetick\u00e9 \u00farovni t\u011bln\u00ed plazmu<\/h2>\t\t<\/div>\n\t\t\t\t<\/div>\n\t\t\t\t<div class=\"elementor-element elementor-element-88b8834 elementor-widget elementor-widget-text-editor\" data-id=\"88b8834\" data-element_type=\"widget\" data-widget_type=\"text-editor.default\">\n\t\t\t\t<div class=\"elementor-widget-container\">\n\t\t\t\t\t\t\t<p class=\"font_8 wixui-rich-text__text\"><span class=\"wixui-rich-text__text\">kter\u00e1 je pro zdrav\u00ed velmi d\u016fle\u017eit\u00e1. D\u00e1le obnov\u00edm na komunika\u010dn\u00edch lini\u00edch Va\u0161e spojen\u00ed s And\u011bly, Archand\u011bly, And\u011blem str\u00e1\u017en\u00fdm a jin\u00fdmi pozitivn\u00edmi duchovn\u00edmi bytostmi, vy\u010dist\u00edm \u010dakry a auru od negativn\u00edch n\u00e1nos\u016f a vytvo\u0159\u00edm ochrann\u00e9 energetick\u00e9 syst\u00e9my a aktivuji pro V\u00e1\u0161 spokojen\u00fd a harmonick\u00fd \u017eivot.<\/span><\/p><p class=\"font_8 wixui-rich-text__text\"><span class=\"wixui-rich-text__text\">Cel\u00e9 energetick\u00e9 l\u00e9\u010den\u00ed s odblokov\u00e1n\u00edm propojuji tak\u00e9 s bylinnou terapi\u00ed, gemoterapi\u00ed, krystaloterapi\u00ed, \u010c\u00ednskou medic\u00ednou, Bachovou kv\u011btovou terapi\u00ed a doporu\u010d\u00edm V\u00e1m jak\u00e9 zm\u011bny je ve Va\u0161em \u017eivot\u011b pot\u0159eba ud\u011blat.<\/span><\/p><p class=\"font_8 wixui-rich-text__text\"><span class=\"wixui-rich-text__text\">Jedn\u00e1 se o hloubkov\u00e9 \u010di\u0161t\u011bn\u00ed a po\u010det sezen\u00ed se v\u017edy odv\u00edj\u00ed od stavu klienta.\u00a0<\/span><span class=\"wixui-rich-text__text\">Zvolen\u00fd typ konzultace vlo\u017ete do ko\u0161\u00edku a zapla\u0165te skrze platebn\u00ed br\u00e1nu. V p\u0159\u00edpad\u011b, \u017ee nechcete platit kartou m\u016f\u017eete \u010d\u00e1stku zaslat bankovn\u00edm p\u0159evodem a to na \u010d\u00edslo \u00fa\u010dtu 115-3890710277 \/ 0100. Do zpr\u00e1vy pro p\u0159\u00edjemce pros\u00edm uve\u010fte sv\u00e9 telefonn\u00ed \u010d\u00edslo. Po \u00fasp\u011b\u0161n\u011b prob\u011bhl\u00e9 platb\u011b m\u011b pros\u00edm kontaktujte na m\u00e9m telefonn\u00edm \u010d\u00edsle +420 792 520 064 pro term\u00edn konzultace.\u00a0<\/span><\/p>\t\t\t\t\t\t<\/div>\n\t\t\t\t<\/div>\n\t\t\t\t<div class=\"elementor-element elementor-element-20f84ec elementor-align-center elementor-widget elementor-widget-button\" data-id=\"20f84ec\" data-element_type=\"widget\" data-widget_type=\"button.default\">\n\t\t\t\t<div class=\"elementor-widget-container\">\n\t\t\t\t\t<div class=\"elementor-button-wrapper\">\n\t\t\t<a class=\"elementor-button elementor-button-link elementor-size-sm\" href=\"https:\/\/janhonig.com\/index.php\/obchod\/\">\n\t\t\t\t\t\t<span class=\"elementor-button-content-wrapper\">\n\t\t\t\t\t\t<span class=\"elementor-button-text\">Objednat se na l\u00e9\u010den\u00ed s odblokov\u00e1n\u00edm<\/span>\n\t\t<\/span>\n\t\t\t\t\t<\/a>\n\t\t<\/div>\n\t\t\t\t<\/div>\n\t\t\t\t<\/div>\n\t\t\t\t\t<\/div>\n\t\t\t\t<\/div>\n\t\t\t\t\t<\/div>\n\t\t\t\t<\/div>\n\t\t<div class=\"elementor-element elementor-element-294371b elementor-hidden-desktop elementor-hidden-tablet elementor-hidden-mobile e-flex e-con-boxed e-con e-parent\" data-id=\"294371b\" data-element_type=\"container\" data-settings=\"{&quot;background_background&quot;:&quot;classic&quot;,&quot;container_type&quot;:&quot;flex&quot;,&quot;content_width&quot;:&quot;boxed&quot;}\" data-core-v316-plus=\"true\">\n\t\t\t\t\t<div class=\"e-con-inner\">\n\t\t<div class=\"elementor-element elementor-element-c139b99 e-flex e-con-boxed e-con e-child\" data-id=\"c139b99\" data-element_type=\"container\" data-settings=\"{&quot;container_type&quot;:&quot;flex&quot;,&quot;content_width&quot;:&quot;boxed&quot;}\">\n\t\t\t\t\t<div class=\"e-con-inner\">\n\t\t\t\t<div class=\"elementor-element elementor-element-ed3be80 elementor-widget elementor-widget-heading\" data-id=\"ed3be80\" data-element_type=\"widget\" data-widget_type=\"heading.default\">\n\t\t\t\t<div class=\"elementor-widget-container\">\n\t\t\t<h2 class=\"elementor-heading-title elementor-size-default\">Zaj\u00edm\u00e1 V\u00e1s jak l\u00e9\u010den\u00ed s odblokov\u00e1n\u00edm prob\u00edh\u00e1, nebo jste na pochyb\u00e1ch, zda-li je pro v\u00e1s l\u00e9\u010den\u00ed s odblokov\u00e1n\u00edm tou spr\u00e1vnou volbou? Nato\u010dil jsem pro v\u00e1s video, kde se dozv\u00edte v\u0161e pot\u0159ebn\u00e9!<\/h2>\t\t<\/div>\n\t\t\t\t<\/div>\n\t\t\t\t<div class=\"elementor-element elementor-element-2201c61 elementor-widget elementor-widget-video\" data-id=\"2201c61\" data-element_type=\"widget\" data-settings=\"{&quot;video_type&quot;:&quot;hosted&quot;,&quot;controls&quot;:&quot;yes&quot;}\" data-widget_type=\"video.default\">\n\t\t\t\t<div class=\"elementor-widget-container\">\n\t\t\t<style>\/*! elementor - v3.16.0 - 20-09-2023 *\/\n.elementor-widget-video .elementor-widget-container{overflow:hidden;transform:translateZ(0)}.elementor-widget-video .elementor-wrapper{aspect-ratio:var(--video-aspect-ratio)}.elementor-widget-video .elementor-wrapper iframe,.elementor-widget-video .elementor-wrapper video{height:100%;width:100%;display:flex;border:none;background-color:#000}@supports not (aspect-ratio:1\/1){.elementor-widget-video .elementor-wrapper{position:relative;overflow:hidden;height:0;padding-bottom:calc(100% \/ var(--video-aspect-ratio))}.elementor-widget-video .elementor-wrapper iframe,.elementor-widget-video .elementor-wrapper video{position:absolute;top:0;right:0;bottom:0;left:0}}.elementor-widget-video .elementor-open-inline .elementor-custom-embed-image-overlay{position:absolute;top:0;right:0;bottom:0;left:0;background-size:cover;background-position:50%}.elementor-widget-video .elementor-custom-embed-image-overlay{cursor:pointer;text-align:center}.elementor-widget-video .elementor-custom-embed-image-overlay:hover .elementor-custom-embed-play i{opacity:1}.elementor-widget-video .elementor-custom-embed-image-overlay img{display:block;width:100%;aspect-ratio:var(--video-aspect-ratio);-o-object-fit:cover;object-fit:cover;-o-object-position:center center;object-position:center center}@supports not (aspect-ratio:1\/1){.elementor-widget-video .elementor-custom-embed-image-overlay{position:relative;overflow:hidden;height:0;padding-bottom:calc(100% \/ var(--video-aspect-ratio))}.elementor-widget-video .elementor-custom-embed-image-overlay img{position:absolute;top:0;right:0;bottom:0;left:0}}.elementor-widget-video .e-hosted-video .elementor-video{-o-object-fit:cover;object-fit:cover}.e-con-inner>.elementor-widget-video,.e-con>.elementor-widget-video{width:var(--container-widget-width);--flex-grow:var(--container-widget-flex-grow)}<\/style>\t\t<div class=\"e-hosted-video elementor-wrapper elementor-open-inline\">\n\t\t\t\t\t<video class=\"elementor-video\" src=\"https:\/\/janhonig.com\/wp-content\/uploads\/2023\/10\/konzultace_leceni-1-1.mp4\" controls=\"\" preload=\"metadata\" controlsList=\"nodownload\"><\/video>\n\t\t\t\t<\/div>\n\t\t\t\t<\/div>\n\t\t\t\t<\/div>\n\t\t\t\t\t<\/div>\n\t\t\t\t<\/div>\n\t\t\t\t\t<\/div>\n\t\t\t\t<\/div>\n\t\t\t\t\t\t\t<\/div>\n\t\t","protected":false},"excerpt":{"rendered":"<p>L\u00e9\u010den\u00ed s odblokov\u00e1n\u00edm Ka\u017ed\u00fd se n\u011bkdy ocitne ve stavu, ve kter\u00e9m mu nen\u00ed dob\u0159e na fyzick\u00e9 \u010di psychick\u00e9 rovin\u011b. Ka\u017ed\u00fd se n\u011bkdy ocitne ve stavu, ve kter\u00e9m mu nen\u00ed dob\u0159e na fyzick\u00e9 \u010di psychick\u00e9 rovin\u011b Nejsem l\u00e9ka\u0159 ani diagnostik, m\u00e9 slu\u017eby nikdy nenahrazuj\u00ed l\u00e9ka\u0159skou pomoc. V\u017edy ka\u017ed\u00e9mu klientovi d\u016frazn\u011b opakuji, \u017ee je t\u0159eba dodr\u017eovat l\u00e9ka\u0159sk\u00e1 [&hellip;]<\/p>\n","protected":false},"author":1,"featured_media":0,"parent":0,"menu_order":0,"comment_status":"closed","ping_status":"closed","template":"","meta":{"footnotes":""},"aioseo_notices":[],"_links":{"self":[{"href":"https:\/\/janhonig.com\/index.php\/wp-json\/wp\/v2\/pages\/217"}],"collection":[{"href":"https:\/\/janhonig.com\/index.php\/wp-json\/wp\/v2\/pages"}],"about":[{"href":"https:\/\/janhonig.com\/index.php\/wp-json\/wp\/v2\/types\/page"}],"author":[{"embeddable":true,"href":"https:\/\/janhonig.com\/index.php\/wp-json\/wp\/v2\/users\/1"}],"replies":[{"embeddable":true,"href":"https:\/\/janhonig.com\/index.php\/wp-json\/wp\/v2\/comments?post=217"}],"version-history":[{"count":31,"href":"https:\/\/janhonig.com\/index.php\/wp-json\/wp\/v2\/pages\/217\/revisions"}],"predecessor-version":[{"id":808,"href":"https:\/\/janhonig.com\/index.php\/wp-json\/wp\/v2\/pages\/217\/revisions\/808"}],"wp:attachment":[{"href":"https:\/\/janhonig.com\/index.php\/wp-json\/wp\/v2\/media?parent=217"}],"curies":[{"name":"wp","href":"https:\/\/api.w.org\/{rel}","templated":true}]}}