{"id":264,"date":"2023-10-10T12:43:59","date_gmt":"2023-10-10T10:43:59","guid":{"rendered":"https:\/\/janhonig.com\/?page_id=264"},"modified":"2023-12-05T14:11:30","modified_gmt":"2023-12-05T13:11:30","slug":"bachova-kvetova-terapie","status":"publish","type":"page","link":"https:\/\/janhonig.com\/index.php\/bachova-kvetova-terapie\/","title":{"rendered":"Bachova Kv\u011btov\u00e1 Terapie"},"content":{"rendered":"\t\t<div data-elementor-type=\"wp-page\" data-elementor-id=\"264\" class=\"elementor elementor-264\" data-elementor-post-type=\"page\">\n\t\t\t\t\t\t\t<div class=\"elementor-element elementor-element-9874d76 e-flex e-con-boxed e-con e-parent\" data-id=\"9874d76\" data-element_type=\"container\" data-settings=\"{&quot;background_background&quot;:&quot;classic&quot;,&quot;container_type&quot;:&quot;flex&quot;,&quot;content_width&quot;:&quot;boxed&quot;}\" data-core-v316-plus=\"true\">\n\t\t\t\t\t<div class=\"e-con-inner\">\n\t\t\t\t<div class=\"elementor-element elementor-element-f84d33a elementor-widget elementor-widget-heading\" data-id=\"f84d33a\" data-element_type=\"widget\" data-widget_type=\"heading.default\">\n\t\t\t\t<div class=\"elementor-widget-container\">\n\t\t\t<style>\/*! elementor - v3.16.0 - 20-09-2023 *\/\n.elementor-heading-title{padding:0;margin:0;line-height:1}.elementor-widget-heading .elementor-heading-title[class*=elementor-size-]>a{color:inherit;font-size:inherit;line-height:inherit}.elementor-widget-heading .elementor-heading-title.elementor-size-small{font-size:15px}.elementor-widget-heading .elementor-heading-title.elementor-size-medium{font-size:19px}.elementor-widget-heading .elementor-heading-title.elementor-size-large{font-size:29px}.elementor-widget-heading .elementor-heading-title.elementor-size-xl{font-size:39px}.elementor-widget-heading .elementor-heading-title.elementor-size-xxl{font-size:59px}<\/style><h1 class=\"elementor-heading-title elementor-size-default\">Bachova kv\u011btov\u00e1 terapie\n<\/h1>\t\t<\/div>\n\t\t\t\t<\/div>\n\t\t\t\t<div class=\"elementor-element elementor-element-5092b66 elementor-widget elementor-widget-text-editor\" data-id=\"5092b66\" data-element_type=\"widget\" data-widget_type=\"text-editor.default\">\n\t\t\t\t<div class=\"elementor-widget-container\">\n\t\t\t<style>\/*! elementor - v3.16.0 - 20-09-2023 *\/\n.elementor-widget-text-editor.elementor-drop-cap-view-stacked .elementor-drop-cap{background-color:#69727d;color:#fff}.elementor-widget-text-editor.elementor-drop-cap-view-framed .elementor-drop-cap{color:#69727d;border:3px solid;background-color:transparent}.elementor-widget-text-editor:not(.elementor-drop-cap-view-default) .elementor-drop-cap{margin-top:8px}.elementor-widget-text-editor:not(.elementor-drop-cap-view-default) .elementor-drop-cap-letter{width:1em;height:1em}.elementor-widget-text-editor .elementor-drop-cap{float:left;text-align:center;line-height:1;font-size:50px}.elementor-widget-text-editor .elementor-drop-cap-letter{display:inline-block}<\/style>\t\t\t\t<p>Bachovy kv\u011btov\u00e9 esence p\u0159edstavuj\u00ed velice jednoduch\u00fd a p\u0159itom velice \u00fa\u010dinn\u00fd syst\u00e9m, kter\u00fd navrac\u00ed harmonii na\u0161im emoc\u00edm a t\u00edm tak\u00e9 na\u0161emu cel\u00e9mu byt\u00ed.<\/p>\t\t\t\t\t\t<\/div>\n\t\t\t\t<\/div>\n\t\t\t\t\t<\/div>\n\t\t\t\t<\/div>\n\t\t<div class=\"elementor-element elementor-element-ececae1 e-flex e-con-boxed e-con e-parent\" data-id=\"ececae1\" data-element_type=\"container\" data-settings=\"{&quot;background_background&quot;:&quot;classic&quot;,&quot;container_type&quot;:&quot;flex&quot;,&quot;content_width&quot;:&quot;boxed&quot;}\" data-core-v316-plus=\"true\">\n\t\t\t\t\t<div class=\"e-con-inner\">\n\t\t<div class=\"elementor-element elementor-element-f2b1046 e-flex e-con-boxed e-con e-child\" data-id=\"f2b1046\" data-element_type=\"container\" data-settings=\"{&quot;container_type&quot;:&quot;flex&quot;,&quot;content_width&quot;:&quot;boxed&quot;}\">\n\t\t\t\t\t<div class=\"e-con-inner\">\n\t\t\t\t<div class=\"elementor-element elementor-element-220ee27 elementor-hidden-mobile elementor-widget elementor-widget-image\" data-id=\"220ee27\" data-element_type=\"widget\" data-widget_type=\"image.default\">\n\t\t\t\t<div class=\"elementor-widget-container\">\n\t\t\t<style>\/*! elementor - v3.16.0 - 20-09-2023 *\/\n.elementor-widget-image{text-align:center}.elementor-widget-image a{display:inline-block}.elementor-widget-image a img[src$=\".svg\"]{width:48px}.elementor-widget-image img{vertical-align:middle;display:inline-block}<\/style>\t\t\t\t\t\t\t\t\t\t\t\t<img decoding=\"async\" loading=\"lazy\" width=\"683\" height=\"1000\" src=\"https:\/\/janhonig.com\/wp-content\/uploads\/2023\/10\/evergreen-falling-into-water.jpg\" class=\"attachment-full size-full wp-image-267\" alt=\"\" srcset=\"https:\/\/janhonig.com\/wp-content\/uploads\/2023\/10\/evergreen-falling-into-water.jpg 683w, https:\/\/janhonig.com\/wp-content\/uploads\/2023\/10\/evergreen-falling-into-water-205x300.jpg 205w\" sizes=\"(max-width: 683px) 100vw, 683px\" \/>\t\t\t\t\t\t\t\t\t\t\t\t\t\t\t<\/div>\n\t\t\t\t<\/div>\n\t\t\t\t\t<\/div>\n\t\t\t\t<\/div>\n\t\t<div class=\"elementor-element elementor-element-2dc5fff e-flex e-con-boxed e-con e-child\" data-id=\"2dc5fff\" data-element_type=\"container\" data-settings=\"{&quot;container_type&quot;:&quot;flex&quot;,&quot;content_width&quot;:&quot;boxed&quot;}\">\n\t\t\t\t\t<div class=\"e-con-inner\">\n\t\t\t\t<div class=\"elementor-element elementor-element-06adc81 elementor-widget elementor-widget-heading\" data-id=\"06adc81\" data-element_type=\"widget\" data-widget_type=\"heading.default\">\n\t\t\t\t<div class=\"elementor-widget-container\">\n\t\t\t<h2 class=\"elementor-heading-title elementor-size-default\">Bachovy kv\u011btov\u00e9 esence p\u0159edstavuj\u00ed velice jednoduch\u00fd a p\u0159itom velice \u00fa\u010dinn\u00fd syst\u00e9m, kter\u00fd navrac\u00ed harmonii na\u0161im emoc\u00edm a t\u00edm tak\u00e9 na\u0161emu cel\u00e9mu byt\u00ed!<\/h2>\t\t<\/div>\n\t\t\t\t<\/div>\n\t\t\t\t<div class=\"elementor-element elementor-element-d280aff elementor-widget elementor-widget-text-editor\" data-id=\"d280aff\" data-element_type=\"widget\" data-widget_type=\"text-editor.default\">\n\t\t\t\t<div class=\"elementor-widget-container\">\n\t\t\t\t\t\t\t<p class=\"font_8 wixui-rich-text__text\"><span class=\"wixui-rich-text__text\">Obsahuj\u00ed 38 kv\u011btov\u00fdch esenc\u00ed, co\u017e jsou esence p\u0159ipraven\u00e9 z nejedovat\u00fdch, plan\u011b rostouc\u00edch rostlin a strom\u016f. 39. esenc\u00ed je Krizov\u00e1 esence (Rescue Remedy), kter\u00e1 se skl\u00e1d\u00e1 z p\u011bti Bachov\u00fdch kv\u011btov\u00fdch esenc\u00ed.<\/span><\/p><p class=\"font_8 wixui-rich-text__text\"><span class=\"wixui-rich-text__text\">Jsem certifikovan\u00fdm praktikem Bachovy kv\u011btov\u00e9 terapie BIEP LEVEL II.<\/span><span class=\"wixui-rich-text__text\">\u00a0Sestav\u00edm kv\u011btovou esenci na m\u00edru, kter\u00e1 V\u00e1m pom\u016f\u017ee s probl\u00e9my, kter\u00e9 \u0159e\u0161\u00edte. Pokud p\u0159ijdete osobn\u011b ihned si esenci odnesete, pokud se jedn\u00e1 o telefonickou konzultaci, bude V\u00e1m sm\u011bs zasl\u00e1na po\u0161tou na adresu.<\/span><\/p>\t\t\t\t\t\t<\/div>\n\t\t\t\t<\/div>\n\t\t\t\t<div class=\"elementor-element elementor-element-45db772 elementor-align-center elementor-widget elementor-widget-button\" data-id=\"45db772\" data-element_type=\"widget\" data-widget_type=\"button.default\">\n\t\t\t\t<div class=\"elementor-widget-container\">\n\t\t\t\t\t<div class=\"elementor-button-wrapper\">\n\t\t\t<a class=\"elementor-button elementor-button-link elementor-size-sm\" href=\"https:\/\/janhonig.com\/index.php\/obchod\/\">\n\t\t\t\t\t\t<span class=\"elementor-button-content-wrapper\">\n\t\t\t\t\t\t<span class=\"elementor-button-text\">Objednat se na bachovu kv\u011btovou terapii<\/span>\n\t\t<\/span>\n\t\t\t\t\t<\/a>\n\t\t<\/div>\n\t\t\t\t<\/div>\n\t\t\t\t<\/div>\n\t\t\t\t\t<\/div>\n\t\t\t\t<\/div>\n\t\t\t\t\t<\/div>\n\t\t\t\t<\/div>\n\t\t<div class=\"elementor-element elementor-element-0dbdd1d e-flex e-con-boxed e-con e-parent\" data-id=\"0dbdd1d\" data-element_type=\"container\" data-settings=\"{&quot;background_background&quot;:&quot;classic&quot;,&quot;container_type&quot;:&quot;flex&quot;,&quot;content_width&quot;:&quot;boxed&quot;}\" data-core-v316-plus=\"true\">\n\t\t\t\t\t<div class=\"e-con-inner\">\n\t\t<div class=\"elementor-element elementor-element-06efeb7 e-flex e-con-boxed e-con e-child\" data-id=\"06efeb7\" data-element_type=\"container\" data-settings=\"{&quot;container_type&quot;:&quot;flex&quot;,&quot;content_width&quot;:&quot;boxed&quot;}\">\n\t\t\t\t\t<div class=\"e-con-inner\">\n\t\t\t\t<div class=\"elementor-element elementor-element-5c4e82a elementor-hidden-mobile elementor-widget elementor-widget-image\" data-id=\"5c4e82a\" data-element_type=\"widget\" data-widget_type=\"image.default\">\n\t\t\t\t<div class=\"elementor-widget-container\">\n\t\t\t\t\t\t\t\t\t\t\t\t\t\t\t<img decoding=\"async\" loading=\"lazy\" width=\"714\" height=\"1000\" src=\"https:\/\/janhonig.com\/wp-content\/uploads\/2023\/10\/spoon-with-herbs-tea.jpg\" class=\"attachment-full size-full wp-image-268\" alt=\"\" srcset=\"https:\/\/janhonig.com\/wp-content\/uploads\/2023\/10\/spoon-with-herbs-tea.jpg 714w, https:\/\/janhonig.com\/wp-content\/uploads\/2023\/10\/spoon-with-herbs-tea-214x300.jpg 214w\" sizes=\"(max-width: 714px) 100vw, 714px\" \/>\t\t\t\t\t\t\t\t\t\t\t\t\t\t\t<\/div>\n\t\t\t\t<\/div>\n\t\t\t\t\t<\/div>\n\t\t\t\t<\/div>\n\t\t<div class=\"elementor-element elementor-element-875b17b e-flex e-con-boxed e-con e-child\" data-id=\"875b17b\" data-element_type=\"container\" data-settings=\"{&quot;container_type&quot;:&quot;flex&quot;,&quot;content_width&quot;:&quot;boxed&quot;}\">\n\t\t\t\t\t<div class=\"e-con-inner\">\n\t\t\t\t<div class=\"elementor-element elementor-element-63fddb7 elementor-widget elementor-widget-heading\" data-id=\"63fddb7\" data-element_type=\"widget\" data-widget_type=\"heading.default\">\n\t\t\t\t<div class=\"elementor-widget-container\">\n\t\t\t<h2 class=\"elementor-heading-title elementor-size-default\">Bachovy kv\u011btov\u00e9 esence p\u016fsob\u00ed na to, \u010demu \u0159\u00edk\u00e1me negativn\u00ed emoce!<\/h2>\t\t<\/div>\n\t\t\t\t<\/div>\n\t\t\t\t<div class=\"elementor-element elementor-element-527d556 elementor-widget elementor-widget-text-editor\" data-id=\"527d556\" data-element_type=\"widget\" data-widget_type=\"text-editor.default\">\n\t\t\t\t<div class=\"elementor-widget-container\">\n\t\t\t\t\t\t\t<p class=\"font_8 wixui-rich-text__text\"><span class=\"wixui-rich-text__text\">Nap\u0159. strach, vy\u010derpanost, nedostate\u010dn\u00e9 sebev\u011bdom\u00ed, p\u00fdcha, p\u0159\u00edli\u0161n\u00e9 nad\u0161en\u00ed, kter\u00e9 vede a\u017e k fanatismu, apod.\u00a0<\/span><\/p><p class=\"font_8 wixui-rich-text__text\"><span class=\"wixui-rich-text__text\">Esence n\u00e1m pom\u00e1haj\u00ed tyto pocity harmonizovat, dost\u00e1vaj\u00ed n\u00e1s do p\u0159\u00edtomn\u00e9ho okam\u017eiku, kdy se na sebe, svou situaci a sv\u00e9 pocity m\u016f\u017eeme pod\u00edvat objektivn\u011b a \u010dinit rozhodnut\u00ed bez emoc\u00ed. Umo\u017e\u0148uj\u00ed n\u00e1m postupn\u011b odloupnout slupky, kter\u00e9 jsme si nasadili, abychom p\u0159e\u017eili v tomto sv\u011bt\u011b a t\u00edm n\u00e1m postupn\u011b pom\u00e1haj\u00ed odkr\u00fdvat to, kdo skute\u010dn\u011b jsme, jak\u00fd je c\u00edl a smysl na\u0161eho \u017eivota a vr\u00e1t\u00ed n\u00e1m na\u0161i odvahu vydat se na svou cestu a uskute\u010dnit sv\u00e9 sny a p\u0159\u00e1n\u00ed.<\/span><\/p><p class=\"font_8 wixui-rich-text__text\"><span class=\"wixui-rich-text__text\">Zvolenou konzultaci vlo\u017ete do ko\u0161\u00edku a zapla\u0165te skrze platebn\u00ed br\u00e1nu. V p\u0159\u00edpad\u011b, \u017ee nechcete platit kartou m\u016f\u017eete \u010d\u00e1stku zaslat bankovn\u00edm p\u0159evodem a to na \u010d\u00edslo \u00fa\u010dtu 115-3890710277 \/ 0100. Do zpr\u00e1vy pro p\u0159\u00edjemce pros\u00edm uve\u010fte sv\u00e9 telefonn\u00ed \u010d\u00edslo. Po \u00fasp\u011b\u0161n\u011b prob\u011bhl\u00e9 platb\u011b m\u011b pros\u00edm kontaktujte na telefonn\u00edm \u010d\u00edsle +420 792 520 064 pro term\u00edn konzultace.\u00a0<\/span><\/p>\t\t\t\t\t\t<\/div>\n\t\t\t\t<\/div>\n\t\t\t\t<div class=\"elementor-element elementor-element-04f4066 elementor-align-center elementor-widget elementor-widget-button\" data-id=\"04f4066\" data-element_type=\"widget\" data-widget_type=\"button.default\">\n\t\t\t\t<div class=\"elementor-widget-container\">\n\t\t\t\t\t<div class=\"elementor-button-wrapper\">\n\t\t\t<a class=\"elementor-button elementor-button-link elementor-size-sm\" href=\"https:\/\/janhonig.com\/index.php\/obchod\/\">\n\t\t\t\t\t\t<span class=\"elementor-button-content-wrapper\">\n\t\t\t\t\t\t<span class=\"elementor-button-text\">Objednat se na bachovu kv\u011btovou terapii<\/span>\n\t\t<\/span>\n\t\t\t\t\t<\/a>\n\t\t<\/div>\n\t\t\t\t<\/div>\n\t\t\t\t<\/div>\n\t\t\t\t\t<\/div>\n\t\t\t\t<\/div>\n\t\t\t\t\t<\/div>\n\t\t\t\t<\/div>\n\t\t<div class=\"elementor-element elementor-element-dc9f730 elementor-hidden-desktop elementor-hidden-tablet elementor-hidden-mobile e-flex e-con-boxed e-con e-parent\" data-id=\"dc9f730\" data-element_type=\"container\" data-settings=\"{&quot;background_background&quot;:&quot;classic&quot;,&quot;container_type&quot;:&quot;flex&quot;,&quot;content_width&quot;:&quot;boxed&quot;}\" data-core-v316-plus=\"true\">\n\t\t\t\t\t<div class=\"e-con-inner\">\n\t\t<div class=\"elementor-element elementor-element-37a14cb e-flex e-con-boxed e-con e-child\" data-id=\"37a14cb\" data-element_type=\"container\" data-settings=\"{&quot;container_type&quot;:&quot;flex&quot;,&quot;content_width&quot;:&quot;boxed&quot;}\">\n\t\t\t\t\t<div class=\"e-con-inner\">\n\t\t\t\t<div class=\"elementor-element elementor-element-70e96d3 elementor-widget elementor-widget-heading\" data-id=\"70e96d3\" data-element_type=\"widget\" data-widget_type=\"heading.default\">\n\t\t\t\t<div class=\"elementor-widget-container\">\n\t\t\t<h2 class=\"elementor-heading-title elementor-size-default\">Zaj\u00edm\u00e1 V\u00e1s jak Bachova kv\u011btov\u00e1 terapie prob\u00edh\u00e1, nebo jste na pochyb\u00e1ch, zda-li je pro v\u00e1s Bachova kv\u011btov\u00e1 terapie tou spr\u00e1vnou volbou? Nato\u010dil jsem pro v\u00e1s video, kde se dozv\u00edte v\u0161e pot\u0159ebn\u00e9!<\/h2>\t\t<\/div>\n\t\t\t\t<\/div>\n\t\t\t\t<div class=\"elementor-element elementor-element-5706de2 elementor-widget elementor-widget-video\" data-id=\"5706de2\" data-element_type=\"widget\" data-settings=\"{&quot;video_type&quot;:&quot;hosted&quot;,&quot;controls&quot;:&quot;yes&quot;}\" data-widget_type=\"video.default\">\n\t\t\t\t<div class=\"elementor-widget-container\">\n\t\t\t<style>\/*! elementor - v3.16.0 - 20-09-2023 *\/\n.elementor-widget-video .elementor-widget-container{overflow:hidden;transform:translateZ(0)}.elementor-widget-video .elementor-wrapper{aspect-ratio:var(--video-aspect-ratio)}.elementor-widget-video .elementor-wrapper iframe,.elementor-widget-video .elementor-wrapper video{height:100%;width:100%;display:flex;border:none;background-color:#000}@supports not (aspect-ratio:1\/1){.elementor-widget-video .elementor-wrapper{position:relative;overflow:hidden;height:0;padding-bottom:calc(100% \/ var(--video-aspect-ratio))}.elementor-widget-video .elementor-wrapper iframe,.elementor-widget-video .elementor-wrapper video{position:absolute;top:0;right:0;bottom:0;left:0}}.elementor-widget-video .elementor-open-inline .elementor-custom-embed-image-overlay{position:absolute;top:0;right:0;bottom:0;left:0;background-size:cover;background-position:50%}.elementor-widget-video .elementor-custom-embed-image-overlay{cursor:pointer;text-align:center}.elementor-widget-video .elementor-custom-embed-image-overlay:hover .elementor-custom-embed-play i{opacity:1}.elementor-widget-video .elementor-custom-embed-image-overlay img{display:block;width:100%;aspect-ratio:var(--video-aspect-ratio);-o-object-fit:cover;object-fit:cover;-o-object-position:center center;object-position:center center}@supports not (aspect-ratio:1\/1){.elementor-widget-video .elementor-custom-embed-image-overlay{position:relative;overflow:hidden;height:0;padding-bottom:calc(100% \/ var(--video-aspect-ratio))}.elementor-widget-video .elementor-custom-embed-image-overlay img{position:absolute;top:0;right:0;bottom:0;left:0}}.elementor-widget-video .e-hosted-video .elementor-video{-o-object-fit:cover;object-fit:cover}.e-con-inner>.elementor-widget-video,.e-con>.elementor-widget-video{width:var(--container-widget-width);--flex-grow:var(--container-widget-flex-grow)}<\/style>\t\t<div class=\"e-hosted-video elementor-wrapper elementor-open-inline\">\n\t\t\t\t\t<video class=\"elementor-video\" src=\"https:\/\/janhonig.com\/wp-content\/uploads\/2023\/10\/bach-1-1.mp4\" controls=\"\" preload=\"metadata\" controlsList=\"nodownload\"><\/video>\n\t\t\t\t<\/div>\n\t\t\t\t<\/div>\n\t\t\t\t<\/div>\n\t\t\t\t\t<\/div>\n\t\t\t\t<\/div>\n\t\t\t\t\t<\/div>\n\t\t\t\t<\/div>\n\t\t\t\t\t\t\t<\/div>\n\t\t","protected":false},"excerpt":{"rendered":"<p>Bachova kv\u011btov\u00e1 terapie Bachovy kv\u011btov\u00e9 esence p\u0159edstavuj\u00ed velice jednoduch\u00fd a p\u0159itom velice \u00fa\u010dinn\u00fd syst\u00e9m, kter\u00fd navrac\u00ed harmonii na\u0161im emoc\u00edm a t\u00edm tak\u00e9 na\u0161emu cel\u00e9mu byt\u00ed. Bachovy kv\u011btov\u00e9 esence p\u0159edstavuj\u00ed velice jednoduch\u00fd a p\u0159itom velice \u00fa\u010dinn\u00fd syst\u00e9m, kter\u00fd navrac\u00ed harmonii na\u0161im emoc\u00edm a t\u00edm tak\u00e9 na\u0161emu cel\u00e9mu byt\u00ed! Obsahuj\u00ed 38 kv\u011btov\u00fdch esenc\u00ed, co\u017e jsou esence p\u0159ipraven\u00e9 [&hellip;]<\/p>\n","protected":false},"author":1,"featured_media":0,"parent":0,"menu_order":0,"comment_status":"closed","ping_status":"closed","template":"","meta":{"footnotes":""},"aioseo_notices":[],"_links":{"self":[{"href":"https:\/\/janhonig.com\/index.php\/wp-json\/wp\/v2\/pages\/264"}],"collection":[{"href":"https:\/\/janhonig.com\/index.php\/wp-json\/wp\/v2\/pages"}],"about":[{"href":"https:\/\/janhonig.com\/index.php\/wp-json\/wp\/v2\/types\/page"}],"author":[{"embeddable":true,"href":"https:\/\/janhonig.com\/index.php\/wp-json\/wp\/v2\/users\/1"}],"replies":[{"embeddable":true,"href":"https:\/\/janhonig.com\/index.php\/wp-json\/wp\/v2\/comments?post=264"}],"version-history":[{"count":19,"href":"https:\/\/janhonig.com\/index.php\/wp-json\/wp\/v2\/pages\/264\/revisions"}],"predecessor-version":[{"id":769,"href":"https:\/\/janhonig.com\/index.php\/wp-json\/wp\/v2\/pages\/264\/revisions\/769"}],"wp:attachment":[{"href":"https:\/\/janhonig.com\/index.php\/wp-json\/wp\/v2\/media?parent=264"}],"curies":[{"name":"wp","href":"https:\/\/api.w.org\/{rel}","templated":true}]}}