{"id":283,"date":"2023-10-10T13:15:03","date_gmt":"2023-10-10T11:15:03","guid":{"rendered":"https:\/\/janhonig.com\/?page_id=283"},"modified":"2023-12-04T15:50:06","modified_gmt":"2023-12-04T14:50:06","slug":"osobni-amulet-na-zakazku","status":"publish","type":"page","link":"https:\/\/janhonig.com\/index.php\/osobni-amulet-na-zakazku\/","title":{"rendered":"Osobn\u00ed Amulet Na Zak\u00e1zku"},"content":{"rendered":"\t\t<div data-elementor-type=\"wp-page\" data-elementor-id=\"283\" class=\"elementor elementor-283\" data-elementor-post-type=\"page\">\n\t\t\t\t\t\t\t<div class=\"elementor-element elementor-element-5c1c0c7 e-flex e-con-boxed e-con e-parent\" data-id=\"5c1c0c7\" data-element_type=\"container\" data-settings=\"{&quot;background_background&quot;:&quot;classic&quot;,&quot;container_type&quot;:&quot;flex&quot;,&quot;content_width&quot;:&quot;boxed&quot;}\" data-core-v316-plus=\"true\">\n\t\t\t\t\t<div class=\"e-con-inner\">\n\t\t\t\t<div class=\"elementor-element elementor-element-16662fd elementor-widget elementor-widget-heading\" data-id=\"16662fd\" data-element_type=\"widget\" data-widget_type=\"heading.default\">\n\t\t\t\t<div class=\"elementor-widget-container\">\n\t\t\t<style>\/*! elementor - v3.16.0 - 20-09-2023 *\/\n.elementor-heading-title{padding:0;margin:0;line-height:1}.elementor-widget-heading .elementor-heading-title[class*=elementor-size-]>a{color:inherit;font-size:inherit;line-height:inherit}.elementor-widget-heading .elementor-heading-title.elementor-size-small{font-size:15px}.elementor-widget-heading .elementor-heading-title.elementor-size-medium{font-size:19px}.elementor-widget-heading .elementor-heading-title.elementor-size-large{font-size:29px}.elementor-widget-heading .elementor-heading-title.elementor-size-xl{font-size:39px}.elementor-widget-heading .elementor-heading-title.elementor-size-xxl{font-size:59px}<\/style><h1 class=\"elementor-heading-title elementor-size-default\">Osobn\u00ed amulet na zak\u00e1zku<\/h1>\t\t<\/div>\n\t\t\t\t<\/div>\n\t\t\t\t<div class=\"elementor-element elementor-element-f9ff8f6 elementor-widget elementor-widget-text-editor\" data-id=\"f9ff8f6\" data-element_type=\"widget\" data-widget_type=\"text-editor.default\">\n\t\t\t\t<div class=\"elementor-widget-container\">\n\t\t\t<style>\/*! elementor - v3.16.0 - 20-09-2023 *\/\n.elementor-widget-text-editor.elementor-drop-cap-view-stacked .elementor-drop-cap{background-color:#69727d;color:#fff}.elementor-widget-text-editor.elementor-drop-cap-view-framed .elementor-drop-cap{color:#69727d;border:3px solid;background-color:transparent}.elementor-widget-text-editor:not(.elementor-drop-cap-view-default) .elementor-drop-cap{margin-top:8px}.elementor-widget-text-editor:not(.elementor-drop-cap-view-default) .elementor-drop-cap-letter{width:1em;height:1em}.elementor-widget-text-editor .elementor-drop-cap{float:left;text-align:center;line-height:1;font-size:50px}.elementor-widget-text-editor .elementor-drop-cap-letter{display:inline-block}<\/style>\t\t\t\t<p>Vyrob\u00edm pro V\u00e1s p\u0159edm\u011bt, kter\u00fd odpuzuje negativitu a ochra\u0148uje sv\u00e9ho majitele.<\/p>\t\t\t\t\t\t<\/div>\n\t\t\t\t<\/div>\n\t\t\t\t\t<\/div>\n\t\t\t\t<\/div>\n\t\t<div class=\"elementor-element elementor-element-aa84213 e-flex e-con-boxed e-con e-parent\" data-id=\"aa84213\" data-element_type=\"container\" data-settings=\"{&quot;background_background&quot;:&quot;classic&quot;,&quot;container_type&quot;:&quot;flex&quot;,&quot;content_width&quot;:&quot;boxed&quot;}\" data-core-v316-plus=\"true\">\n\t\t\t\t\t<div class=\"e-con-inner\">\n\t\t<div class=\"elementor-element elementor-element-6484557 e-flex e-con-boxed e-con e-child\" data-id=\"6484557\" data-element_type=\"container\" data-settings=\"{&quot;container_type&quot;:&quot;flex&quot;,&quot;content_width&quot;:&quot;boxed&quot;}\">\n\t\t\t\t\t<div class=\"e-con-inner\">\n\t\t\t\t<div class=\"elementor-element elementor-element-e4bd625 elementor-hidden-mobile elementor-widget elementor-widget-image\" data-id=\"e4bd625\" data-element_type=\"widget\" data-widget_type=\"image.default\">\n\t\t\t\t<div class=\"elementor-widget-container\">\n\t\t\t<style>\/*! elementor - v3.16.0 - 20-09-2023 *\/\n.elementor-widget-image{text-align:center}.elementor-widget-image a{display:inline-block}.elementor-widget-image a img[src$=\".svg\"]{width:48px}.elementor-widget-image img{vertical-align:middle;display:inline-block}<\/style>\t\t\t\t\t\t\t\t\t\t\t\t<img decoding=\"async\" loading=\"lazy\" width=\"640\" height=\"959\" src=\"https:\/\/janhonig.com\/wp-content\/uploads\/2023\/10\/pexels-anete-lusina-4790549.jpg\" class=\"attachment-full size-full wp-image-285\" alt=\"\" srcset=\"https:\/\/janhonig.com\/wp-content\/uploads\/2023\/10\/pexels-anete-lusina-4790549.jpg 640w, https:\/\/janhonig.com\/wp-content\/uploads\/2023\/10\/pexels-anete-lusina-4790549-200x300.jpg 200w\" sizes=\"(max-width: 640px) 100vw, 640px\" \/>\t\t\t\t\t\t\t\t\t\t\t\t\t\t\t<\/div>\n\t\t\t\t<\/div>\n\t\t\t\t\t<\/div>\n\t\t\t\t<\/div>\n\t\t<div class=\"elementor-element elementor-element-06a02f0 e-flex e-con-boxed e-con e-child\" data-id=\"06a02f0\" data-element_type=\"container\" data-settings=\"{&quot;container_type&quot;:&quot;flex&quot;,&quot;content_width&quot;:&quot;boxed&quot;}\">\n\t\t\t\t\t<div class=\"e-con-inner\">\n\t\t\t\t<div class=\"elementor-element elementor-element-56d8c56 elementor-widget elementor-widget-heading\" data-id=\"56d8c56\" data-element_type=\"widget\" data-widget_type=\"heading.default\">\n\t\t\t\t<div class=\"elementor-widget-container\">\n\t\t\t<h2 class=\"elementor-heading-title elementor-size-default\">Vyrob\u00edm pro V\u00e1s p\u0159edm\u011bt, kter\u00fd odpuzuje negativitu a ochra\u0148uje sv\u00e9ho majitele!<\/h2>\t\t<\/div>\n\t\t\t\t<\/div>\n\t\t\t\t<div class=\"elementor-element elementor-element-17bee88 elementor-widget elementor-widget-text-editor\" data-id=\"17bee88\" data-element_type=\"widget\" data-widget_type=\"text-editor.default\">\n\t\t\t\t<div class=\"elementor-widget-container\">\n\t\t\t\t\t\t\t<p class=\"font_8 wixui-rich-text__text\">Ochrana <span class=\"wixui-rich-text__text\">p\u0159ed magick\u00fdmi \u00fatoky nep\u0159ej\u00edc\u00edch osob, pomluvami, energetick\u00fdmi up\u00edry a p\u0159itahuje l\u00e1sku, \u0161t\u011bst\u00ed, a bohatstv\u00ed.\u00a0<\/span><span class=\"wixui-rich-text__text\">Amulet lze individu\u00e1ln\u011b zasv\u011btit z\u00e1m\u011bru, kter\u00e9ho chcete dos\u00e1hnout. Amuletem lze tak\u00e9 ochr\u00e1nit d\u011bti, d\u016fm, byt, auto nebo jin\u00fd majetek. <\/span><span class=\"wixui-rich-text__text\">Cena za objedn\u00e1n\u00ed amuletu zahrnuje:<\/span><\/p><p class=\"font_8 wixui-rich-text__text\"><span class=\"wixui-rich-text__text\">Samotn\u00fd amulet (po zasv\u011bcen\u00ed)<\/span><\/p><p class=\"font_8 wixui-rich-text__text\"><span class=\"wixui-rich-text__text\">Speci\u00e1ln\u00ed magick\u00fd olej <\/span><span class=\"wixui-rich-text__text\">(po zak\u00e1pnut\u00ed amulet \u201eaktivujete\u201c)<\/span><\/p><p class=\"font_8 wixui-rich-text__text\"><span class=\"wixui-rich-text__text\">Stru\u010dn\u00fd manu\u00e1l a Po\u0161tovn\u00e9<\/span><\/p><p class=\"font_8 wixui-rich-text__text\"><span class=\"wixui-rich-text__text\">Amulet vlo\u017ete do ko\u0161\u00edku a zapla\u0165te skrze platebn\u00ed br\u00e1nu. V p\u0159\u00edpad\u011b, \u017ee nechcete platit kartou m\u016f\u017eete \u010d\u00e1stku zaslat bankovn\u00edm p\u0159evodem na \u010d\u00edslo \u00fa\u010dtu 115-3890710277 \/ 0100. Do zpr\u00e1vy pro p\u0159\u00edjemce pros\u00edm uve\u010fte sv\u00e9 telefonn\u00ed \u010d\u00edslo. Po \u00fasp\u011b\u0161n\u011b prob\u011bhl\u00e9 platb\u011b m\u011b pros\u00edm kontaktujte na m\u00e9m telefonn\u00edm \u010d\u00edsle +420 792 520 064 pro konzultaci.\u00a0<\/span><\/p>\t\t\t\t\t\t<\/div>\n\t\t\t\t<\/div>\n\t\t\t\t<div class=\"elementor-element elementor-element-8234d78 elementor-align-center elementor-widget elementor-widget-button\" data-id=\"8234d78\" data-element_type=\"widget\" data-widget_type=\"button.default\">\n\t\t\t\t<div class=\"elementor-widget-container\">\n\t\t\t\t\t<div class=\"elementor-button-wrapper\">\n\t\t\t<a class=\"elementor-button elementor-button-link elementor-size-sm\" href=\"https:\/\/janhonig.com\/index.php\/obchod\/\">\n\t\t\t\t\t\t<span class=\"elementor-button-content-wrapper\">\n\t\t\t\t\t\t<span class=\"elementor-button-text\">Objednat osobn\u00ed amulet na zak\u00e1zku<\/span>\n\t\t<\/span>\n\t\t\t\t\t<\/a>\n\t\t<\/div>\n\t\t\t\t<\/div>\n\t\t\t\t<\/div>\n\t\t\t\t\t<\/div>\n\t\t\t\t<\/div>\n\t\t\t\t\t<\/div>\n\t\t\t\t<\/div>\n\t\t\t\t\t\t\t<\/div>\n\t\t","protected":false},"excerpt":{"rendered":"<p>Osobn\u00ed amulet na zak\u00e1zku Vyrob\u00edm pro V\u00e1s p\u0159edm\u011bt, kter\u00fd odpuzuje negativitu a ochra\u0148uje sv\u00e9ho majitele. Vyrob\u00edm pro V\u00e1s p\u0159edm\u011bt, kter\u00fd odpuzuje negativitu a ochra\u0148uje sv\u00e9ho majitele! Ochrana p\u0159ed magick\u00fdmi \u00fatoky nep\u0159ej\u00edc\u00edch osob, pomluvami, energetick\u00fdmi up\u00edry a p\u0159itahuje l\u00e1sku, \u0161t\u011bst\u00ed, a bohatstv\u00ed.\u00a0Amulet lze individu\u00e1ln\u011b zasv\u011btit z\u00e1m\u011bru, kter\u00e9ho chcete dos\u00e1hnout. Amuletem lze tak\u00e9 ochr\u00e1nit d\u011bti, d\u016fm, byt, [&hellip;]<\/p>\n","protected":false},"author":1,"featured_media":0,"parent":0,"menu_order":0,"comment_status":"closed","ping_status":"closed","template":"","meta":{"footnotes":""},"aioseo_notices":[],"_links":{"self":[{"href":"https:\/\/janhonig.com\/index.php\/wp-json\/wp\/v2\/pages\/283"}],"collection":[{"href":"https:\/\/janhonig.com\/index.php\/wp-json\/wp\/v2\/pages"}],"about":[{"href":"https:\/\/janhonig.com\/index.php\/wp-json\/wp\/v2\/types\/page"}],"author":[{"embeddable":true,"href":"https:\/\/janhonig.com\/index.php\/wp-json\/wp\/v2\/users\/1"}],"replies":[{"embeddable":true,"href":"https:\/\/janhonig.com\/index.php\/wp-json\/wp\/v2\/comments?post=283"}],"version-history":[{"count":15,"href":"https:\/\/janhonig.com\/index.php\/wp-json\/wp\/v2\/pages\/283\/revisions"}],"predecessor-version":[{"id":742,"href":"https:\/\/janhonig.com\/index.php\/wp-json\/wp\/v2\/pages\/283\/revisions\/742"}],"wp:attachment":[{"href":"https:\/\/janhonig.com\/index.php\/wp-json\/wp\/v2\/media?parent=283"}],"curies":[{"name":"wp","href":"https:\/\/api.w.org\/{rel}","templated":true}]}}