{"id":289,"date":"2023-10-10T13:17:06","date_gmt":"2023-10-10T11:17:06","guid":{"rendered":"https:\/\/janhonig.com\/?page_id=289"},"modified":"2023-12-05T15:31:50","modified_gmt":"2023-12-05T14:31:50","slug":"cisteni-prostoru","status":"publish","type":"page","link":"https:\/\/janhonig.com\/index.php\/cisteni-prostoru\/","title":{"rendered":"\u010ci\u0161t\u011bn\u00ed Prostor\u016f"},"content":{"rendered":"\t\t<div data-elementor-type=\"wp-page\" data-elementor-id=\"289\" class=\"elementor elementor-289\" data-elementor-post-type=\"page\">\n\t\t\t\t\t\t\t<div class=\"elementor-element elementor-element-fdf89b4 e-flex e-con-boxed e-con e-parent\" data-id=\"fdf89b4\" data-element_type=\"container\" data-settings=\"{&quot;background_background&quot;:&quot;classic&quot;,&quot;container_type&quot;:&quot;flex&quot;,&quot;content_width&quot;:&quot;boxed&quot;}\" data-core-v316-plus=\"true\">\n\t\t\t\t\t<div class=\"e-con-inner\">\n\t\t\t\t<div class=\"elementor-element elementor-element-7756593 elementor-widget elementor-widget-heading\" data-id=\"7756593\" data-element_type=\"widget\" data-widget_type=\"heading.default\">\n\t\t\t\t<div class=\"elementor-widget-container\">\n\t\t\t<style>\/*! elementor - v3.16.0 - 20-09-2023 *\/\n.elementor-heading-title{padding:0;margin:0;line-height:1}.elementor-widget-heading .elementor-heading-title[class*=elementor-size-]>a{color:inherit;font-size:inherit;line-height:inherit}.elementor-widget-heading .elementor-heading-title.elementor-size-small{font-size:15px}.elementor-widget-heading .elementor-heading-title.elementor-size-medium{font-size:19px}.elementor-widget-heading .elementor-heading-title.elementor-size-large{font-size:29px}.elementor-widget-heading .elementor-heading-title.elementor-size-xl{font-size:39px}.elementor-widget-heading .elementor-heading-title.elementor-size-xxl{font-size:59px}<\/style><h1 class=\"elementor-heading-title elementor-size-default\">\u010ci\u0161t\u011bn\u00ed prostor\u016f\n<\/h1>\t\t<\/div>\n\t\t\t\t<\/div>\n\t\t\t\t<div class=\"elementor-element elementor-element-7f4779e elementor-widget elementor-widget-text-editor\" data-id=\"7f4779e\" data-element_type=\"widget\" data-widget_type=\"text-editor.default\">\n\t\t\t\t<div class=\"elementor-widget-container\">\n\t\t\t<style>\/*! elementor - v3.16.0 - 20-09-2023 *\/\n.elementor-widget-text-editor.elementor-drop-cap-view-stacked .elementor-drop-cap{background-color:#69727d;color:#fff}.elementor-widget-text-editor.elementor-drop-cap-view-framed .elementor-drop-cap{color:#69727d;border:3px solid;background-color:transparent}.elementor-widget-text-editor:not(.elementor-drop-cap-view-default) .elementor-drop-cap{margin-top:8px}.elementor-widget-text-editor:not(.elementor-drop-cap-view-default) .elementor-drop-cap-letter{width:1em;height:1em}.elementor-widget-text-editor .elementor-drop-cap{float:left;text-align:center;line-height:1;font-size:50px}.elementor-widget-text-editor .elementor-drop-cap-letter{display:inline-block}<\/style>\t\t\t\t<p>Pomohu V\u00e1m s kompletn\u00ed energetickou a magickou o\u010distou domu, bytu \u010di kancel\u00e1\u0159e.<\/p>\t\t\t\t\t\t<\/div>\n\t\t\t\t<\/div>\n\t\t\t\t\t<\/div>\n\t\t\t\t<\/div>\n\t\t<div class=\"elementor-element elementor-element-a14fd00 e-flex e-con-boxed e-con e-parent\" data-id=\"a14fd00\" data-element_type=\"container\" data-settings=\"{&quot;background_background&quot;:&quot;classic&quot;,&quot;container_type&quot;:&quot;flex&quot;,&quot;content_width&quot;:&quot;boxed&quot;}\" data-core-v316-plus=\"true\">\n\t\t\t\t\t<div class=\"e-con-inner\">\n\t\t<div class=\"elementor-element elementor-element-b0f4ed0 e-flex e-con-boxed e-con e-child\" data-id=\"b0f4ed0\" data-element_type=\"container\" data-settings=\"{&quot;container_type&quot;:&quot;flex&quot;,&quot;content_width&quot;:&quot;boxed&quot;}\">\n\t\t\t\t\t<div class=\"e-con-inner\">\n\t\t\t\t<div class=\"elementor-element elementor-element-0a659c3 elementor-hidden-mobile elementor-widget elementor-widget-image\" data-id=\"0a659c3\" data-element_type=\"widget\" data-widget_type=\"image.default\">\n\t\t\t\t<div class=\"elementor-widget-container\">\n\t\t\t<style>\/*! elementor - v3.16.0 - 20-09-2023 *\/\n.elementor-widget-image{text-align:center}.elementor-widget-image a{display:inline-block}.elementor-widget-image a img[src$=\".svg\"]{width:48px}.elementor-widget-image img{vertical-align:middle;display:inline-block}<\/style>\t\t\t\t\t\t\t\t\t\t\t\t<img decoding=\"async\" loading=\"lazy\" width=\"3456\" height=\"5184\" src=\"https:\/\/janhonig.com\/wp-content\/uploads\/2023\/12\/sluzby-cisteni-nahoru-min.png\" class=\"attachment-full size-full wp-image-791\" alt=\"\" srcset=\"https:\/\/janhonig.com\/wp-content\/uploads\/2023\/12\/sluzby-cisteni-nahoru-min.png 3456w, https:\/\/janhonig.com\/wp-content\/uploads\/2023\/12\/sluzby-cisteni-nahoru-min-200x300.png 200w, https:\/\/janhonig.com\/wp-content\/uploads\/2023\/12\/sluzby-cisteni-nahoru-min-683x1024.png 683w, https:\/\/janhonig.com\/wp-content\/uploads\/2023\/12\/sluzby-cisteni-nahoru-min-768x1152.png 768w, https:\/\/janhonig.com\/wp-content\/uploads\/2023\/12\/sluzby-cisteni-nahoru-min-1024x1536.png 1024w, https:\/\/janhonig.com\/wp-content\/uploads\/2023\/12\/sluzby-cisteni-nahoru-min-1365x2048.png 1365w, https:\/\/janhonig.com\/wp-content\/uploads\/2023\/12\/sluzby-cisteni-nahoru-min-600x900.png 600w\" sizes=\"(max-width: 3456px) 100vw, 3456px\" \/>\t\t\t\t\t\t\t\t\t\t\t\t\t\t\t<\/div>\n\t\t\t\t<\/div>\n\t\t\t\t\t<\/div>\n\t\t\t\t<\/div>\n\t\t<div class=\"elementor-element elementor-element-673715b e-flex e-con-boxed e-con e-child\" data-id=\"673715b\" data-element_type=\"container\" data-settings=\"{&quot;container_type&quot;:&quot;flex&quot;,&quot;content_width&quot;:&quot;boxed&quot;}\">\n\t\t\t\t\t<div class=\"e-con-inner\">\n\t\t\t\t<div class=\"elementor-element elementor-element-27e4029 elementor-widget elementor-widget-heading\" data-id=\"27e4029\" data-element_type=\"widget\" data-widget_type=\"heading.default\">\n\t\t\t\t<div class=\"elementor-widget-container\">\n\t\t\t<h2 class=\"elementor-heading-title elementor-size-default\">Pomohu V\u00e1m s kompletn\u00ed energetickou a magickou o\u010distou domu, bytu \u010di kancel\u00e1\u0159e!<\/h2>\t\t<\/div>\n\t\t\t\t<\/div>\n\t\t\t\t<div class=\"elementor-element elementor-element-311be0e elementor-widget elementor-widget-text-editor\" data-id=\"311be0e\" data-element_type=\"widget\" data-widget_type=\"text-editor.default\">\n\t\t\t\t<div class=\"elementor-widget-container\">\n\t\t\t\t\t\t\t<p class=\"font_8 wixui-rich-text__text\"><span class=\"wixui-rich-text__text\">Pomoc\u00ed speci\u00e1ln\u00edch \u0161amansk\u00fdch a magick\u00fdch technik, za u\u017eit\u00ed speci\u00e1ln\u011b nam\u00edchan\u00fdch vyku\u0159ovadel, magick\u00fdch olej\u016f a dal\u0161\u00edch ritu\u00e1ln\u00edch v\u011bc\u00ed vy\u017eenu v\u0161e zl\u00e9 z Va\u0161ich prostor\u016f a nastol\u00edm op\u011bt klid a harmonii.<\/span><\/p><p class=\"font_8 wixui-rich-text__text\"><span class=\"wixui-rich-text__text\">V\u00e1\u0161 prostor napln\u00edm op\u011bt \u010distou, harmonickou a produktivn\u00ed energi\u00ed. V r\u00e1mci firemn\u00edch prostor p\u0159im\u00edch\u00e1m \u00fasp\u011bch a p\u0159\u00edliv financ\u00ed. Va\u0161i nemovitost tak\u00e9 zabezpe\u010d\u00edm magickou ochranou, tak a\u0165 V\u00e1m ji\u017e nic nem\u016f\u017ee u\u0161kodit. Cel\u00fd proces lze realizovat osobn\u011b nebo na d\u00e1lku po telefonu \u010di SKYPU (nab\u00edzen\u00e1 slu\u017eba n\u00ed\u017ee). V tomto p\u0159\u00edpad\u011b v\u0161echny pot\u0159ebn\u00e9 v\u011bci k o\u010dist\u011b zas\u00edl\u00e1m po\u0161tou v neozna\u010den\u00e9m bal\u00edku a v r\u00e1mci telefonick\u00e9 konzultace \u010dist\u00edm energeticky na d\u00e1lku. V\u0161e je na domluv\u011b.<\/span><\/p><p class=\"font_8 wixui-rich-text__text\"><span class=\"wixui-rich-text__text\">Zvolen\u00e9 \u010di\u0161t\u011bn\u00ed vlo\u017ete do ko\u0161\u00edku a zapla\u0165te skrze platebn\u00ed br\u00e1nu. V p\u0159\u00edpad\u011b, \u017ee nechcete platit kartou m\u016f\u017eete \u010d\u00e1stku zaslat bankovn\u00edm p\u0159evodem a to na \u010d\u00edslo \u00fa\u010dtu 115-3890710277 \/ 0100. Do zpr\u00e1vy pro p\u0159\u00edjemce pros\u00edm uv\u00e9st sv\u00e9 telefonn\u00ed \u010d\u00edslo. Po \u00fasp\u011b\u0161n\u011b prob\u011bhl\u00e9 platb\u011b m\u011b pros\u00edm kontaktujte na m\u00e9m telefonn\u00edm \u010d\u00edsle +420 792 520 064 pro term\u00edn konzultace.\u00a0<\/span><\/p>\t\t\t\t\t\t<\/div>\n\t\t\t\t<\/div>\n\t\t\t\t<div class=\"elementor-element elementor-element-31da7e4 elementor-align-center elementor-widget elementor-widget-button\" data-id=\"31da7e4\" data-element_type=\"widget\" data-widget_type=\"button.default\">\n\t\t\t\t<div class=\"elementor-widget-container\">\n\t\t\t\t\t<div class=\"elementor-button-wrapper\">\n\t\t\t<a class=\"elementor-button elementor-button-link elementor-size-sm\" href=\"https:\/\/janhonig.com\/index.php\/obchod\/\">\n\t\t\t\t\t\t<span class=\"elementor-button-content-wrapper\">\n\t\t\t\t\t\t<span class=\"elementor-button-text\">Objednat \u010di\u0161t\u011bn\u00ed prostor\u016f<\/span>\n\t\t<\/span>\n\t\t\t\t\t<\/a>\n\t\t<\/div>\n\t\t\t\t<\/div>\n\t\t\t\t<\/div>\n\t\t\t\t\t<\/div>\n\t\t\t\t<\/div>\n\t\t\t\t\t<\/div>\n\t\t\t\t<\/div>\n\t\t<div class=\"elementor-element elementor-element-cddf199 elementor-hidden-desktop elementor-hidden-tablet elementor-hidden-mobile e-flex e-con-boxed e-con e-parent\" data-id=\"cddf199\" data-element_type=\"container\" data-settings=\"{&quot;background_background&quot;:&quot;classic&quot;,&quot;container_type&quot;:&quot;flex&quot;,&quot;content_width&quot;:&quot;boxed&quot;}\" data-core-v316-plus=\"true\">\n\t\t\t\t\t<div class=\"e-con-inner\">\n\t\t<div class=\"elementor-element elementor-element-af04ec0 e-flex e-con-boxed e-con e-child\" data-id=\"af04ec0\" data-element_type=\"container\" data-settings=\"{&quot;container_type&quot;:&quot;flex&quot;,&quot;content_width&quot;:&quot;boxed&quot;}\">\n\t\t\t\t\t<div class=\"e-con-inner\">\n\t\t\t\t<div class=\"elementor-element elementor-element-0722ecc elementor-widget elementor-widget-heading\" data-id=\"0722ecc\" data-element_type=\"widget\" data-widget_type=\"heading.default\">\n\t\t\t\t<div class=\"elementor-widget-container\">\n\t\t\t<h2 class=\"elementor-heading-title elementor-size-default\">Zaj\u00edm\u00e1 V\u00e1s jak \u010di\u0161t\u011bn\u00ed prostor\u016f prob\u00edh\u00e1, nebo jste na pochyb\u00e1ch, zda-li je pro v\u00e1s \u010di\u0161t\u011bn\u00ed prostor\u016f tou spr\u00e1vnou volbou? Nato\u010dil jsem pro v\u00e1s video, kde se dozv\u00edte v\u0161e pot\u0159ebn\u00e9!<\/h2>\t\t<\/div>\n\t\t\t\t<\/div>\n\t\t\t\t<div class=\"elementor-element elementor-element-b8f7c42 elementor-widget elementor-widget-video\" data-id=\"b8f7c42\" data-element_type=\"widget\" data-settings=\"{&quot;video_type&quot;:&quot;hosted&quot;,&quot;controls&quot;:&quot;yes&quot;}\" data-widget_type=\"video.default\">\n\t\t\t\t<div class=\"elementor-widget-container\">\n\t\t\t<style>\/*! elementor - v3.16.0 - 20-09-2023 *\/\n.elementor-widget-video .elementor-widget-container{overflow:hidden;transform:translateZ(0)}.elementor-widget-video .elementor-wrapper{aspect-ratio:var(--video-aspect-ratio)}.elementor-widget-video .elementor-wrapper iframe,.elementor-widget-video .elementor-wrapper video{height:100%;width:100%;display:flex;border:none;background-color:#000}@supports not (aspect-ratio:1\/1){.elementor-widget-video .elementor-wrapper{position:relative;overflow:hidden;height:0;padding-bottom:calc(100% \/ var(--video-aspect-ratio))}.elementor-widget-video .elementor-wrapper iframe,.elementor-widget-video .elementor-wrapper video{position:absolute;top:0;right:0;bottom:0;left:0}}.elementor-widget-video .elementor-open-inline .elementor-custom-embed-image-overlay{position:absolute;top:0;right:0;bottom:0;left:0;background-size:cover;background-position:50%}.elementor-widget-video .elementor-custom-embed-image-overlay{cursor:pointer;text-align:center}.elementor-widget-video .elementor-custom-embed-image-overlay:hover .elementor-custom-embed-play i{opacity:1}.elementor-widget-video .elementor-custom-embed-image-overlay img{display:block;width:100%;aspect-ratio:var(--video-aspect-ratio);-o-object-fit:cover;object-fit:cover;-o-object-position:center center;object-position:center center}@supports not (aspect-ratio:1\/1){.elementor-widget-video .elementor-custom-embed-image-overlay{position:relative;overflow:hidden;height:0;padding-bottom:calc(100% \/ var(--video-aspect-ratio))}.elementor-widget-video .elementor-custom-embed-image-overlay img{position:absolute;top:0;right:0;bottom:0;left:0}}.elementor-widget-video .e-hosted-video .elementor-video{-o-object-fit:cover;object-fit:cover}.e-con-inner>.elementor-widget-video,.e-con>.elementor-widget-video{width:var(--container-widget-width);--flex-grow:var(--container-widget-flex-grow)}<\/style>\t\t<div class=\"e-hosted-video elementor-wrapper elementor-open-inline\">\n\t\t\t\t\t<video class=\"elementor-video\" src=\"https:\/\/janhonig.com\/wp-content\/uploads\/2023\/10\/cisteni-1-1.mp4\" controls=\"\" preload=\"metadata\" controlsList=\"nodownload\"><\/video>\n\t\t\t\t<\/div>\n\t\t\t\t<\/div>\n\t\t\t\t<\/div>\n\t\t\t\t\t<\/div>\n\t\t\t\t<\/div>\n\t\t\t\t\t<\/div>\n\t\t\t\t<\/div>\n\t\t\t\t\t\t\t<\/div>\n\t\t","protected":false},"excerpt":{"rendered":"<p>\u010ci\u0161t\u011bn\u00ed prostor\u016f Pomohu V\u00e1m s kompletn\u00ed energetickou a magickou o\u010distou domu, bytu \u010di kancel\u00e1\u0159e. Pomohu V\u00e1m s kompletn\u00ed energetickou a magickou o\u010distou domu, bytu \u010di kancel\u00e1\u0159e! Pomoc\u00ed speci\u00e1ln\u00edch \u0161amansk\u00fdch a magick\u00fdch technik, za u\u017eit\u00ed speci\u00e1ln\u011b nam\u00edchan\u00fdch vyku\u0159ovadel, magick\u00fdch olej\u016f a dal\u0161\u00edch ritu\u00e1ln\u00edch v\u011bc\u00ed vy\u017eenu v\u0161e zl\u00e9 z Va\u0161ich prostor\u016f a nastol\u00edm op\u011bt klid a harmonii. [&hellip;]<\/p>\n","protected":false},"author":1,"featured_media":0,"parent":0,"menu_order":0,"comment_status":"closed","ping_status":"closed","template":"","meta":{"footnotes":""},"aioseo_notices":[],"_links":{"self":[{"href":"https:\/\/janhonig.com\/index.php\/wp-json\/wp\/v2\/pages\/289"}],"collection":[{"href":"https:\/\/janhonig.com\/index.php\/wp-json\/wp\/v2\/pages"}],"about":[{"href":"https:\/\/janhonig.com\/index.php\/wp-json\/wp\/v2\/types\/page"}],"author":[{"embeddable":true,"href":"https:\/\/janhonig.com\/index.php\/wp-json\/wp\/v2\/users\/1"}],"replies":[{"embeddable":true,"href":"https:\/\/janhonig.com\/index.php\/wp-json\/wp\/v2\/comments?post=289"}],"version-history":[{"count":22,"href":"https:\/\/janhonig.com\/index.php\/wp-json\/wp\/v2\/pages\/289\/revisions"}],"predecessor-version":[{"id":794,"href":"https:\/\/janhonig.com\/index.php\/wp-json\/wp\/v2\/pages\/289\/revisions\/794"}],"wp:attachment":[{"href":"https:\/\/janhonig.com\/index.php\/wp-json\/wp\/v2\/media?parent=289"}],"curies":[{"name":"wp","href":"https:\/\/api.w.org\/{rel}","templated":true}]}}