{"id":457,"date":"2023-11-25T19:12:16","date_gmt":"2023-11-25T18:12:16","guid":{"rendered":"https:\/\/janhonig.com\/?page_id=457"},"modified":"2023-12-04T15:50:32","modified_gmt":"2023-12-04T14:50:32","slug":"terapie-eft-a-energo-psychologie","status":"publish","type":"page","link":"https:\/\/janhonig.com\/index.php\/terapie-eft-a-energo-psychologie\/","title":{"rendered":"Terapie EFT a energo-psychologie"},"content":{"rendered":"\t\t<div data-elementor-type=\"wp-page\" data-elementor-id=\"457\" class=\"elementor elementor-457\" data-elementor-post-type=\"page\">\n\t\t\t\t\t\t\t<div class=\"elementor-element elementor-element-aea924e e-flex e-con-boxed e-con e-parent\" data-id=\"aea924e\" data-element_type=\"container\" data-settings=\"{&quot;background_background&quot;:&quot;classic&quot;,&quot;container_type&quot;:&quot;flex&quot;,&quot;content_width&quot;:&quot;boxed&quot;}\" data-core-v316-plus=\"true\">\n\t\t\t\t\t<div class=\"e-con-inner\">\n\t\t\t\t<div class=\"elementor-element elementor-element-0c7ad8c elementor-widget elementor-widget-heading\" data-id=\"0c7ad8c\" data-element_type=\"widget\" data-widget_type=\"heading.default\">\n\t\t\t\t<div class=\"elementor-widget-container\">\n\t\t\t<style>\/*! elementor - v3.16.0 - 20-09-2023 *\/\n.elementor-heading-title{padding:0;margin:0;line-height:1}.elementor-widget-heading .elementor-heading-title[class*=elementor-size-]>a{color:inherit;font-size:inherit;line-height:inherit}.elementor-widget-heading .elementor-heading-title.elementor-size-small{font-size:15px}.elementor-widget-heading .elementor-heading-title.elementor-size-medium{font-size:19px}.elementor-widget-heading .elementor-heading-title.elementor-size-large{font-size:29px}.elementor-widget-heading .elementor-heading-title.elementor-size-xl{font-size:39px}.elementor-widget-heading .elementor-heading-title.elementor-size-xxl{font-size:59px}<\/style><h1 class=\"elementor-heading-title elementor-size-default\">Terapie EFT a energo-psychologie<\/h1>\t\t<\/div>\n\t\t\t\t<\/div>\n\t\t\t\t<div class=\"elementor-element elementor-element-ed624c9 elementor-widget elementor-widget-text-editor\" data-id=\"ed624c9\" data-element_type=\"widget\" data-widget_type=\"text-editor.default\">\n\t\t\t\t<div class=\"elementor-widget-container\">\n\t\t\t<style>\/*! elementor - v3.16.0 - 20-09-2023 *\/\n.elementor-widget-text-editor.elementor-drop-cap-view-stacked .elementor-drop-cap{background-color:#69727d;color:#fff}.elementor-widget-text-editor.elementor-drop-cap-view-framed .elementor-drop-cap{color:#69727d;border:3px solid;background-color:transparent}.elementor-widget-text-editor:not(.elementor-drop-cap-view-default) .elementor-drop-cap{margin-top:8px}.elementor-widget-text-editor:not(.elementor-drop-cap-view-default) .elementor-drop-cap-letter{width:1em;height:1em}.elementor-widget-text-editor .elementor-drop-cap{float:left;text-align:center;line-height:1;font-size:50px}.elementor-widget-text-editor .elementor-drop-cap-letter{display:inline-block}<\/style>\t\t\t\t<p>Jste na prahu objevu cesty k hlub\u0161\u00edmu sebepozn\u00e1n\u00ed a zlep\u0161en\u00edva\u0161eho celkov\u00e9ho zdrav\u00ed a pohody.<\/p>\t\t\t\t\t\t<\/div>\n\t\t\t\t<\/div>\n\t\t\t\t\t<\/div>\n\t\t\t\t<\/div>\n\t\t<div class=\"elementor-element elementor-element-bb42c47 e-flex e-con-boxed e-con e-parent\" data-id=\"bb42c47\" data-element_type=\"container\" data-settings=\"{&quot;background_background&quot;:&quot;classic&quot;,&quot;container_type&quot;:&quot;flex&quot;,&quot;content_width&quot;:&quot;boxed&quot;}\" data-core-v316-plus=\"true\">\n\t\t\t\t\t<div class=\"e-con-inner\">\n\t\t<div class=\"elementor-element elementor-element-41419b7 e-flex e-con-boxed e-con e-child\" data-id=\"41419b7\" data-element_type=\"container\" data-settings=\"{&quot;container_type&quot;:&quot;flex&quot;,&quot;content_width&quot;:&quot;boxed&quot;}\">\n\t\t\t\t\t<div class=\"e-con-inner\">\n\t\t\t\t<div class=\"elementor-element elementor-element-6fe00f2 elementor-widget elementor-widget-image\" data-id=\"6fe00f2\" data-element_type=\"widget\" data-widget_type=\"image.default\">\n\t\t\t\t<div class=\"elementor-widget-container\">\n\t\t\t<style>\/*! elementor - v3.16.0 - 20-09-2023 *\/\n.elementor-widget-image{text-align:center}.elementor-widget-image a{display:inline-block}.elementor-widget-image a img[src$=\".svg\"]{width:48px}.elementor-widget-image img{vertical-align:middle;display:inline-block}<\/style>\t\t\t\t\t\t\t\t\t\t\t\t<img decoding=\"async\" loading=\"lazy\" width=\"3456\" height=\"5184\" src=\"https:\/\/janhonig.com\/wp-content\/uploads\/2023\/11\/sluzby-terapie-prvni.png\" class=\"attachment-full size-full wp-image-498\" alt=\"\" srcset=\"https:\/\/janhonig.com\/wp-content\/uploads\/2023\/11\/sluzby-terapie-prvni.png 3456w, https:\/\/janhonig.com\/wp-content\/uploads\/2023\/11\/sluzby-terapie-prvni-200x300.png 200w, https:\/\/janhonig.com\/wp-content\/uploads\/2023\/11\/sluzby-terapie-prvni-683x1024.png 683w, https:\/\/janhonig.com\/wp-content\/uploads\/2023\/11\/sluzby-terapie-prvni-768x1152.png 768w, https:\/\/janhonig.com\/wp-content\/uploads\/2023\/11\/sluzby-terapie-prvni-1024x1536.png 1024w, https:\/\/janhonig.com\/wp-content\/uploads\/2023\/11\/sluzby-terapie-prvni-1365x2048.png 1365w, https:\/\/janhonig.com\/wp-content\/uploads\/2023\/11\/sluzby-terapie-prvni-600x900.png 600w\" sizes=\"(max-width: 3456px) 100vw, 3456px\" \/>\t\t\t\t\t\t\t\t\t\t\t\t\t\t\t<\/div>\n\t\t\t\t<\/div>\n\t\t\t\t\t<\/div>\n\t\t\t\t<\/div>\n\t\t<div class=\"elementor-element elementor-element-ce9525c e-flex e-con-boxed e-con e-child\" data-id=\"ce9525c\" data-element_type=\"container\" data-settings=\"{&quot;container_type&quot;:&quot;flex&quot;,&quot;content_width&quot;:&quot;boxed&quot;}\">\n\t\t\t\t\t<div class=\"e-con-inner\">\n\t\t\t\t<div class=\"elementor-element elementor-element-52596be elementor-widget elementor-widget-text-editor\" data-id=\"52596be\" data-element_type=\"widget\" data-widget_type=\"text-editor.default\">\n\t\t\t\t<div class=\"elementor-widget-container\">\n\t\t\t\t\t\t\t<p>Jako zku\u0161en\u00fd terapeut EFT (Emotional Freedom Techniques) a<br \/>energetick\u00e9 psychologie bych v\u00e1m r\u00e1d p\u0159edstavil sv\u011bt, kde<br \/>emocion\u00e1ln\u00ed rovnov\u00e1ha a du\u0161evn\u00ed klid nejsou jen vzd\u00e1len\u00fdmi c\u00edli,<br \/>ale dosa\u017eitelnou realitou.<br \/>Co je to EFT? EFT, \u010dasto ozna\u010dovan\u00e9 jako &amp;quot;psychologick\u00e1<br \/>akupunktura bez jehel&amp;quot;, je alternativn\u00ed terapeutick\u00e1 metoda, kter\u00e1<br \/>kombinuje prvky kognitivn\u00ed terapie s manu\u00e1ln\u00ed stimulac\u00ed<br \/>energetick\u00fdch bod\u016f na povrchu t\u011bla.<br \/>Tato technika byla navr\u017eena s c\u00edlem uvolnit blok\u00e1dy v<br \/>energetick\u00e9m syst\u00e9mu t\u011bla, kter\u00e9 jsou \u010dasto spojeny s negativn\u00edmi<br \/>emocemi a stresov\u00fdmi stavy.<br \/>Energetick\u00e1 psychologie se pak zab\u00fdv\u00e1 studiem a vyu\u017eit\u00edm<br \/>t\u011blesn\u00fdch energetick\u00fdch syst\u00e9m\u016f pro \u00fa\u010dely l\u00e9\u010dby. Uzn\u00e1v\u00e1, \u017ee<\/p><p>harmonick\u00fd tok \u017eivotn\u00ed energie je kl\u00ed\u010dem k fyzick\u00e9mu,<br \/>emocion\u00e1ln\u00edmu a du\u0161evn\u00edmu zdrav\u00ed.<br \/>Benefity EFT a energetick\u00e9 psychologie:<br \/>&#8211; Rychl\u00e9 a \u010dasto trval\u00e9 ulev\u011bn\u00ed od stresu, \u00fazkosti a strachu<br \/>&#8211; Zlep\u0161en\u00ed emo\u010dn\u00ed resilience a zvl\u00e1d\u00e1n\u00ed emocion\u00e1ln\u00edch v\u00fdzev<br \/>&#8211; Zm\u00edrn\u011bn\u00ed fyzick\u00e9 bolesti a chronick\u00fdch onemocn\u011bn\u00ed<br \/>&#8211; Podpora sebeuzdraven\u00ed t\u00edm, \u017ee se zam\u011b\u0159uje na p\u0159\u00ed\u010diny probl\u00e9m\u016f,<br \/>nikoli jen na symptomy<br \/>&#8211; Zlep\u0161en\u00ed osobn\u00edch vztah\u016f a komunika\u010dn\u00edch dovednost\u00ed<br \/>&#8211; Zv\u00fd\u0161en\u00ed sebev\u011bdom\u00ed a sebe\u00facty<br \/>&#8211; Podpora celkov\u00e9ho pocitu pohody<\/p>\t\t\t\t\t\t<\/div>\n\t\t\t\t<\/div>\n\t\t\t\t<div class=\"elementor-element elementor-element-aba3712 elementor-align-center elementor-widget elementor-widget-button\" data-id=\"aba3712\" data-element_type=\"widget\" data-widget_type=\"button.default\">\n\t\t\t\t<div class=\"elementor-widget-container\">\n\t\t\t\t\t<div class=\"elementor-button-wrapper\">\n\t\t\t<a class=\"elementor-button elementor-button-link elementor-size-sm\" href=\"https:\/\/janhonig.com\/index.php\/obchod\/\">\n\t\t\t\t\t\t<span class=\"elementor-button-content-wrapper\">\n\t\t\t\t\t\t<span class=\"elementor-button-text\">Objednat se na ETF a energo-psychologii<\/span>\n\t\t<\/span>\n\t\t\t\t\t<\/a>\n\t\t<\/div>\n\t\t\t\t<\/div>\n\t\t\t\t<\/div>\n\t\t\t\t\t<\/div>\n\t\t\t\t<\/div>\n\t\t\t\t\t<\/div>\n\t\t\t\t<\/div>\n\t\t<div class=\"elementor-element elementor-element-1c8546c e-flex e-con-boxed e-con e-parent\" data-id=\"1c8546c\" data-element_type=\"container\" data-settings=\"{&quot;background_background&quot;:&quot;classic&quot;,&quot;container_type&quot;:&quot;flex&quot;,&quot;content_width&quot;:&quot;boxed&quot;}\" data-core-v316-plus=\"true\">\n\t\t\t\t\t<div class=\"e-con-inner\">\n\t\t<div class=\"elementor-element elementor-element-3c044b1 e-flex e-con-boxed e-con e-child\" data-id=\"3c044b1\" data-element_type=\"container\" data-settings=\"{&quot;container_type&quot;:&quot;flex&quot;,&quot;content_width&quot;:&quot;boxed&quot;}\">\n\t\t\t\t\t<div class=\"e-con-inner\">\n\t\t\t\t<div class=\"elementor-element elementor-element-c15aedc elementor-widget elementor-widget-image\" data-id=\"c15aedc\" data-element_type=\"widget\" data-widget_type=\"image.default\">\n\t\t\t\t<div class=\"elementor-widget-container\">\n\t\t\t\t\t\t\t\t\t\t\t\t\t\t\t<img decoding=\"async\" loading=\"lazy\" width=\"3456\" height=\"5184\" src=\"https:\/\/janhonig.com\/wp-content\/uploads\/2023\/11\/sluzby-terapie-druha.png\" class=\"attachment-full size-full wp-image-499\" alt=\"\" srcset=\"https:\/\/janhonig.com\/wp-content\/uploads\/2023\/11\/sluzby-terapie-druha.png 3456w, https:\/\/janhonig.com\/wp-content\/uploads\/2023\/11\/sluzby-terapie-druha-200x300.png 200w, https:\/\/janhonig.com\/wp-content\/uploads\/2023\/11\/sluzby-terapie-druha-683x1024.png 683w, https:\/\/janhonig.com\/wp-content\/uploads\/2023\/11\/sluzby-terapie-druha-768x1152.png 768w, https:\/\/janhonig.com\/wp-content\/uploads\/2023\/11\/sluzby-terapie-druha-1024x1536.png 1024w, https:\/\/janhonig.com\/wp-content\/uploads\/2023\/11\/sluzby-terapie-druha-1365x2048.png 1365w, https:\/\/janhonig.com\/wp-content\/uploads\/2023\/11\/sluzby-terapie-druha-600x900.png 600w\" sizes=\"(max-width: 3456px) 100vw, 3456px\" \/>\t\t\t\t\t\t\t\t\t\t\t\t\t\t\t<\/div>\n\t\t\t\t<\/div>\n\t\t\t\t\t<\/div>\n\t\t\t\t<\/div>\n\t\t<div class=\"elementor-element elementor-element-eeebd22 e-flex e-con-boxed e-con e-child\" data-id=\"eeebd22\" data-element_type=\"container\" data-settings=\"{&quot;container_type&quot;:&quot;flex&quot;,&quot;content_width&quot;:&quot;boxed&quot;}\">\n\t\t\t\t\t<div class=\"e-con-inner\">\n\t\t\t\t<div class=\"elementor-element elementor-element-ebeb298 elementor-widget elementor-widget-text-editor\" data-id=\"ebeb298\" data-element_type=\"widget\" data-widget_type=\"text-editor.default\">\n\t\t\t\t<div class=\"elementor-widget-container\">\n\t\t\t\t\t\t\t<p>Jako v\u00e1\u0161 terapeut budu s\u00a0nejlep\u0161\u00edm v\u011bdom\u00edm a sv\u011bdom\u00edm<br \/>pracovat, abych v\u00e1s provedl procesem EFT a energetick\u00e9<br \/>psychologie tak, aby byly va\u0161e jedine\u010dn\u00e9 pot\u0159eby a c\u00edle v\u017edy na<br \/>prvn\u00edm m\u00edst\u011b.<br \/>Moje slu\u017eby jsou zalo\u017eeny na hlubok\u00e9m naslouch\u00e1n\u00ed, empatii a<br \/>odborn\u00fdch znalostech, kter\u00e9 v\u00e1m pomohou odblokovat a p\u0159ekonat<br \/>vnit\u0159n\u00ed bari\u00e9ry, je\u017e v\u00e1m br\u00e1n\u00ed v dosa\u017een\u00ed va\u0161eho pln\u00e9ho potenci\u00e1lu.<br \/>P\u0159edstavte si \u017eivot, kde va\u0161e strachy a obavy u\u017e neovl\u00e1daj\u00ed va\u0161e<br \/>ka\u017edodenn\u00ed rozhodnut\u00ed.<br \/>Kde m\u016f\u017eete \u010delit v\u00fdzv\u00e1m s jistotou a kde se va\u0161e minul\u00e9 trauma<br \/>m\u011bn\u00ed v s\u00edlu pro va\u0161i budoucnost.<br \/>To v\u0161e a mnohem v\u00edce je mo\u017en\u00e9 d\u00edky moci EFT a energetick\u00e9<br \/>psychologie.<\/p><p>Zvu v\u00e1s, abyste se p\u0159ipojili k mnoha jedinc\u016fm, kte\u0159\u00ed ji\u017e pro\u0161li<br \/>transforma\u010dn\u00edm procesem a nyn\u00ed za\u017e\u00edvaj\u00ed svobodu a radost, kterou<br \/>si ka\u017ed\u00fd zaslou\u017e\u00ed.<br \/>A\u0165 u\u017e hled\u00e1te pomoc s konkr\u00e9tn\u00edm emocion\u00e1ln\u00edm probl\u00e9mem,<br \/>nebo tou\u017e\u00edte po hlub\u0161\u00ed osobn\u00ed zm\u011bn\u011b, jsem zde, abych v\u00e1s podpo\u0159il<br \/>na va\u0161\u00ed cest\u011b.<br \/>V\u011b\u0159\u00edm, \u017ee ka\u017ed\u00fd m\u00e1 pr\u00e1vo na \u0161\u0165astn\u00fd a napln\u011bn\u00fd \u017eivot. Pokud jste<br \/>p\u0159ipraveni ud\u011blat prvn\u00ed krok k tomuto c\u00edli, t\u011b\u0161\u00edm se na osobn\u00ed \u010di<br \/>telefonick\u00e9 setk\u00e1n\u00ed s V\u00e1mi a na spole\u010dnou pr\u00e1ci na dosa\u017een\u00ed va\u0161\u00ed<br \/>emocion\u00e1ln\u00ed svobody.<\/p>\t\t\t\t\t\t<\/div>\n\t\t\t\t<\/div>\n\t\t\t\t<div class=\"elementor-element elementor-element-4cadd29 elementor-align-center elementor-widget elementor-widget-button\" data-id=\"4cadd29\" data-element_type=\"widget\" data-widget_type=\"button.default\">\n\t\t\t\t<div class=\"elementor-widget-container\">\n\t\t\t\t\t<div class=\"elementor-button-wrapper\">\n\t\t\t<a class=\"elementor-button elementor-button-link elementor-size-sm\" href=\"https:\/\/janhonig.com\/index.php\/obchod\/\">\n\t\t\t\t\t\t<span class=\"elementor-button-content-wrapper\">\n\t\t\t\t\t\t<span class=\"elementor-button-text\">Objednat se na ETF a energo-psychologii<\/span>\n\t\t<\/span>\n\t\t\t\t\t<\/a>\n\t\t<\/div>\n\t\t\t\t<\/div>\n\t\t\t\t<\/div>\n\t\t\t\t\t<\/div>\n\t\t\t\t<\/div>\n\t\t\t\t\t<\/div>\n\t\t\t\t<\/div>\n\t\t<div class=\"elementor-element elementor-element-86645f2 e-flex e-con-boxed e-con e-parent\" data-id=\"86645f2\" data-element_type=\"container\" data-settings=\"{&quot;background_background&quot;:&quot;classic&quot;,&quot;container_type&quot;:&quot;flex&quot;,&quot;content_width&quot;:&quot;boxed&quot;}\" data-core-v316-plus=\"true\">\n\t\t\t\t\t<div class=\"e-con-inner\">\n\t\t<div class=\"elementor-element elementor-element-6b6f19e e-flex e-con-boxed e-con e-child\" data-id=\"6b6f19e\" data-element_type=\"container\" data-settings=\"{&quot;container_type&quot;:&quot;flex&quot;,&quot;content_width&quot;:&quot;boxed&quot;}\">\n\t\t\t\t\t<div class=\"e-con-inner\">\n\t\t\t\t<div class=\"elementor-element elementor-element-6e8e125 elementor-widget elementor-widget-text-editor\" data-id=\"6e8e125\" data-element_type=\"widget\" data-widget_type=\"text-editor.default\">\n\t\t\t\t<div class=\"elementor-widget-container\">\n\t\t\t\t\t\t\t<p>Pro ty z V\u00e1s, kter\u00e9 EFT a energetick\u00e1 psychologie zaj\u00edm\u00e1 bl\u00ed\u017ee \u2026 tak byla vytvo\u0159ena Garym Craigem v 90. letech 20. stolet\u00ed a je zalo\u017eena na p\u0159edpokladu, \u017ee negativn\u00ed emoce jsou zp\u016fsobeny naru\u0161en\u00edm energetick\u00e9ho syst\u00e9mu t\u011bla. EFT pracuje s t\u00edmto syst\u00e9mem s c\u00edlem obnovit rovnov\u00e1hu a podpo\u0159it uzdraven\u00ed. EFT se zam\u011b\u0159uje na konkr\u00e9tn\u00ed energetick\u00e9 body (meridi\u00e1ny) na povrchu t\u011bla, kter\u00e9 jsou stimulov\u00e1ny lehk\u00fdm poklep\u00e1v\u00e1n\u00edm prst\u016f.<\/p><p>Zat\u00edmco klient se zam\u011b\u0159uje na specifick\u00fd probl\u00e9m nebo emocion\u00e1ln\u00ed bolest, terapeut vede klienta skrze s\u00e9rii poklep\u016f na t\u011bchto bodech. Tento proces je \u010dasto doprov\u00e1zen afirmacemi, kter\u00e9 pom\u00e1haj\u00ed p\u0159eformulovat negativn\u00ed my\u0161lenky a p\u0159esv\u011bd\u010den\u00ed.<\/p><h3><strong>EFT m\u016f\u017ee b\u00fdt pou\u017eito pro \u0161irok\u00e9 spektrum probl\u00e9m\u016f a obt\u00ed\u017e\u00ed, v\u010detn\u011b:<\/strong><\/h3>\t\t\t\t\t\t<\/div>\n\t\t\t\t<\/div>\n\t\t\t\t<div class=\"elementor-element elementor-element-ca37cd5 elementor-widget__width-initial elementor-widget elementor-widget-text-editor\" data-id=\"ca37cd5\" data-element_type=\"widget\" data-widget_type=\"text-editor.default\">\n\t\t\t\t<div class=\"elementor-widget-container\">\n\t\t\t\t\t\t\t<ol><li><p><strong>\u00dazkost a stres:<\/strong> EFT m\u016f\u017ee pomoci sn\u00ed\u017eit \u00farove\u0148 stresu a \u00fazkosti t\u00edm, \u017ee uvol\u0148uje energetick\u00e9 bloky zp\u016fsobuj\u00edc\u00ed tyto pocity.<\/p><\/li><li><p><strong>Fobie a strachy:<\/strong> Praktikov\u00e1n\u00ed EFT m\u016f\u017ee pomoci zm\u00edrnit intenzitu fobi\u00ed a strach\u016f, co\u017e klient\u016fm umo\u017e\u0148uje l\u00e9pe zvl\u00e1dat situace, kter\u00e9 je d\u0159\u00edve vyv\u00e1d\u011bly z m\u00edry.<\/p><\/li><li><p><strong>Trauma a PTSD:<\/strong> EFT m\u016f\u017ee b\u00fdt u\u017eite\u010dn\u00e9 v procesu uzdravov\u00e1n\u00ed z traumatu t\u00edm, \u017ee pom\u00e1h\u00e1 zpracov\u00e1vat a uvol\u0148ovat emo\u010dn\u00ed bolest spojenou s traumatick\u00fdmi z\u00e1\u017eitky.<\/p><\/li><li><p><strong>Emo\u010dn\u00ed bolest a smutek:<\/strong> EFT m\u016f\u017ee poskytnout \u00falevu od emo\u010dn\u00ed bolesti, v\u010detn\u011b smutku, z\u00e1rmutku nebo pocitu ztr\u00e1ty.<\/p><\/li><li><p><strong>Chronick\u00e1 bolest:<\/strong> EFT m\u016f\u017ee pomoci sn\u00ed\u017eit vn\u00edm\u00e1n\u00ed bolesti t\u00edm, \u017ee \u0159e\u0161\u00ed psychologick\u00e9 faktory, kter\u00e9 mohou bolest zhor\u0161ovat.<\/p><\/li><li><p><strong>Sebev\u011bdom\u00ed a sebehodnocen\u00ed:<\/strong> EFT m\u016f\u017ee pomoci zlep\u0161it sebev\u011bdom\u00ed a sebehodnocen\u00ed t\u00edm, \u017ee \u0159e\u0161\u00ed negativn\u00ed p\u0159esv\u011bd\u010den\u00ed a emo\u010dn\u00ed blok\u00e1dy.<\/p><\/li><li><p><strong>V\u00fdkonnost a osobn\u00ed rozvoj:<\/strong> EFT m\u016f\u017ee pomoci odstranit vnit\u0159n\u00ed p\u0159ek\u00e1\u017eky, kter\u00e9 br\u00e1n\u00ed dosa\u017een\u00ed osobn\u00edch a profesion\u00e1ln\u00edch c\u00edl\u016f.<\/p><\/li><li><p><strong>Z\u00e1vislosti a nezdrav\u00e9 vzorce chov\u00e1n\u00ed:<\/strong> EFT m\u016f\u017ee b\u00fdt pou\u017eito k \u0159e\u0161en\u00ed podkladov\u00fdch emocion\u00e1ln\u00edch probl\u00e9m\u016f, kter\u00e9 vedou k z\u00e1vislostem a nezdrav\u00fdm vzorc\u016fm chov\u00e1n\u00ed.<\/p><\/li><li><p><strong>\u0158\u00edzen\u00ed hmotnosti a stravovac\u00edch n\u00e1vyk\u016f:<\/strong> EFT m\u016f\u017ee pomoci zm\u011bnit emo\u010dn\u00ed vztah k j\u00eddlu a podporovat zdrav\u011bj\u0161\u00ed stravovac\u00ed n\u00e1vyky.<\/p><\/li><\/ol>\t\t\t\t\t\t<\/div>\n\t\t\t\t<\/div>\n\t\t\t\t<div class=\"elementor-element elementor-element-eebf034 elementor-widget__width-initial elementor-widget elementor-widget-text-editor\" data-id=\"eebf034\" data-element_type=\"widget\" data-widget_type=\"text-editor.default\">\n\t\t\t\t<div class=\"elementor-widget-container\">\n\t\t\t\t\t\t\t<h3><strong>Kdy tedy uva\u017eovat o terapii EFT:<\/strong><\/h3><ul><li><p>Pokud trp\u00edte chronick\u00fdm stresem nebo \u00fazkost\u00ed, kter\u00e1 ovliv\u0148uje va\u0161i schopnost fungovat v ka\u017edodenn\u00edm \u017eivot\u011b.<\/p><\/li><li><p>Kdy\u017e se pot\u00fdk\u00e1te s emocion\u00e1ln\u00edmi probl\u00e9my nebo traumatem, kter\u00e9 se zdaj\u00ed b\u00fdt odoln\u00e9 v\u016f\u010di jin\u00fdm form\u00e1m terapie.<\/p><\/li><li><p>Pokud hled\u00e1te alternativn\u00ed nebo dopl\u0148kovou metodu k tradi\u010dn\u00ed psychoterapii.<\/p><\/li><li><p>Kdy\u017e chcete pracovat na osobn\u00edm rozvoji a odstranit bari\u00e9ry, kter\u00e9 v\u00e1s omezuj\u00ed.<\/p><\/li><li><p>Pokud se sna\u017e\u00edte p\u0159ekonat fobie, strachy nebo z\u00e1vislosti. EFT je cen\u011bno pro svou jednoduchost a mo\u017enost sebepomoci, co\u017e znamen\u00e1, \u017ee s ur\u010dit\u00fdm tr\u00e9ninkem mohou klienti pou\u017e\u00edvat z\u00e1kladn\u00ed techniky EFT sami pro \u0159e\u0161en\u00ed ka\u017edodenn\u00edch stres\u016f a emocion\u00e1ln\u00edch v\u00fdzev.<\/p><\/li><\/ul><p>Budu se t\u011b\u0161it na p\u0159\u00edpadn\u00e9 setk\u00e1n\u00ed \u2026<\/p>\t\t\t\t\t\t<\/div>\n\t\t\t\t<\/div>\n\t\t\t\t<div class=\"elementor-element elementor-element-d238a7a elementor-align-center elementor-widget elementor-widget-button\" data-id=\"d238a7a\" data-element_type=\"widget\" data-widget_type=\"button.default\">\n\t\t\t\t<div class=\"elementor-widget-container\">\n\t\t\t\t\t<div class=\"elementor-button-wrapper\">\n\t\t\t<a class=\"elementor-button elementor-button-link elementor-size-sm\" href=\"https:\/\/janhonig.com\/index.php\/obchod\/\">\n\t\t\t\t\t\t<span class=\"elementor-button-content-wrapper\">\n\t\t\t\t\t\t<span class=\"elementor-button-text\">Objednat se na ETF a energo-psychologii<\/span>\n\t\t<\/span>\n\t\t\t\t\t<\/a>\n\t\t<\/div>\n\t\t\t\t<\/div>\n\t\t\t\t<\/div>\n\t\t\t\t\t<\/div>\n\t\t\t\t<\/div>\n\t\t\t\t\t<\/div>\n\t\t\t\t<\/div>\n\t\t\t\t\t\t\t<\/div>\n\t\t","protected":false},"excerpt":{"rendered":"<p>Terapie EFT a energo-psychologie Jste na prahu objevu cesty k hlub\u0161\u00edmu sebepozn\u00e1n\u00ed a zlep\u0161en\u00edva\u0161eho celkov\u00e9ho zdrav\u00ed a pohody. Jako zku\u0161en\u00fd terapeut EFT (Emotional Freedom Techniques) aenergetick\u00e9 psychologie bych v\u00e1m r\u00e1d p\u0159edstavil sv\u011bt, kdeemocion\u00e1ln\u00ed rovnov\u00e1ha a du\u0161evn\u00ed klid nejsou jen vzd\u00e1len\u00fdmi c\u00edli,ale dosa\u017eitelnou realitou.Co je to EFT? EFT, \u010dasto ozna\u010dovan\u00e9 jako &amp;quot;psychologick\u00e1akupunktura bez jehel&amp;quot;, je alternativn\u00ed [&hellip;]<\/p>\n","protected":false},"author":1,"featured_media":0,"parent":0,"menu_order":0,"comment_status":"closed","ping_status":"closed","template":"","meta":{"footnotes":""},"aioseo_notices":[],"_links":{"self":[{"href":"https:\/\/janhonig.com\/index.php\/wp-json\/wp\/v2\/pages\/457"}],"collection":[{"href":"https:\/\/janhonig.com\/index.php\/wp-json\/wp\/v2\/pages"}],"about":[{"href":"https:\/\/janhonig.com\/index.php\/wp-json\/wp\/v2\/types\/page"}],"author":[{"embeddable":true,"href":"https:\/\/janhonig.com\/index.php\/wp-json\/wp\/v2\/users\/1"}],"replies":[{"embeddable":true,"href":"https:\/\/janhonig.com\/index.php\/wp-json\/wp\/v2\/comments?post=457"}],"version-history":[{"count":22,"href":"https:\/\/janhonig.com\/index.php\/wp-json\/wp\/v2\/pages\/457\/revisions"}],"predecessor-version":[{"id":745,"href":"https:\/\/janhonig.com\/index.php\/wp-json\/wp\/v2\/pages\/457\/revisions\/745"}],"wp:attachment":[{"href":"https:\/\/janhonig.com\/index.php\/wp-json\/wp\/v2\/media?parent=457"}],"curies":[{"name":"wp","href":"https:\/\/api.w.org\/{rel}","templated":true}]}}