{"id":468,"date":"2023-11-25T19:22:27","date_gmt":"2023-11-25T18:22:27","guid":{"rendered":"https:\/\/janhonig.com\/?page_id=468"},"modified":"2023-11-25T19:27:19","modified_gmt":"2023-11-25T18:27:19","slug":"obchodni-podminky","status":"publish","type":"page","link":"https:\/\/janhonig.com\/index.php\/obchodni-podminky\/","title":{"rendered":"D\u016fle\u017eit\u00e9 informace\/objedn\u00e1vky"},"content":{"rendered":"\t\t<div data-elementor-type=\"wp-page\" data-elementor-id=\"468\" class=\"elementor elementor-468\" data-elementor-post-type=\"page\">\n\t\t\t\t\t\t\t<div class=\"elementor-element elementor-element-203de15 e-flex e-con-boxed e-con e-parent\" data-id=\"203de15\" data-element_type=\"container\" data-settings=\"{&quot;container_type&quot;:&quot;flex&quot;,&quot;content_width&quot;:&quot;boxed&quot;}\" data-core-v316-plus=\"true\">\n\t\t\t\t\t<div class=\"e-con-inner\">\n\t\t\t\t<div class=\"elementor-element elementor-element-cd4c56d elementor-widget elementor-widget-text-editor\" data-id=\"cd4c56d\" data-element_type=\"widget\" data-widget_type=\"text-editor.default\">\n\t\t\t\t<div class=\"elementor-widget-container\">\n\t\t\t<style>\/*! elementor - v3.16.0 - 20-09-2023 *\/\n.elementor-widget-text-editor.elementor-drop-cap-view-stacked .elementor-drop-cap{background-color:#69727d;color:#fff}.elementor-widget-text-editor.elementor-drop-cap-view-framed .elementor-drop-cap{color:#69727d;border:3px solid;background-color:transparent}.elementor-widget-text-editor:not(.elementor-drop-cap-view-default) .elementor-drop-cap{margin-top:8px}.elementor-widget-text-editor:not(.elementor-drop-cap-view-default) .elementor-drop-cap-letter{width:1em;height:1em}.elementor-widget-text-editor .elementor-drop-cap{float:left;text-align:center;line-height:1;font-size:50px}.elementor-widget-text-editor .elementor-drop-cap-letter{display:inline-block}<\/style>\t\t\t\t<div id=\"bgLayers_comp-julujemd\" class=\"MW5IWV\" data-hook=\"bgLayers\"><div id=\"bgMedia_comp-julujemd\" class=\"VgO9Yg\">\u00a0<\/div><\/div><div class=\"\" data-mesh-id=\"comp-julujemdinlineContent\" data-testid=\"inline-content\"><div data-mesh-id=\"comp-julujemdinlineContent-gridContainer\" data-testid=\"mesh-container-content\"><div id=\"comp-julujo5z\" class=\"BaOVQ8 tz5f0K comp-julujo5z wixui-rich-text\" data-testid=\"richTextElement\"><p class=\"font_8 wixui-rich-text__text\"><span class=\"wixui-rich-text__text\"><span class=\"color_11 wixui-rich-text__text\">CO D\u011aLAT V P\u0158\u00cdPAD\u011a Z\u00c1JMU O OBJEDN\u00c1N\u00cd TERM\u00cdNU KONZULTACE ?<\/span><\/span><\/p><p class=\"font_8 wixui-rich-text__text\">\u00a0<\/p><p class=\"font_8 wixui-rich-text__text\"><span class=\"color_11 wixui-rich-text__text\">Pokud se chcete objednat na jakoukoliv z nab\u00edzen\u00fdch slu\u017eeb, a\u0165 na konzultaci osobn\u00ed \u010di telefonickou, u\u010di\u0148te tak pros\u00edm platbou za vybranou slu\u017ebu zde na webu skrze platebn\u00ed kartu, \u010di zavol\u00e1n\u00edm na m\u00e9 pracovn\u00ed \u010d\u00edslo +420 792 520 064 pro term\u00edn osobn\u00edho setk\u00e1n\u00ed.\u00a0Telefon V\u00e1m zvednu j\u00e1 nebo m\u00e1 asistentka a spole\u010dn\u011b vybereme nejvhodn\u011bj\u0161\u00ed term\u00edn pop\u0159\u00edpad\u011b ihned budeme konzultovat.<\/span><\/p><p class=\"font_8 wixui-rich-text__text\">\u00a0<\/p><p class=\"font_8 wixui-rich-text__text\"><span class=\"wixui-rich-text__text\"><span class=\"color_11 wixui-rich-text__text\">JAK V\u0160E PROB\u00cdH\u00c1 P\u0158I ZVOLEN\u00cd OSOBN\u00cd KONZULTACE ?<\/span><\/span><\/p><p class=\"font_8 wixui-rich-text__text\"><span class=\"color_11 wixui-rich-text__text\">P\u0159i zvolen\u00ed osobn\u00ed konzultace, doraz\u00edte ve smluven\u00fd objednan\u00fd \u010das do m\u00e9 priv\u00e1tn\u00ed kamenn\u00e9 V\u011b\u0161t\u00edrny v Opav\u011b na adrese H\u00e1lkova 15C &#8211; Kate\u0159inky, kde se V\u00e1m v p\u0159\u00edjemn\u00e9m prost\u0159ed\u00ed m\u00e9 kancel\u00e1\u0159e budu v\u011bnovat. D\u00e1me si spole\u010dn\u011b \u010daj \u010di k\u00e1vu a probereme v\u0161e pro V\u00e1s d\u016fle\u017eit\u00e9. Doporu\u010duji V\u00e1m p\u0159ipravit si dop\u0159edu ot\u00e1zky, na kter\u00e9 chcete zn\u00e1t odpov\u011b\u010f a tak\u00e9 pop\u0159\u00edpad\u011b fotografie a data narozen\u00ed v\u0161ech lid\u00ed, na kter\u00e9 se hodl\u00e1te pt\u00e1t. Po ukon\u010den\u00ed konzultace m\u016f\u017eete p\u0159\u00edslu\u0161nou \u010d\u00e1stku platit hotov\u011b i kartou.<\/span><\/p><p class=\"font_8 wixui-rich-text__text\"><span class=\"wixui-rich-text__text\"><span class=\"wixGuard wixui-rich-text__text\">\u200b<\/span><\/span><\/p><p class=\"font_8 wixui-rich-text__text\"><span class=\"wixui-rich-text__text\"><span class=\"color_11 wixui-rich-text__text\">JAK V\u0160E PROB\u00cdH\u00c1 P\u0158I ZVOLEN\u00cd TELEFONICK\u00c9 KONZULTACE?<\/span><\/span><\/p><p class=\"font_8 wixui-rich-text__text\"><span class=\"color_11 wixui-rich-text__text\">P\u0159i zvolen\u00ed telefonick\u00e9 konzultace, vyberete V\u00e1mi po\u017eadovanou slu\u017ebu, vlo\u017e\u00edte ji zde do ko\u0161\u00edku, zaplat\u00edte skrze platebn\u00ed kartu a zavol\u00e1te na m\u00e9 \u010d\u00edslo +420 792 520 064\u00a0domluv\u00edme si term\u00edn \u010di okam\u017eit\u011b konzultujeme. V\u011bnuji se V\u00e1m po telefonu a \u0159e\u0161\u00edme v\u0161e bez pot\u0159eby osobn\u00edho setk\u00e1n\u00ed. Telefonick\u00e1 konzultace nem\u011bn\u00ed kvalitu poskytovan\u00fdch slu\u017eeb. Je naopak v\u00fdhodn\u00e1 pro V\u00e1s, nemus\u00edte nikam cestovat, zvy\u0161ovat t\u00edm n\u00e1klady, v\u0161e prob\u00edh\u00e1 z pohodl\u00ed Va\u0161eho domova. Doporu\u010duji V\u00e1m p\u0159ipravit si dop\u0159edu ot\u00e1zky, na kter\u00e9 chcete zn\u00e1t odpov\u011b\u010f a tak\u00e9 pop\u0159\u00edpad\u011b fotografie a data narozen\u00ed v\u0161ech lid\u00ed, na kter\u00e9 se hodl\u00e1te pt\u00e1t zaslat na email:\u00a0<span class=\"wixui-rich-text__text\"><a class=\"wixui-rich-text__text\" href=\"mailto:karty-opava@email.cz\" target=\"_self\">karty-opava@email.cz<\/a><\/span><\/span><\/p><p class=\"font_8 wixui-rich-text__text\"><span class=\"color_11 wixui-rich-text__text\">\u010c\u00e1stku za p\u0159\u00edslu\u0161nou konzultaci hrad\u00edte p\u0159edem, platebn\u00ed kartou zde na webu nebo zasl\u00e1n\u00edm na bankovn\u00ed \u00fa\u010det.\u00a0\u00a0<\/span><\/p><p class=\"font_8 wixui-rich-text__text\"><span class=\"color_11 wixui-rich-text__text\">\u010c\u00edslo \u00fa\u010dtu : 115-8466300247 \/ 0100<\/span><\/p><p class=\"font_8 wixui-rich-text__text\"><span class=\"color_11 wixui-rich-text__text\">zpr\u00e1va pro p\u0159\u00edjemce : Va\u0161e telefonn\u00ed \u010d\u00edslo\u00a0<\/span><\/p><p class=\"font_8 wixui-rich-text__text\">\u00a0<\/p><p class=\"font_8 wixui-rich-text__text\"><span class=\"wixui-rich-text__text\"><span class=\"color_11 wixui-rich-text__text\">NAB\u00cdZ\u00cdTE POUZE OSOBN\u00cd NEBO TELEFONICKOU KONZULTACI ? CO KDY\u017d JSEM ZE ZAHRANI\u010c\u00cd ?<\/span><\/span><\/p><p class=\"font_8 wixui-rich-text__text\"><span class=\"color_11 wixui-rich-text__text\">Krom\u011b osobn\u00ed \u010di telefonick\u00e9 konzultace nab\u00edz\u00edm tak\u00e9 konzultaci p\u0159es SKYPE, v p\u0159\u00edpad\u011b, \u017ee jste ze zahrani\u010d\u00ed a nechcete dorazit osobn\u011b, je tato mo\u017enost skv\u011blou volbou.\u00a0<\/span><\/p><p class=\"font_8 wixui-rich-text__text\"><span class=\"color_11 wixui-rich-text__text\">SKYPE konzultace nem\u011bn\u00ed kvalitu poskytovan\u00fdch slu\u017eeb,\u00a0naopak v\u00fdhodn\u00e1 pro V\u00e1s, nemus\u00edte nikam cestovat, zvy\u0161ovat t\u00edm n\u00e1klady, v\u0161e prob\u00edh\u00e1 z pohodl\u00ed Va\u0161eho domova. Doporu\u010duji V\u00e1m p\u0159ipravit si dop\u0159edu ot\u00e1zky, na kter\u00e9 chcete zn\u00e1t odpov\u011b\u010f a tak\u00e9 pop\u0159\u00edpad\u011b fotografie a data narozen\u00ed v\u0161ech lid\u00ed, na kter\u00e9 se hodl\u00e1te pt\u00e1t zaslat na email:\u00a0<span class=\"wixui-rich-text__text\"><a class=\"wixui-rich-text__text\" href=\"mailto:karty-opava@email.cz\" target=\"_self\">karty-opava@email.cz<\/a><\/span><\/span><\/p><p class=\"font_8 wixui-rich-text__text\"><span class=\"color_11 wixui-rich-text__text\">\u010c\u00e1stku za p\u0159\u00edslu\u0161nou konzultaci hrad\u00edte p\u0159edem, platebn\u00ed kartou zde na webu nebo\u00a0zasl\u00e1n\u00edm na bankovn\u00ed \u00fa\u010det.\u00a0\u00a0<\/span><\/p><p class=\"font_8 wixui-rich-text__text\"><span class=\"color_11 wixui-rich-text__text\">PRO PLATBY ZE ZAHRANI\u010c\u00cd:<\/span><\/p><p class=\"font_8 wixui-rich-text__text\">\u00a0<\/p><p class=\"font_8 wixui-rich-text__text\"><span class=\"color_11 wixui-rich-text__text\">IBAN: CZ6901000001158466300247<\/span><\/p><p class=\"font_8 wixui-rich-text__text\">\u00a0<\/p><p class=\"font_8 wixui-rich-text__text\"><span class=\"color_11 wixui-rich-text__text\">BIC\u00a0\/ SWIFT\u00a0k\u00f3d : KOMBCZPPXXX<\/span><\/p><p class=\"font_8 wixui-rich-text__text\">\u00a0<\/p><p class=\"font_8 wixui-rich-text__text\"><span class=\"color_11 wixui-rich-text__text\">zpr\u00e1va pro p\u0159\u00edjemce : Va\u0161e telefonn\u00ed \u010d\u00edslo<\/span><\/p><p class=\"font_8 wixui-rich-text__text\">\u00a0<\/p><p class=\"font_8 wixui-rich-text__text\"><span class=\"wixui-rich-text__text\"><span class=\"color_11 wixui-rich-text__text\">JAK DLOUHO BUDU \u010cEKAT NA TERM\u00cdN ? JE MO\u017dN\u00c1 EXPRESN\u00cd KONZULTACE ?<\/span><\/span><\/p><p class=\"font_8 wixui-rich-text__text\"><span class=\"color_11 wixui-rich-text__text\">D\u00e9lka objednac\u00edch term\u00edn\u016f je velmi individu\u00e1ln\u00ed a st\u00e1le se m\u011bn\u00ed. Z\u00e1vis\u00ed na mno\u017estv\u00ed objednan\u00fdch klient\u016f, m\u00fdch pracovn\u00edch cest\u00e1ch a mnoha dal\u0161\u00edch faktorech. V\u017edy se sna\u017e\u00edm V\u00e1m vyhov\u011bt a vz\u00edt V\u00e1s ihned. Velmi \u010dasto se st\u00e1v\u00e1, \u017ee dostanete term\u00edn okam\u017eit\u011b \u010di\u00a0n\u00e1sleduj\u00edc\u00ed den, n Zavolejte mi a jist\u011b se na v\u0161em domluv\u00edme, sna\u017e\u00edm se v\u017edy V\u00e1m \u010dasov\u011b p\u0159izp\u016fsobit.<\/span><\/p><p class=\"font_8 wixui-rich-text__text\"><span class=\"wixGuard wixui-rich-text__text\">\u200b<\/span><\/p><p class=\"font_8 wixui-rich-text__text\"><span class=\"wixui-rich-text__text\"><span class=\"color_11 wixui-rich-text__text\">POKUD SI OD V\u00c1S N\u011aCO OBJEDN\u00c1M JAK JE MI ZBO\u017d\u00cd DOD\u00c1NO ?<\/span><\/span><\/p><p class=\"font_8 wixui-rich-text__text\"><span class=\"color_11 wixui-rich-text__text\">V p\u0159\u00edpad\u011b, \u017ee jste u m\u011b osobn\u011b a rozhodnete si zakoupit a\u0165 u\u017e doporu\u010den\u00e9 \u010di V\u00e1mi vybran\u00e9 zbo\u017e\u00ed m\u016f\u017eete jej zaplatit hotov\u011b \u010di kartou a rovnou si jej odn\u00e9st.<\/span><\/p><p class=\"font_8 wixui-rich-text__text\"><span class=\"color_11 wixui-rich-text__text\">V p\u0159\u00edpad\u011b, \u017ee semnou komunikujete telefonicky \u010di p\u0159es SKYPE a m\u00e1te z\u00e1jem o jak\u00e9koliv zbo\u017e\u00ed, m\u016f\u017eete si jej samostatn\u011b objednat na adrese\u00a0<span class=\"wixui-rich-text__text\"><a class=\"wixui-rich-text__text\" href=\"http:\/\/www.obchod-harmonie.cz\/\" target=\"_blank\" rel=\"noopener\">www.obchod-harmonie.cz<\/a><\/span>\u00a0\u010di prov\u00e9st telefonickou objedn\u00e1vku b\u011bhem konzultace a j\u00e1 za\u0159\u00edd\u00edm, aby V\u00e1m bylo zbo\u017e\u00ed odesl\u00e1no do druh\u00e9ho dne v neozna\u010den\u00e9m bal\u00edku (pro plnou diskr\u00e9tnost).\u00a0<\/span><\/p><p class=\"font_8 wixui-rich-text__text\">\u00a0<\/p><p class=\"font_8 wixui-rich-text__text\"><span class=\"color_11 wixui-rich-text__text\">V p\u0159\u00edpad\u011b jak\u00fdchkoliv jin\u00fdch dotaz\u016f m\u011b nev\u00e1hejte kontaktovat na \u010d\u00edsle +420 792 520 064.<\/span><\/p><p class=\"font_8 wixui-rich-text__text\"><span class=\"color_11 wixui-rich-text__text\">budu se t\u011b\u0161it na p\u0159\u00edpadn\u00e9 setk\u00e1n\u00ed \u2026<\/span><\/p><p class=\"font_8 wixui-rich-text__text\"><span class=\"wixGuard wixui-rich-text__text\">\u200b<\/span><\/p><p class=\"font_8 wixui-rich-text__text\"><span class=\"wixui-rich-text__text\"><span class=\"color_11 wixui-rich-text__text\">OBCHODN\u00cd PODM\u00cdNKY PLATN\u00c9 PRO VE\u0160KER\u00c9 POSKYTOVAN\u00c9 SLU\u017dBY<\/span><\/span><\/p><\/div><\/div><\/div>\t\t\t\t\t\t<\/div>\n\t\t\t\t<\/div>\n\t\t\t\t<div class=\"elementor-element elementor-element-0c779d2 elementor-widget elementor-widget-image\" data-id=\"0c779d2\" data-element_type=\"widget\" data-widget_type=\"image.default\">\n\t\t\t\t<div class=\"elementor-widget-container\">\n\t\t\t<style>\/*! elementor - v3.16.0 - 20-09-2023 *\/\n.elementor-widget-image{text-align:center}.elementor-widget-image a{display:inline-block}.elementor-widget-image a img[src$=\".svg\"]{width:48px}.elementor-widget-image img{vertical-align:middle;display:inline-block}<\/style>\t\t\t\t\t\t\t\t\t\t\t\t<img decoding=\"async\" loading=\"lazy\" width=\"600\" height=\"705\" src=\"https:\/\/janhonig.com\/wp-content\/uploads\/2023\/11\/obchodni-podm_JPG.webp\" class=\"attachment-large size-large wp-image-471\" alt=\"\" srcset=\"https:\/\/janhonig.com\/wp-content\/uploads\/2023\/11\/obchodni-podm_JPG.webp 600w, https:\/\/janhonig.com\/wp-content\/uploads\/2023\/11\/obchodni-podm_JPG-255x300.webp 255w\" sizes=\"(max-width: 600px) 100vw, 600px\" \/>\t\t\t\t\t\t\t\t\t\t\t\t\t\t\t<\/div>\n\t\t\t\t<\/div>\n\t\t\t\t<div class=\"elementor-element elementor-element-003fc3d elementor-widget elementor-widget-image\" data-id=\"003fc3d\" data-element_type=\"widget\" data-widget_type=\"image.default\">\n\t\t\t\t<div class=\"elementor-widget-container\">\n\t\t\t\t\t\t\t\t\t\t\t\t\t\t\t<img decoding=\"async\" loading=\"lazy\" width=\"600\" height=\"361\" src=\"https:\/\/janhonig.com\/wp-content\/uploads\/2023\/11\/obchodni-podm2_JPG.webp\" class=\"attachment-large size-large wp-image-472\" alt=\"\" srcset=\"https:\/\/janhonig.com\/wp-content\/uploads\/2023\/11\/obchodni-podm2_JPG.webp 600w, https:\/\/janhonig.com\/wp-content\/uploads\/2023\/11\/obchodni-podm2_JPG-300x181.webp 300w\" sizes=\"(max-width: 600px) 100vw, 600px\" \/>\t\t\t\t\t\t\t\t\t\t\t\t\t\t\t<\/div>\n\t\t\t\t<\/div>\n\t\t\t\t<div class=\"elementor-element elementor-element-241a013 elementor-widget elementor-widget-text-editor\" data-id=\"241a013\" data-element_type=\"widget\" data-widget_type=\"text-editor.default\">\n\t\t\t\t<div class=\"elementor-widget-container\">\n\t\t\t\t\t\t\t<p class=\"font_8 wixui-rich-text__text\"><span class=\"wixui-rich-text__text\"><span class=\"color_11 wixui-rich-text__text\">Z\u00c1VAZNOU OBJEDN\u00c1VKOU A \u00daHRADOU POSKYTOVAN\u00ddCH SLU\u017dEB A KONZULTAC\u00cd U\u017dIVATEL\/Z\u00c1KAZN\u00cdK SOUHLAS\u00cd S T\u011aMITO OBCHODN\u00cdMI PODM\u00cdNKAMI, KTER\u00c9 JSOU TAK\u00c9 K P\u0158\u00cdPADN\u00c9MU NAHL\u00c9DNUT\u00cd P\u0158I OSOBN\u00cdM SETK\u00c1N\u00cd.<\/span><\/span><\/p><p class=\"font_8 wixui-rich-text__text\"><span class=\"wixui-rich-text__text\"><span class=\"color_11 wixui-rich-text__text\"><span class=\"wixGuard wixui-rich-text__text\">\u200b<\/span><\/span><\/span><\/p><p class=\"font_8 wixui-rich-text__text\"><span class=\"wixui-rich-text__text\"><span class=\"color_11 wixui-rich-text__text\">V OPAV\u011a DNE 20.07.2018\u00a0 &#8211; JAN HONIG<\/span><\/span><\/p>\t\t\t\t\t\t<\/div>\n\t\t\t\t<\/div>\n\t\t\t\t\t<\/div>\n\t\t\t\t<\/div>\n\t\t\t\t\t\t\t<\/div>\n\t\t","protected":false},"excerpt":{"rendered":"<p>CO D\u011aLAT V P\u0158\u00cdPAD\u011a Z\u00c1JMU O OBJEDN\u00c1N\u00cd TERM\u00cdNU KONZULTACE ? Pokud se chcete objednat na jakoukoliv z nab\u00edzen\u00fdch slu\u017eeb, a\u0165 na konzultaci osobn\u00ed \u010di telefonickou, u\u010di\u0148te tak pros\u00edm platbou za vybranou slu\u017ebu zde na webu skrze platebn\u00ed kartu, \u010di zavol\u00e1n\u00edm na m\u00e9 pracovn\u00ed \u010d\u00edslo +420 792 520 064 pro term\u00edn osobn\u00edho setk\u00e1n\u00ed.\u00a0Telefon V\u00e1m zvednu j\u00e1 [&hellip;]<\/p>\n","protected":false},"author":1,"featured_media":0,"parent":0,"menu_order":0,"comment_status":"closed","ping_status":"closed","template":"","meta":{"footnotes":""},"aioseo_notices":[],"_links":{"self":[{"href":"https:\/\/janhonig.com\/index.php\/wp-json\/wp\/v2\/pages\/468"}],"collection":[{"href":"https:\/\/janhonig.com\/index.php\/wp-json\/wp\/v2\/pages"}],"about":[{"href":"https:\/\/janhonig.com\/index.php\/wp-json\/wp\/v2\/types\/page"}],"author":[{"embeddable":true,"href":"https:\/\/janhonig.com\/index.php\/wp-json\/wp\/v2\/users\/1"}],"replies":[{"embeddable":true,"href":"https:\/\/janhonig.com\/index.php\/wp-json\/wp\/v2\/comments?post=468"}],"version-history":[{"count":5,"href":"https:\/\/janhonig.com\/index.php\/wp-json\/wp\/v2\/pages\/468\/revisions"}],"predecessor-version":[{"id":476,"href":"https:\/\/janhonig.com\/index.php\/wp-json\/wp\/v2\/pages\/468\/revisions\/476"}],"wp:attachment":[{"href":"https:\/\/janhonig.com\/index.php\/wp-json\/wp\/v2\/media?parent=468"}],"curies":[{"name":"wp","href":"https:\/\/api.w.org\/{rel}","templated":true}]}}