{"id":377,"date":"2023-10-17T17:03:00","date_gmt":"2023-10-17T15:03:00","guid":{"rendered":"https:\/\/janhonig.com\/?post_type=product&#038;p=377"},"modified":"2023-12-04T14:35:42","modified_gmt":"2023-12-04T13:35:42","slug":"vyklad-karet-90-minut","status":"publish","type":"product","link":"https:\/\/janhonig.com\/index.php\/produkt\/vyklad-karet-90-minut\/","title":{"rendered":"V\u00fdklad karet &#8211; 90 minut"},"content":{"rendered":"<p>Ka\u017ed\u00fd se v \u017eivot\u011b ocitne v situaci, se kterou si nev\u00ed rady, nebo se pot\u0159ebuje spr\u00e1vn\u011b rozhodnout a nen\u00ed si jist\u00fd jakou nejlep\u0161\u00ed cestu k dosa\u017een\u00ed sv\u00e9ho c\u00edle zvolit. M\u016f\u017eete se dostat do r\u016fzn\u00fdch probl\u00e9m\u016f s prac\u00ed, l\u00e1skou, pen\u011bzi, soudy a v\u0161\u00edm co n\u00e1m je osud schopn\u00fd v \u017eivot\u011b nachystat. Pokud hled\u00e1te odpov\u011bdi na sv\u00e9 ot\u00e1zky a chcete zn\u00e1t konkr\u00e9tn\u00ed, stru\u010dnou a v\u011bcnou odpov\u011b\u010f t\u00fdkaj\u00edc\u00ed se toho co V\u00e1s \u010dek\u00e1 a nemine, nev\u00e1hejte se na m\u011b obr\u00e1tit!<\/p>\n<p><span class=\"wixui-rich-text__text\">Karty vykl\u00e1d\u00e1m mnoho let a ro\u010dn\u011b m\u00e9 slu\u017eby vyu\u017eije v\u00edce ne\u017e 1 000 spokojen\u00fdch klient\u016f.<\/span>\u00a0Neh\u00e1d\u00e1m, netrefuji se, sd\u011bluji V\u00e1m v\u017edy p\u0159esn\u011b a v\u011bcn\u011b to co m\u00e1te v\u011bd\u011bt a to co mi karty sd\u011bl\u00ed. Porad\u00edm V\u00e1m a najdu cestu \u0159e\u0161en\u00ed Va\u0161ich probl\u00e9m\u016f a \u017eivotn\u00edch strast\u00ed. V\u017edy se sna\u017e\u00edm nahl\u00ed\u017eet na v\u011bci z v\u00edce \u00fahl\u016f a naj\u00edt to nejlep\u0161\u00ed \u0159e\u0161en\u00ed. Skrze m\u00e9 energetick\u00e9 napojen\u00ed na Vy\u0161\u0161\u00ed s\u00edly a kombinaci n\u011bkolika v\u011b\u0161teck\u00fdch a predik\u010dn\u00edch technik ode m\u011b dostanete v\u017edy ucelen\u00fd pohled na v\u011bc a radu, kter\u00e1 je k nezaplacen\u00ed.<\/p>\n<p>Tato 90 minutov\u00e1 ezoterick\u00e1 slu\u017eba v\u00e1m umo\u017en\u00ed nahl\u00e9dnout do hlubin va\u0161\u00ed du\u0161e a z\u00edskat cenn\u00e9 informace o va\u0161em \u017eivot\u011b, minulosti, p\u0159\u00edtomnosti a budoucnosti. Jsem zku\u0161en\u00fdm ezoterikem a intuitivn\u00edm poradcem a pomohu v\u00e1m rozlu\u0161tit symboly a zpr\u00e1vy, kter\u00e9 karty nesou.<\/p>\n<p>B\u011bhem t\u00e9to slu\u017eby si m\u016f\u017eete polo\u017eit ot\u00e1zky t\u00fdkaj\u00edc\u00ed se jak\u00fdchkoli aspekt\u016f sv\u00e9ho \u017eivota, a\u0165 u\u017e jde o l\u00e1sku, vztahy, kari\u00e9ru, finance nebo osobn\u00ed rozvoj. M\u00fdm c\u00edlem je vytvo\u0159it pro v\u00e1s individu\u00e1ln\u00ed a p\u0159esn\u00fd v\u00fdklad, kter\u00fd v\u00e1m pom\u016f\u017ee z\u00edskat hlub\u0161\u00ed vhled do va\u0161\u00ed situace a naj\u00edt jasn\u00e9 odpov\u011bdi na va\u0161e ot\u00e1zky.<\/p>\n<p>D\u00edky t\u00e9to kr\u00e1tk\u00e9 a efektivn\u00ed slu\u017eb\u011b m\u016f\u017eete z\u00edskat okam\u017eitou inspiraci a veden\u00ed, kter\u00e9 v\u00e1m pom\u016f\u017ee ud\u011blat informovan\u00e1 rozhodnut\u00ed a dos\u00e1hnout va\u0161ich c\u00edl\u016f. V\u011b\u0159\u00edm, \u017ee karty mi umo\u017en\u00ed poskytovat cenn\u00e9 rady a podn\u011bty pro zlep\u0161en\u00ed va\u0161eho \u017eivota.<\/p>\n<p>Nebu\u010fte zv\u011bdav\u00ed a obra\u0165te se na m\u011b pro v\u00fdklad karet, kter\u00fd v\u00e1m pom\u016f\u017ee rozsv\u00edtit cestu va\u0161\u00ed budoucnosti.<\/p>\n","protected":false},"excerpt":{"rendered":"<p>P\u0159esta\u0148te jednou pro v\u017edy \u017e\u00edt v nejistot\u011b, obav\u00e1ch a stresu z toho co bude \u010di nebude!<\/p>\n","protected":false},"featured_media":387,"comment_status":"open","ping_status":"closed","template":"","meta":[],"product_cat":[28],"product_tag":[],"aioseo_notices":[],"_links":{"self":[{"href":"https:\/\/janhonig.com\/index.php\/wp-json\/wp\/v2\/product\/377"}],"collection":[{"href":"https:\/\/janhonig.com\/index.php\/wp-json\/wp\/v2\/product"}],"about":[{"href":"https:\/\/janhonig.com\/index.php\/wp-json\/wp\/v2\/types\/product"}],"replies":[{"embeddable":true,"href":"https:\/\/janhonig.com\/index.php\/wp-json\/wp\/v2\/comments?post=377"}],"wp:featuredmedia":[{"embeddable":true,"href":"https:\/\/janhonig.com\/index.php\/wp-json\/wp\/v2\/media\/387"}],"wp:attachment":[{"href":"https:\/\/janhonig.com\/index.php\/wp-json\/wp\/v2\/media?parent=377"}],"wp:term":[{"taxonomy":"product_cat","embeddable":true,"href":"https:\/\/janhonig.com\/index.php\/wp-json\/wp\/v2\/product_cat?post=377"},{"taxonomy":"product_tag","embeddable":true,"href":"https:\/\/janhonig.com\/index.php\/wp-json\/wp\/v2\/product_tag?post=377"}],"curies":[{"name":"wp","href":"https:\/\/api.w.org\/{rel}","templated":true}]}}