{"id":383,"date":"2023-10-17T17:08:06","date_gmt":"2023-10-17T15:08:06","guid":{"rendered":"https:\/\/janhonig.com\/?post_type=product&#038;p=383"},"modified":"2023-12-04T14:29:05","modified_gmt":"2023-12-04T13:29:05","slug":"bachova-kvetova-terapie","status":"publish","type":"product","link":"https:\/\/janhonig.com\/index.php\/produkt\/bachova-kvetova-terapie\/","title":{"rendered":"Bachova kv\u011btov\u00e1 terapie"},"content":{"rendered":"<p class=\"font_8 wixui-rich-text__text\"><span class=\"wixui-rich-text__text\">Obsahuj\u00ed 38 kv\u011btov\u00fdch esenc\u00ed, co\u017e jsou esence p\u0159ipraven\u00e9 z nejedovat\u00fdch, plan\u011b rostouc\u00edch rostlin a strom\u016f. 39. esenc\u00ed je Krizov\u00e1 esence (Rescue Remedy), kter\u00e1 se skl\u00e1d\u00e1 z p\u011bti Bachov\u00fdch kv\u011btov\u00fdch esenc\u00ed.<\/span><\/p>\n<p class=\"font_8 wixui-rich-text__text\"><span class=\"wixui-rich-text__text\">Jsem certifikovan\u00fdm praktikem Bachovy kv\u011btov\u00e9 terapie BIEP LEVEL II.<\/span><span class=\"wixui-rich-text__text\">\u00a0Sestav\u00edm kv\u011btovou esenci na m\u00edru, kter\u00e1 V\u00e1m pom\u016f\u017ee s probl\u00e9my, kter\u00e9 \u0159e\u0161\u00edte. Pokud p\u0159ijdete osobn\u011b ihned si esenci odnesete, pokud se jedn\u00e1 o telefonickou konzultaci, bude V\u00e1m sm\u011bs zasl\u00e1na po\u0161tou na adresu.<\/span><\/p>\n<p>Tato terapie je zalo\u017eena na \u00fa\u017easn\u00e9m objevu doktora Edwarda Bacha, kter\u00fd rozpoznal, \u017ee kv\u011btiny maj\u00ed schopnost l\u00e9\u010dit na\u0161e emocion\u00e1ln\u00ed stavy a du\u0161evn\u00ed pohodu. Jsem zku\u0161en\u00fdm praktikem Bachovy kv\u011btov\u00e9 terapie a v\u011b\u0159\u00edm, \u017ee na\u0161e emocion\u00e1ln\u00ed stav je kl\u00ed\u010dem k na\u0161emu celkov\u00e9mu zdrav\u00ed.<\/p>\n<p>Bachova kv\u011btov\u00e1 terapie pracuje s kv\u011btinov\u00fdmi esencemi, kter\u00e9 jsou vytvo\u0159eny z kv\u011btin a rostlin. Tyto esence maj\u00ed schopnost harmonizovat a vyrovnat na\u0161e emoce, co\u017e vede k celkov\u00e9mu zlep\u0161en\u00ed na\u0161eho du\u0161evn\u00edho a fyzick\u00e9ho zdrav\u00ed. B\u011bhem terapie budu spolupracovat s v\u00e1mi na identifikaci emocion\u00e1ln\u00edch blok\u00e1d a nevyrovnanost\u00ed a p\u0159izp\u016fsob\u00edm esence tak, aby v\u00e1m pomohly dos\u00e1hnout emocion\u00e1ln\u00ed rovnov\u00e1hy.<\/p>\n<p>Tato terapie je vhodn\u00e1 pro ty, kte\u0159\u00ed hledaj\u00ed p\u0159\u00edrodn\u00ed a \u0161etrn\u00fd p\u0159\u00edstup k \u0159e\u0161en\u00ed emocion\u00e1ln\u00edch probl\u00e9m\u016f, stresu, \u00fazkosti, a depresi. Pom\u00e1h\u00e1m v\u00e1m objevit sv\u016fj vnit\u0159n\u00ed potenci\u00e1l pro uzdraven\u00ed a transformaci.<\/p>\n<p>P\u0159ijm\u011bte pozv\u00e1n\u00ed ke sv\u00e9mu vlastn\u00edmu vnit\u0159n\u00edmu r\u016fstu a objevte, jak Bachova kv\u011btov\u00e1 terapie m\u016f\u017ee p\u0159in\u00e9st harmonii do va\u0161eho \u017eivota.<\/p>\n","protected":false},"excerpt":{"rendered":"<p>Bachovy kv\u011btov\u00e9 esence p\u0159edstavuj\u00ed velice jednoduch\u00fd a p\u0159itom velice \u00fa\u010dinn\u00fd syst\u00e9m, kter\u00fd navrac\u00ed harmonii na\u0161im emoc\u00edm a t\u00edm tak\u00e9 na\u0161emu cel\u00e9mu byt\u00ed<\/p>\n","protected":false},"featured_media":397,"comment_status":"open","ping_status":"closed","template":"","meta":[],"product_cat":[33],"product_tag":[],"aioseo_notices":[],"_links":{"self":[{"href":"https:\/\/janhonig.com\/index.php\/wp-json\/wp\/v2\/product\/383"}],"collection":[{"href":"https:\/\/janhonig.com\/index.php\/wp-json\/wp\/v2\/product"}],"about":[{"href":"https:\/\/janhonig.com\/index.php\/wp-json\/wp\/v2\/types\/product"}],"replies":[{"embeddable":true,"href":"https:\/\/janhonig.com\/index.php\/wp-json\/wp\/v2\/comments?post=383"}],"wp:featuredmedia":[{"embeddable":true,"href":"https:\/\/janhonig.com\/index.php\/wp-json\/wp\/v2\/media\/397"}],"wp:attachment":[{"href":"https:\/\/janhonig.com\/index.php\/wp-json\/wp\/v2\/media?parent=383"}],"wp:term":[{"taxonomy":"product_cat","embeddable":true,"href":"https:\/\/janhonig.com\/index.php\/wp-json\/wp\/v2\/product_cat?post=383"},{"taxonomy":"product_tag","embeddable":true,"href":"https:\/\/janhonig.com\/index.php\/wp-json\/wp\/v2\/product_tag?post=383"}],"curies":[{"name":"wp","href":"https:\/\/api.w.org\/{rel}","templated":true}]}}