{"id":385,"date":"2023-10-17T17:08:50","date_gmt":"2023-10-17T15:08:50","guid":{"rendered":"https:\/\/janhonig.com\/?post_type=product&#038;p=385"},"modified":"2023-12-04T14:27:45","modified_gmt":"2023-12-04T13:27:45","slug":"osobni-amulet-na-zakazku","status":"publish","type":"product","link":"https:\/\/janhonig.com\/index.php\/produkt\/osobni-amulet-na-zakazku\/","title":{"rendered":"Osobn\u00ed amulet na zak\u00e1zku"},"content":{"rendered":"<p>Amulety jsou starod\u00e1vn\u00fdmi talismany, kter\u00e9 nesou s\u00edlu a ochranu. Tato slu\u017eba v\u00e1m d\u00e1v\u00e1 mo\u017enost vlastnit sv\u016fj vlastn\u00ed jedine\u010dn\u00fd amulet, vytvo\u0159en\u00fd speci\u00e1ln\u011b pro v\u00e1s. Jsem zru\u010dn\u00fdm tv\u016frcem amulet\u016f a pe\u010dliv\u011b pracuji na ka\u017ed\u00e9m detailu, aby v\u00e1\u0161 amulet byl p\u0159esn\u011b takov\u00fd, jak\u00fd si p\u0159ejete.<\/p>\n<p>Vytv\u00e1\u0159en\u00ed osobn\u00edho amuletu na zak\u00e1zku je proces, kter\u00fd zahrnuje konzultaci, b\u011bhem kter\u00e9 se dozv\u00edm o va\u0161ich pot\u0159eb\u00e1ch, c\u00edlech a energii. Na z\u00e1klad\u011b t\u00e9to konzultace budu navrhovat a vytv\u00e1\u0159et amulet, kter\u00fd bude reflektovat va\u0161i jedine\u010dnou osobnost a pot\u0159eby.<\/p>\n<p>V\u00e1\u0161 osobn\u00ed amulet m\u016f\u017ee b\u00fdt zam\u011b\u0159en na r\u016fzn\u00e9 aspekty va\u0161eho \u017eivota, jako je ochrana, l\u00e1ska, zdrav\u00ed, prosperita nebo duchovn\u00ed r\u016fst. M\u016f\u017ee obsahovat r\u016fzn\u00e9 magick\u00e9 symboly a krystaly, kter\u00e9 v\u00e1m pomohou dos\u00e1hnout va\u0161ich c\u00edl\u016f.<\/p>\n<p>Amulet, kter\u00fd vytvo\u0159\u00edm, v\u00e1m bude slou\u017eit jako ochrana a p\u0159ipom\u00ednka va\u0161ich c\u00edl\u016f. M\u00e1 s\u00edla a pozitivn\u00ed energie v\u00e1s bude prov\u00e1zet na va\u0161\u00ed cest\u011b \u017eivotem.<\/p>\n<p>P\u0159ijm\u011bte pozv\u00e1n\u00ed ke vlastnictv\u00ed osobn\u00edho amuletu na zak\u00e1zku a objevte, jak m\u016f\u017ee tento magick\u00fd talisman pos\u00edlit va\u0161i cestu.<\/p>\n","protected":false},"excerpt":{"rendered":"<p class=\"font_8 wixui-rich-text__text\">Ochrana\u00a0<span class=\"wixui-rich-text__text\">p\u0159ed magick\u00fdmi \u00fatoky nep\u0159ej\u00edc\u00edch osob, pomluvami, energetick\u00fdmi up\u00edry a p\u0159itahuje l\u00e1sku, \u0161t\u011bst\u00ed, a bohatstv\u00ed.\u00a0<\/span><span class=\"wixui-rich-text__text\">Amulet lze individu\u00e1ln\u011b zasv\u011btit z\u00e1m\u011bru, kter\u00e9ho chcete dos\u00e1hnout. Amuletem lze tak\u00e9 ochr\u00e1nit d\u011bti, d\u016fm, byt, auto nebo jin\u00fd majetek.\u00a0<\/span><span class=\"wixui-rich-text__text\">Cena za objedn\u00e1n\u00ed amuletu zahrnuje:<\/span><\/p>\n<ul>\n<li class=\"font_8 wixui-rich-text__text\"><span class=\"wixui-rich-text__text\">Samotn\u00fd amulet (po zasv\u011bcen\u00ed)<\/span><\/li>\n<li class=\"font_8 wixui-rich-text__text\"><span class=\"wixui-rich-text__text\">Speci\u00e1ln\u00ed magick\u00fd olej\u00a0<\/span><span class=\"wixui-rich-text__text\">(po zak\u00e1pnut\u00ed amulet \u201eaktivujete\u201c)<\/span><\/li>\n<li class=\"font_8 wixui-rich-text__text\"><span class=\"wixui-rich-text__text\">Stru\u010dn\u00fd manu\u00e1l a Po\u0161tovn\u00e9<\/span><\/li>\n<\/ul>\n","protected":false},"featured_media":401,"comment_status":"open","ping_status":"closed","template":"","meta":[],"product_cat":[35],"product_tag":[],"aioseo_notices":[],"_links":{"self":[{"href":"https:\/\/janhonig.com\/index.php\/wp-json\/wp\/v2\/product\/385"}],"collection":[{"href":"https:\/\/janhonig.com\/index.php\/wp-json\/wp\/v2\/product"}],"about":[{"href":"https:\/\/janhonig.com\/index.php\/wp-json\/wp\/v2\/types\/product"}],"replies":[{"embeddable":true,"href":"https:\/\/janhonig.com\/index.php\/wp-json\/wp\/v2\/comments?post=385"}],"wp:featuredmedia":[{"embeddable":true,"href":"https:\/\/janhonig.com\/index.php\/wp-json\/wp\/v2\/media\/401"}],"wp:attachment":[{"href":"https:\/\/janhonig.com\/index.php\/wp-json\/wp\/v2\/media?parent=385"}],"wp:term":[{"taxonomy":"product_cat","embeddable":true,"href":"https:\/\/janhonig.com\/index.php\/wp-json\/wp\/v2\/product_cat?post=385"},{"taxonomy":"product_tag","embeddable":true,"href":"https:\/\/janhonig.com\/index.php\/wp-json\/wp\/v2\/product_tag?post=385"}],"curies":[{"name":"wp","href":"https:\/\/api.w.org\/{rel}","templated":true}]}}