{"id":616,"date":"2023-12-04T14:22:54","date_gmt":"2023-12-04T13:22:54","guid":{"rendered":"https:\/\/janhonig.com\/?post_type=product&#038;p=616"},"modified":"2023-12-04T14:22:54","modified_gmt":"2023-12-04T13:22:54","slug":"terapie-eft-a-energo-psychologie","status":"publish","type":"product","link":"https:\/\/janhonig.com\/index.php\/produkt\/terapie-eft-a-energo-psychologie\/","title":{"rendered":"Terapie EFT a energo-psychologie"},"content":{"rendered":"<p>Co je to EFT? EFT, \u010dasto ozna\u010dovan\u00e9 jako psychologick\u00e1 akupunktura bez jehel, je alternativn\u00ed terapeutick\u00e1 metoda, kter\u00e1 kombinuje prvky kognitivn\u00ed terapie s manu\u00e1ln\u00ed stimulac\u00ed energetick\u00fdch bod\u016f na povrchu t\u011bla. Tato technika byla navr\u017eena s c\u00edlem uvolnit blok\u00e1dy v energetick\u00e9m syst\u00e9mu t\u011bla, kter\u00e9 jsou \u010dasto spojeny s negativn\u00edmi emocemi a stresov\u00fdmi stavy. Energetick\u00e1 psychologie se pak zab\u00fdv\u00e1 studiem a vyu\u017eit\u00edm t\u011blesn\u00fdch energetick\u00fdch syst\u00e9m\u016f pro \u00fa\u010dely l\u00e9\u010dby. Uzn\u00e1v\u00e1, \u017ee harmonick\u00fd tok \u017eivotn\u00ed energie je kl\u00ed\u010dem k fyzick\u00e9mu, emocion\u00e1ln\u00edmu a du\u0161evn\u00edmu zdrav\u00ed.<\/p>\n<p>&nbsp;<\/p>\n<p><strong>Benefity EFT a energetick\u00e9 psychologie:<\/strong><\/p>\n<ul>\n<li>Rychl\u00e9 a \u010dasto trval\u00e9 ulev\u011bn\u00ed od stresu, \u00fazkosti a strachu<\/li>\n<li>Zlep\u0161en\u00ed emo\u010dn\u00ed resilience a zvl\u00e1d\u00e1n\u00ed emocion\u00e1ln\u00edch v\u00fdzev<\/li>\n<li>Zm\u00edrn\u011bn\u00ed fyzick\u00e9 bolesti a chronick\u00fdch onemocn\u011bn\u00ed<\/li>\n<li>Podpora sebeuzdraven\u00ed t\u00edm, \u017ee se zam\u011b\u0159uje na p\u0159\u00ed\u010diny probl\u00e9m\u016f, nikoli jen na symptomy<\/li>\n<li>Zlep\u0161en\u00ed osobn\u00edch vztah\u016f a komunika\u010dn\u00edch dovednost\u00ed<\/li>\n<li>Zv\u00fd\u0161en\u00ed sebev\u011bdom\u00ed a sebe\u00facty<\/li>\n<li>Podpora celkov\u00e9ho pocitu pohody<\/li>\n<\/ul>\n","protected":false},"excerpt":{"rendered":"<p>Jako zku\u0161en\u00fd terapeut EFT (Emotional Freedom Techniques) a energetick\u00e9 psychologie bych v\u00e1m r\u00e1d p\u0159edstavil sv\u011bt, kde emocion\u00e1ln\u00ed rovnov\u00e1ha a du\u0161evn\u00ed klid nejsou jen vzd\u00e1len\u00fdmi c\u00edli, ale dosa\u017eitelnou realitou.<\/p>\n","protected":false},"featured_media":615,"comment_status":"open","ping_status":"closed","template":"","meta":[],"product_cat":[38],"product_tag":[],"aioseo_notices":[],"_links":{"self":[{"href":"https:\/\/janhonig.com\/index.php\/wp-json\/wp\/v2\/product\/616"}],"collection":[{"href":"https:\/\/janhonig.com\/index.php\/wp-json\/wp\/v2\/product"}],"about":[{"href":"https:\/\/janhonig.com\/index.php\/wp-json\/wp\/v2\/types\/product"}],"replies":[{"embeddable":true,"href":"https:\/\/janhonig.com\/index.php\/wp-json\/wp\/v2\/comments?post=616"}],"wp:featuredmedia":[{"embeddable":true,"href":"https:\/\/janhonig.com\/index.php\/wp-json\/wp\/v2\/media\/615"}],"wp:attachment":[{"href":"https:\/\/janhonig.com\/index.php\/wp-json\/wp\/v2\/media?parent=616"}],"wp:term":[{"taxonomy":"product_cat","embeddable":true,"href":"https:\/\/janhonig.com\/index.php\/wp-json\/wp\/v2\/product_cat?post=616"},{"taxonomy":"product_tag","embeddable":true,"href":"https:\/\/janhonig.com\/index.php\/wp-json\/wp\/v2\/product_tag?post=616"}],"curies":[{"name":"wp","href":"https:\/\/api.w.org\/{rel}","templated":true}]}}